{"id":4145,"date":"2024-03-21T16:55:47","date_gmt":"2024-03-21T08:55:47","guid":{"rendered":"https:\/\/sigmabed.com\/?post_type=product&#038;p=4145"},"modified":"2025-06-20T08:23:34","modified_gmt":"2025-06-20T00:23:34","slug":"b-841","status":"publish","type":"product","link":"https:\/\/sigmabed.com\/vi\/product\/b-841\/","title":{"rendered":"B-841 Gi\u01b0\u1eddng y t\u1ebf n\u0103m ch\u1ee9c n\u0103ng \u0111i\u1ec7n"},"content":{"rendered":"<div data-elementor-type=\"product-post\" data-elementor-id=\"4145\" class=\"elementor elementor-4145\">\n\t\t\t\t\t\t\t\t\t<section class=\"elementor-section elementor-top-section elementor-element elementor-element-14f6a347 elementor-section-boxed elementor-section-height-default elementor-section-height-default\" data-id=\"14f6a347\" data-element_type=\"section\">\n\t\t\t\t\t\t<div class=\"elementor-container elementor-column-gap-default\">\n\t\t\t\t\t<div class=\"elementor-column elementor-col-100 elementor-top-column elementor-element elementor-element-17d06bbe\" data-id=\"17d06bbe\" data-element_type=\"column\">\n\t\t\t<div class=\"elementor-widget-wrap elementor-element-populated\">\n\t\t\t\t\t\t\t\t<div class=\"elementor-element elementor-element-144652ae elementor-widget elementor-widget-text-editor\" data-id=\"144652ae\" data-element_type=\"widget\" data-widget_type=\"text-editor.default\">\n\t\t\t\t<div class=\"elementor-widget-container\">\n\t\t\t<style>\/*! elementor - v3.15.0 - 20-08-2023 *\/\n.elementor-widget-text-editor.elementor-drop-cap-view-stacked .elementor-drop-cap{background-color:#69727d;color:#fff}.elementor-widget-text-editor.elementor-drop-cap-view-framed .elementor-drop-cap{color:#69727d;border:3px solid;background-color:transparent}.elementor-widget-text-editor:not(.elementor-drop-cap-view-default) .elementor-drop-cap{margin-top:8px}.elementor-widget-text-editor:not(.elementor-drop-cap-view-default) .elementor-drop-cap-letter{width:1em;height:1em}.elementor-widget-text-editor .elementor-drop-cap{float:left;text-align:center;line-height:1;font-size:50px}.elementor-widget-text-editor .elementor-drop-cap-letter{display:inline-block}<\/style>\t\t\t\t<ul>\n<li>L\u1ef1a ch\u1ecdn m\u00f4-\u0111un linh ho\u1ea1t: ch\u1ecdn v\u00e0 k\u1ebft h\u1ee3p khi c\u1ea7n, nh\u1eadn d\u1ea1ng s\u1ed1 duy nh\u1ea5t, b\u1ea3o tr\u00ec \u0111\u01a1n gi\u1ea3n v\u00e0 d\u1ec5 d\u00e0ng.<\/li>\n<li>B\u1ea1n c\u00f3 th\u1ec3 ch\u1ecdn h\u00ecnh d\u1ea1ng v\u00e0 m\u00e0u s\u1eafc: nhi\u1ec1u lo\u1ea1i nh\u00e3n d\u00e1n \u0111\u1ea7u gi\u01b0\u1eddng v\u00e0 ch\u00e2n gi\u01b0\u1eddng, ch\u1ecdn phong c\u00e1ch c\u1ee7a ri\u00eang b\u1ea1n, b\u1ea5t c\u1ee9 \u0111i\u1ec1u g\u00ec b\u1ea1n mu\u1ed1n.<\/li>\n<li>Kh\u00f4ng c\u00f3 gi\u1edbi h\u1ea1n v\u1ec1 kh\u1ea3 n\u0103ng m\u1edf r\u1ed9ng c\u1ee7a gi\u01b0\u1eddng: v\u1edbi gi\u01b0\u1eddng m\u1edf r\u1ed9ng t\u00f9y ch\u1ecdn, b\u1ea1n c\u00f3 th\u1ec3 \u0111i\u1ec1u ch\u1ec9nh gi\u01b0\u1eddng cho d\u00f9 b\u1ea1n cao bao nhi\u00eau.<\/li>\n<li>Kh\u00f4ng gi\u1edbi h\u1ea1n nhi\u1ec1u t\u00ecnh hu\u1ed1ng: y t\u1ebf, \u0111i\u1ec1u d\u01b0\u1ee1ng, t\u1ea1i nh\u00e0, th\u00edch \u1ee9ng v\u1edbi m\u1ecdi t\u00ecnh hu\u1ed1ng, m\u1ed9t chi\u1ebfc gi\u01b0\u1eddng c\u00f3 nhi\u1ec1u m\u1ee5c \u0111\u00edch s\u1eed d\u1ee5ng.<\/li>\n<li>Ch\u1ee9ng nh\u1eadn y t\u1ebf \u0111\u01b0\u1ee3c \u0111\u1ea3m b\u1ea3o: tu\u00e2n th\u1ee7 c\u00e1c ti\u00eau chu\u1ea9n an to\u00e0n y t\u1ebf nh\u01b0 IEC-60601-1, IEC-60600-1-2, IEC-60601-2-52.<\/li>\n<\/ul>\n<p style=\"text-align: left;\"><img decoding=\"async\" class=\"alignleft wp-image-4690 size-medium\" src=\"https:\/\/sigmabed.com\/wp-content\/uploads\/2024\/03\/\u4e94\u5927\u529f\u80fd_\u5de5\u4f5c\u5340\u57df-1-300x277.jpg\" alt=\"\" width=\"300\" height=\"277\" srcset=\"https:\/\/sigmabed.com\/wp-content\/uploads\/2024\/03\/\u4e94\u5927\u529f\u80fd_\u5de5\u4f5c\u5340\u57df-1-300x277.jpg 300w, https:\/\/sigmabed.com\/wp-content\/uploads\/2024\/03\/\u4e94\u5927\u529f\u80fd_\u5de5\u4f5c\u5340\u57df-1-1024x945.jpg 1024w, https:\/\/sigmabed.com\/wp-content\/uploads\/2024\/03\/\u4e94\u5927\u529f\u80fd_\u5de5\u4f5c\u5340\u57df-1-768x709.jpg 768w, https:\/\/sigmabed.com\/wp-content\/uploads\/2024\/03\/\u4e94\u5927\u529f\u80fd_\u5de5\u4f5c\u5340\u57df-1-1536x1418.jpg 1536w, https:\/\/sigmabed.com\/wp-content\/uploads\/2024\/03\/\u4e94\u5927\u529f\u80fd_\u5de5\u4f5c\u5340\u57df-1-13x12.jpg 13w, https:\/\/sigmabed.com\/wp-content\/uploads\/2024\/03\/\u4e94\u5927\u529f\u80fd_\u5de5\u4f5c\u5340\u57df-1-400x369.jpg 400w, https:\/\/sigmabed.com\/wp-content\/uploads\/2024\/03\/\u4e94\u5927\u529f\u80fd_\u5de5\u4f5c\u5340\u57df-1.jpg 2002w\" sizes=\"(max-width: 300px) 100vw, 300px\" \/><\/p>\n<p>&nbsp;<span style=\"background-color: var( --e-global-color-8277e4c ); color: var( --e-global-color-text ); font-family: var( --e-global-typography-text-font-family ), Montserrat,NotoSansTC-Local,Sans-serif; font-style: inherit; font-weight: inherit; letter-spacing: var( --e-global-typography-text-letter-spacing );\">N\u0103m ch\u1ee9c n\u0103ng ch\u00ednh<\/span><\/p><p style=\"text-align: left;\">Cung c\u1ea5p c\u00e1c t\u00f9y ch\u1ecdn ho\u1ea1t \u0111\u1ed9ng linh ho\u1ea1t cho nh\u00e2n vi\u00ean y t\u1ebf, gi\u00fap \u0111i\u1ec1u ch\u1ec9nh theo nhu c\u1ea7u t\u1ea1i ch\u1ed7, \u0111\u1ed3ng th\u1eddi \u0111\u1ea3m b\u1ea3o b\u1ec7nh nh\u00e2n c\u1ea3m th\u1ea5y tho\u1ea3i m\u00e1i nh\u1ea5t tr\u00ean gi\u01b0\u1eddng. C\u00e1c ch\u1ee9c n\u0103ng cung c\u1ea5p bao g\u1ed3m: \u0111i\u1ec1u ch\u1ec9nh \u0111\u1ed9 cao l\u01b0ng, \u0111\u1ed9 cao ch\u00e2n, n\u00e2ng h\u1ea1 to\u00e0n b\u1ed9 gi\u01b0\u1eddng, \u0111i\u1ec1u ch\u1ec9nh \u0111\u1ed3ng th\u1eddi l\u01b0ng v\u00e0 ch\u00e2n, v\u00e0 \u0111i\u1ec1u ch\u1ec9nh \u0111\u1ed9 nghi\u00eang c\u1ee7a gi\u01b0\u1eddng (Trendelenburg).<\/p>\n<p>&nbsp;<\/p>\n<p>&nbsp;<\/p>\n<p>&nbsp;<\/p>\n<p>&nbsp;<\/p>\t\t\t\t\t\t<\/div>\n\t\t\t\t<\/div>\n\t\t\t\t<section class=\"elementor-section elementor-inner-section elementor-element elementor-element-fa97dd6 elementor-section-boxed elementor-section-height-default elementor-section-height-default\" data-id=\"fa97dd6\" data-element_type=\"section\">\n\t\t\t\t\t\t<div class=\"elementor-container elementor-column-gap-default\">\n\t\t\t\t\t<div class=\"elementor-column elementor-col-100 elementor-inner-column elementor-element elementor-element-36044cf\" data-id=\"36044cf\" data-element_type=\"column\">\n\t\t\t<div class=\"elementor-widget-wrap elementor-element-populated\">\n\t\t\t\t\t\t\t\t<div class=\"elementor-element elementor-element-38a7487 elementor-widget__width-auto elementor-widget elementor-widget-button\" data-id=\"38a7487\" data-element_type=\"widget\" data-widget_type=\"button.default\">\n\t\t\t\t<div class=\"elementor-widget-container\">\n\t\t\t\t\t<div class=\"elementor-button-wrapper\">\n\t\t\t<a class=\"elementor-button elementor-button-link elementor-size-sm elementor-animation-float\" href=\"https:\/\/sigmabed.com\/vi\/catalog2\/\" target=\"_blank\">\n\t\t\t\t\t\t<span class=\"elementor-button-content-wrapper\">\n\t\t\t\t\t\t<span class=\"elementor-button-text\">Danh M\u1ee5c \u0110i\u1ec7n T\u1eed Trung Qu\u1ed1c<\/span>\n\t\t<\/span>\n\t\t\t\t\t<\/a>\n\t\t<\/div>\n\t\t\t\t<\/div>\n\t\t\t\t<\/div>\n\t\t\t\t<div class=\"elementor-element elementor-element-7693eab elementor-widget__width-initial elementor-widget elementor-widget-spacer\" data-id=\"7693eab\" data-element_type=\"widget\" data-widget_type=\"spacer.default\">\n\t\t\t\t<div class=\"elementor-widget-container\">\n\t\t\t<style>\/*! elementor - v3.15.0 - 20-08-2023 *\/\n.elementor-column .elementor-spacer-inner{height:var(--spacer-size)}.e-con{--container-widget-width:100%}.e-con-inner>.elementor-widget-spacer,.e-con>.elementor-widget-spacer{width:var(--container-widget-width,var(--spacer-size));--align-self:var(--container-widget-align-self,initial);--flex-shrink:0}.e-con-inner>.elementor-widget-spacer>.elementor-widget-container,.e-con-inner>.elementor-widget-spacer>.elementor-widget-container>.elementor-spacer,.e-con>.elementor-widget-spacer>.elementor-widget-container,.e-con>.elementor-widget-spacer>.elementor-widget-container>.elementor-spacer{height:100%}.e-con-inner>.elementor-widget-spacer>.elementor-widget-container>.elementor-spacer>.elementor-spacer-inner,.e-con>.elementor-widget-spacer>.elementor-widget-container>.elementor-spacer>.elementor-spacer-inner{height:var(--container-widget-height,var(--spacer-size))}<\/style>\t\t<div class=\"elementor-spacer\">\n\t\t\t<div class=\"elementor-spacer-inner\"><\/div>\n\t\t<\/div>\n\t\t\t\t<\/div>\n\t\t\t\t<\/div>\n\t\t\t\t<div class=\"elementor-element elementor-element-c45d3d5 elementor-widget__width-auto elementor-widget elementor-widget-button\" data-id=\"c45d3d5\" data-element_type=\"widget\" data-widget_type=\"button.default\">\n\t\t\t\t<div class=\"elementor-widget-container\">\n\t\t\t\t\t<div class=\"elementor-button-wrapper\">\n\t\t\t<a class=\"elementor-button elementor-button-link elementor-size-sm elementor-animation-float\" href=\"https:\/\/sigmabed.com\/vi\/catalog3\/\">\n\t\t\t\t\t\t<span class=\"elementor-button-content-wrapper\">\n\t\t\t\t\t\t<span class=\"elementor-button-text\">Danh M\u1ee5c \u0110i\u1ec7n T\u1eed Ti\u1ebfng Anh<\/span>\n\t\t<\/span>\n\t\t\t\t\t<\/a>\n\t\t<\/div>\n\t\t\t\t<\/div>\n\t\t\t\t<\/div>\n\t\t\t\t\t<\/div>\n\t\t<\/div>\n\t\t\t\t\t\t\t<\/div>\n\t\t<\/section>\n\t\t\t\t\t<\/div>\n\t\t<\/div>\n\t\t\t\t\t\t\t<\/div>\n\t\t<\/section>\n\t\t\t\t\t\t\t<\/div>","protected":false},"excerpt":{"rendered":"<p>B-841 gi\u01b0\u1eddng ch\u0103m s\u00f3c b\u1ed1n \u0111\u1ed9ng c\u01a1 l\u00e0 m\u1ed9t ki\u1ec3u gi\u01b0\u1eddng v\u1edbi b\u1ed1n b\u1ea3ng che b\u1ed1n \u0111\u1ed9ng c\u01a1, c\u00f3 n\u0103m ch\u1ee9c n\u0103ng ch\u00ednh: n\u00e2ng \u0111\u1ea7u, n\u00e2ng ch\u00e2n, n\u00e2ng c\u01a1 th\u1ec3, nghi\u00eang gi\u01b0\u1eddng v\u1ec1 ph\u00eda tr\u01b0\u1edbc v\u00e0 nghi\u00eang gi\u01b0\u1eddng v\u1ec1 ph\u00eda sau.<\/p>\n<p>R\u00e0o b\u1ea3o v\u1ec7 b\u1ed1n ph\u1ea7n ph\u00f9 h\u1ee3p v\u1edbi ti\u00eau chu\u1ea9n an to\u00e0n y t\u1ebf qu\u1ed1c t\u1ebf IEC-60601-2-52, thi\u1ebft k\u1ebf m\u1ed9t chi\u1ebfc gi\u01b0\u1eddng ch\u0103m s\u00f3c y t\u1ebf chuy\u00ean nghi\u1ec7p t\u00f9y ch\u1ec9nh d\u00e0nh ri\u00eang cho b\u1ea1n.<\/p>\n<p><a href=\"https:\/\/sigmabed.com\/vi\/vr-b-841\/\" target=\"_blank\" rel=\"noopener\"><strong>S\u1ea3n ph\u1ea9m VR 360 \u2192<\/strong><\/a><\/p>","protected":false},"featured_media":4032,"template":"","meta":{"site-sidebar-layout":"default","site-content-layout":"default","ast-global-header-display":"","ast-banner-title-visibility":"","ast-main-header-display":"","ast-hfb-above-header-display":"","ast-hfb-below-header-display":"","ast-hfb-mobile-header-display":"","site-post-title":"","ast-breadcrumbs-content":"","ast-featured-img":"","footer-sml-layout":"","theme-transparent-header-meta":"default","adv-header-id-meta":"","stick-header-meta":"","header-above-stick-meta":"","header-main-stick-meta":"","header-below-stick-meta":""},"product_cat":[252,35,241],"product_tag":[],"class_list":["post-4145","product","type-product","status-publish","has-post-thumbnail","hentry","product_cat-electric-icu-hospital-bed-b-841","product_cat-medical-bed","product_cat-electric-icu-hospital-bed","desktop-align-left","tablet-align-left","mobile-align-left"],"yoast_head":"<!-- This site is optimized with the Yoast SEO Premium plugin v25.3 (Yoast SEO v25.3) - https:\/\/yoast.com\/wordpress\/plugins\/seo\/ -->\n<title>B-841\u56db\u99ac\u9054\u96fb\u52d5\u8b77\u7406\u5e8a | SigmaCare<\/title>\n<meta name=\"description\" content=\"B-841\u56db\u99ac\u9054\u96fb\u52d5\u5e8a\u662f\u4e00\u6b3e\u63d0\u4f9b\u80cc\u90e8\u5347\u964d\u3001\u817f\u90e8\u5347\u964d\u3001\u5e8a\u9ad4\u5347\u964d\u53ca\u5e8a\u9ad4\u50be\u659c\u529f\u80fd\u7684\u96fb\u52d5\u8b77\u7406\u5e8a\uff0c\u7167\u8b77\u8005\u80fd\u5920\u900f\u904e\u64cd\u4f5c\u6416\u687f\u81ea\u7531\u8abf\u6574\u5404\u90e8\u4f4d\u5347\u964d\u7bc4\u570d\u3002\u5347\u964d\u65b9\u5f0f\uff1a\u63a1\u8b77\u6b04\u9762\u677f\u8abf\u6574\u5e8a\u9ad4\u5404\u90e8\u4f4d\u5347\u964d\u7bc4\u570d\uff0c\u5e8a\u982d\u5c3e\u677f\u958b\uff0c\u5177\u5b89\u5168\u9396\u6263\u4e4b\u62c6\u5f0f\u8a2d\u8a08\u4ee5\u78ba\u4fdd\u6025\u6551\u9032\u884c\u3002\u9632\u649e\u8b77\u588a\uff1a\u5e8a\u9ad4\u56db\u89d2\u6709\u9632\u649e\u8b77\u588a\uff0c\u5916\u578b\u5713\u6ed1\u5e73\u9806\" \/>\n<meta name=\"robots\" content=\"index, follow, max-snippet:-1, max-image-preview:large, max-video-preview:-1\" \/>\n<link rel=\"canonical\" href=\"https:\/\/sigmabed.com\/vi\/san-pham\/b-841\/\" \/>\n<meta property=\"og:locale\" content=\"vi_VN\" \/>\n<meta property=\"og:type\" content=\"article\" \/>\n<meta property=\"og:title\" content=\"B-841\u56db\u99ac\u9054\u96fb\u52d5\u8b77\u7406\u5e8a\" \/>\n<meta property=\"og:description\" content=\"B-841\u56db\u99ac\u9054\u96fb\u52d5\u5e8a\u662f\u4e00\u6b3e\u63d0\u4f9b\u80cc\u90e8\u5347\u964d\u3001\u817f\u90e8\u5347\u964d\u3001\u5e8a\u9ad4\u5347\u964d\u53ca\u5e8a\u9ad4\u50be\u659c\u529f\u80fd\u7684\u96fb\u52d5\u8b77\u7406\u5e8a\uff0c\u7167\u8b77\u8005\u80fd\u5920\u900f\u904e\u64cd\u4f5c\u6416\u687f\u81ea\u7531\u8abf\u6574\u5404\u90e8\u4f4d\u5347\u964d\u7bc4\u570d\u3002\u5347\u964d\u65b9\u5f0f\uff1a\u63a1\u8b77\u6b04\u9762\u677f\u8abf\u6574\u5e8a\u9ad4\u5404\u90e8\u4f4d\u5347\u964d\u7bc4\u570d\uff0c\u5e8a\u982d\u5c3e\u677f\u958b\uff0c\u5177\u5b89\u5168\u9396\u6263\u4e4b\u62c6\u5f0f\u8a2d\u8a08\u4ee5\u78ba\u4fdd\u6025\u6551\u9032\u884c\u3002\u9632\u649e\u8b77\u588a\uff1a\u5e8a\u9ad4\u56db\u89d2\u6709\u9632\u649e\u8b77\u588a\uff0c\u5916\u578b\u5713\u6ed1\u5e73\u9806\" \/>\n<meta property=\"og:url\" content=\"https:\/\/sigmabed.com\/vi\/san-pham\/b-841\/\" \/>\n<meta property=\"og:site_name\" content=\"SigmaCare\" \/>\n<meta property=\"article:modified_time\" content=\"2025-06-20T00:23:34+00:00\" \/>\n<meta property=\"og:image\" content=\"https:\/\/sigmabed.com\/wp-content\/uploads\/2024\/03\/B-841.png\" \/>\n\t<meta property=\"og:image:width\" content=\"1744\" \/>\n\t<meta property=\"og:image:height\" content=\"1450\" \/>\n\t<meta property=\"og:image:type\" content=\"image\/png\" \/>\n<meta name=\"twitter:card\" content=\"summary_large_image\" \/>\n<script type=\"application\/ld+json\" class=\"yoast-schema-graph\">{\"@context\":\"https:\/\/schema.org\",\"@graph\":[{\"@type\":\"WebPage\",\"@id\":\"https:\/\/sigmabed.com\/product\/b-841\/\",\"url\":\"https:\/\/sigmabed.com\/product\/b-841\/\",\"name\":\"B-841\u56db\u99ac\u9054\u96fb\u52d5\u8b77\u7406\u5e8a | SigmaCare\",\"isPartOf\":{\"@id\":\"https:\/\/sigmabed.com\/#website\"},\"primaryImageOfPage\":{\"@id\":\"https:\/\/sigmabed.com\/product\/b-841\/#primaryimage\"},\"image\":{\"@id\":\"https:\/\/sigmabed.com\/product\/b-841\/#primaryimage\"},\"thumbnailUrl\":\"https:\/\/sigmabed.com\/wp-content\/uploads\/2024\/03\/B-841.png\",\"datePublished\":\"2024-03-21T08:55:47+00:00\",\"dateModified\":\"2025-06-20T00:23:34+00:00\",\"description\":\"B-841\u56db\u99ac\u9054\u96fb\u52d5\u5e8a\u662f\u4e00\u6b3e\u63d0\u4f9b\u80cc\u90e8\u5347\u964d\u3001\u817f\u90e8\u5347\u964d\u3001\u5e8a\u9ad4\u5347\u964d\u53ca\u5e8a\u9ad4\u50be\u659c\u529f\u80fd\u7684\u96fb\u52d5\u8b77\u7406\u5e8a\uff0c\u7167\u8b77\u8005\u80fd\u5920\u900f\u904e\u64cd\u4f5c\u6416\u687f\u81ea\u7531\u8abf\u6574\u5404\u90e8\u4f4d\u5347\u964d\u7bc4\u570d\u3002\u5347\u964d\u65b9\u5f0f\uff1a\u63a1\u8b77\u6b04\u9762\u677f\u8abf\u6574\u5e8a\u9ad4\u5404\u90e8\u4f4d\u5347\u964d\u7bc4\u570d\uff0c\u5e8a\u982d\u5c3e\u677f\u958b\uff0c\u5177\u5b89\u5168\u9396\u6263\u4e4b\u62c6\u5f0f\u8a2d\u8a08\u4ee5\u78ba\u4fdd\u6025\u6551\u9032\u884c\u3002\u9632\u649e\u8b77\u588a\uff1a\u5e8a\u9ad4\u56db\u89d2\u6709\u9632\u649e\u8b77\u588a\uff0c\u5916\u578b\u5713\u6ed1\u5e73\u9806\",\"breadcrumb\":{\"@id\":\"https:\/\/sigmabed.com\/product\/b-841\/#breadcrumb\"},\"inLanguage\":\"vi\",\"potentialAction\":[{\"@type\":\"ReadAction\",\"target\":[\"https:\/\/sigmabed.com\/product\/b-841\/\"]}]},{\"@type\":\"ImageObject\",\"inLanguage\":\"vi\",\"@id\":\"https:\/\/sigmabed.com\/product\/b-841\/#primaryimage\",\"url\":\"https:\/\/sigmabed.com\/wp-content\/uploads\/2024\/03\/B-841.png\",\"contentUrl\":\"https:\/\/sigmabed.com\/wp-content\/uploads\/2024\/03\/B-841.png\",\"width\":1744,\"height\":1450},{\"@type\":\"BreadcrumbList\",\"@id\":\"https:\/\/sigmabed.com\/product\/b-841\/#breadcrumb\",\"itemListElement\":[{\"@type\":\"ListItem\",\"position\":1,\"name\":\"\u9996\u9801\",\"item\":\"https:\/\/sigmabed.com\/\"},{\"@type\":\"ListItem\",\"position\":2,\"name\":\"\u5546\u54c1\",\"item\":\"https:\/\/sigmabed.com\/product-or\/\"},{\"@type\":\"ListItem\",\"position\":3,\"name\":\"B-841\u56db\u99ac\u9054\u96fb\u52d5\u8b77\u7406\u5e8a\"}]},{\"@type\":\"WebSite\",\"@id\":\"https:\/\/sigmabed.com\/#website\",\"url\":\"https:\/\/sigmabed.com\/\",\"name\":\"SigmaCare\",\"description\":\"\u91ab\u7642\u5e8a\u5c08\u5bb6\",\"publisher\":{\"@id\":\"https:\/\/sigmabed.com\/#organization\"},\"potentialAction\":[{\"@type\":\"SearchAction\",\"target\":{\"@type\":\"EntryPoint\",\"urlTemplate\":\"https:\/\/sigmabed.com\/?s={search_term_string}\"},\"query-input\":{\"@type\":\"PropertyValueSpecification\",\"valueRequired\":true,\"valueName\":\"search_term_string\"}}],\"inLanguage\":\"vi\"},{\"@type\":\"Organization\",\"@id\":\"https:\/\/sigmabed.com\/#organization\",\"name\":\"\u4e9e\u8b77\u958b\u767c\u80a1\u4efd\u6709\u9650\u516c\u53f8\",\"alternateName\":\"SigmaCare\",\"url\":\"https:\/\/sigmabed.com\/\",\"logo\":{\"@type\":\"ImageObject\",\"inLanguage\":\"vi\",\"@id\":\"https:\/\/sigmabed.com\/#\/schema\/logo\/image\/\",\"url\":\"https:\/\/sigmabed.com\/wp-content\/uploads\/2023\/07\/cropped-Sigma-Care-icon.png\",\"contentUrl\":\"https:\/\/sigmabed.com\/wp-content\/uploads\/2023\/07\/cropped-Sigma-Care-icon.png\",\"width\":512,\"height\":512,\"caption\":\"\u4e9e\u8b77\u958b\u767c\u80a1\u4efd\u6709\u9650\u516c\u53f8\"},\"image\":{\"@id\":\"https:\/\/sigmabed.com\/#\/schema\/logo\/image\/\"}}]}<\/script>\n<!-- \/ Yoast SEO Premium plugin. -->","yoast_head_json":{"title":"B-841\u56db\u99ac\u9054\u96fb\u52d5\u8b77\u7406\u5e8a | SigmaCare","description":"B-841\u56db\u99ac\u9054\u96fb\u52d5\u5e8a\u662f\u4e00\u6b3e\u63d0\u4f9b\u80cc\u90e8\u5347\u964d\u3001\u817f\u90e8\u5347\u964d\u3001\u5e8a\u9ad4\u5347\u964d\u53ca\u5e8a\u9ad4\u50be\u659c\u529f\u80fd\u7684\u96fb\u52d5\u8b77\u7406\u5e8a\uff0c\u7167\u8b77\u8005\u80fd\u5920\u900f\u904e\u64cd\u4f5c\u6416\u687f\u81ea\u7531\u8abf\u6574\u5404\u90e8\u4f4d\u5347\u964d\u7bc4\u570d\u3002\u5347\u964d\u65b9\u5f0f\uff1a\u63a1\u8b77\u6b04\u9762\u677f\u8abf\u6574\u5e8a\u9ad4\u5404\u90e8\u4f4d\u5347\u964d\u7bc4\u570d\uff0c\u5e8a\u982d\u5c3e\u677f\u958b\uff0c\u5177\u5b89\u5168\u9396\u6263\u4e4b\u62c6\u5f0f\u8a2d\u8a08\u4ee5\u78ba\u4fdd\u6025\u6551\u9032\u884c\u3002\u9632\u649e\u8b77\u588a\uff1a\u5e8a\u9ad4\u56db\u89d2\u6709\u9632\u649e\u8b77\u588a\uff0c\u5916\u578b\u5713\u6ed1\u5e73\u9806","robots":{"index":"index","follow":"follow","max-snippet":"max-snippet:-1","max-image-preview":"max-image-preview:large","max-video-preview":"max-video-preview:-1"},"canonical":"https:\/\/sigmabed.com\/vi\/san-pham\/b-841\/","og_locale":"vi_VN","og_type":"article","og_title":"B-841\u56db\u99ac\u9054\u96fb\u52d5\u8b77\u7406\u5e8a","og_description":"B-841\u56db\u99ac\u9054\u96fb\u52d5\u5e8a\u662f\u4e00\u6b3e\u63d0\u4f9b\u80cc\u90e8\u5347\u964d\u3001\u817f\u90e8\u5347\u964d\u3001\u5e8a\u9ad4\u5347\u964d\u53ca\u5e8a\u9ad4\u50be\u659c\u529f\u80fd\u7684\u96fb\u52d5\u8b77\u7406\u5e8a\uff0c\u7167\u8b77\u8005\u80fd\u5920\u900f\u904e\u64cd\u4f5c\u6416\u687f\u81ea\u7531\u8abf\u6574\u5404\u90e8\u4f4d\u5347\u964d\u7bc4\u570d\u3002\u5347\u964d\u65b9\u5f0f\uff1a\u63a1\u8b77\u6b04\u9762\u677f\u8abf\u6574\u5e8a\u9ad4\u5404\u90e8\u4f4d\u5347\u964d\u7bc4\u570d\uff0c\u5e8a\u982d\u5c3e\u677f\u958b\uff0c\u5177\u5b89\u5168\u9396\u6263\u4e4b\u62c6\u5f0f\u8a2d\u8a08\u4ee5\u78ba\u4fdd\u6025\u6551\u9032\u884c\u3002\u9632\u649e\u8b77\u588a\uff1a\u5e8a\u9ad4\u56db\u89d2\u6709\u9632\u649e\u8b77\u588a\uff0c\u5916\u578b\u5713\u6ed1\u5e73\u9806","og_url":"https:\/\/sigmabed.com\/vi\/san-pham\/b-841\/","og_site_name":"SigmaCare","article_modified_time":"2025-06-20T00:23:34+00:00","og_image":[{"width":1744,"height":1450,"url":"https:\/\/sigmabed.com\/wp-content\/uploads\/2024\/03\/B-841.png","type":"image\/png"}],"twitter_card":"summary_large_image","schema":{"@context":"https:\/\/schema.org","@graph":[{"@type":"WebPage","@id":"https:\/\/sigmabed.com\/product\/b-841\/","url":"https:\/\/sigmabed.com\/product\/b-841\/","name":"B-841\u56db\u99ac\u9054\u96fb\u52d5\u8b77\u7406\u5e8a | SigmaCare","isPartOf":{"@id":"https:\/\/sigmabed.com\/#website"},"primaryImageOfPage":{"@id":"https:\/\/sigmabed.com\/product\/b-841\/#primaryimage"},"image":{"@id":"https:\/\/sigmabed.com\/product\/b-841\/#primaryimage"},"thumbnailUrl":"https:\/\/sigmabed.com\/wp-content\/uploads\/2024\/03\/B-841.png","datePublished":"2024-03-21T08:55:47+00:00","dateModified":"2025-06-20T00:23:34+00:00","description":"B-841\u56db\u99ac\u9054\u96fb\u52d5\u5e8a\u662f\u4e00\u6b3e\u63d0\u4f9b\u80cc\u90e8\u5347\u964d\u3001\u817f\u90e8\u5347\u964d\u3001\u5e8a\u9ad4\u5347\u964d\u53ca\u5e8a\u9ad4\u50be\u659c\u529f\u80fd\u7684\u96fb\u52d5\u8b77\u7406\u5e8a\uff0c\u7167\u8b77\u8005\u80fd\u5920\u900f\u904e\u64cd\u4f5c\u6416\u687f\u81ea\u7531\u8abf\u6574\u5404\u90e8\u4f4d\u5347\u964d\u7bc4\u570d\u3002\u5347\u964d\u65b9\u5f0f\uff1a\u63a1\u8b77\u6b04\u9762\u677f\u8abf\u6574\u5e8a\u9ad4\u5404\u90e8\u4f4d\u5347\u964d\u7bc4\u570d\uff0c\u5e8a\u982d\u5c3e\u677f\u958b\uff0c\u5177\u5b89\u5168\u9396\u6263\u4e4b\u62c6\u5f0f\u8a2d\u8a08\u4ee5\u78ba\u4fdd\u6025\u6551\u9032\u884c\u3002\u9632\u649e\u8b77\u588a\uff1a\u5e8a\u9ad4\u56db\u89d2\u6709\u9632\u649e\u8b77\u588a\uff0c\u5916\u578b\u5713\u6ed1\u5e73\u9806","breadcrumb":{"@id":"https:\/\/sigmabed.com\/product\/b-841\/#breadcrumb"},"inLanguage":"vi","potentialAction":[{"@type":"ReadAction","target":["https:\/\/sigmabed.com\/product\/b-841\/"]}]},{"@type":"ImageObject","inLanguage":"vi","@id":"https:\/\/sigmabed.com\/product\/b-841\/#primaryimage","url":"https:\/\/sigmabed.com\/wp-content\/uploads\/2024\/03\/B-841.png","contentUrl":"https:\/\/sigmabed.com\/wp-content\/uploads\/2024\/03\/B-841.png","width":1744,"height":1450},{"@type":"BreadcrumbList","@id":"https:\/\/sigmabed.com\/product\/b-841\/#breadcrumb","itemListElement":[{"@type":"ListItem","position":1,"name":"\u9996\u9801","item":"https:\/\/sigmabed.com\/"},{"@type":"ListItem","position":2,"name":"\u5546\u54c1","item":"https:\/\/sigmabed.com\/product-or\/"},{"@type":"ListItem","position":3,"name":"B-841\u56db\u99ac\u9054\u96fb\u52d5\u8b77\u7406\u5e8a"}]},{"@type":"WebSite","@id":"https:\/\/sigmabed.com\/#website","url":"https:\/\/sigmabed.com\/","name":"SigmaCare","description":"\u91ab\u7642\u5e8a\u5c08\u5bb6","publisher":{"@id":"https:\/\/sigmabed.com\/#organization"},"potentialAction":[{"@type":"SearchAction","target":{"@type":"EntryPoint","urlTemplate":"https:\/\/sigmabed.com\/?s={search_term_string}"},"query-input":{"@type":"PropertyValueSpecification","valueRequired":true,"valueName":"search_term_string"}}],"inLanguage":"vi"},{"@type":"Organization","@id":"https:\/\/sigmabed.com\/#organization","name":"\u4e9e\u8b77\u958b\u767c\u80a1\u4efd\u6709\u9650\u516c\u53f8","alternateName":"SigmaCare","url":"https:\/\/sigmabed.com\/","logo":{"@type":"ImageObject","inLanguage":"vi","@id":"https:\/\/sigmabed.com\/#\/schema\/logo\/image\/","url":"https:\/\/sigmabed.com\/wp-content\/uploads\/2023\/07\/cropped-Sigma-Care-icon.png","contentUrl":"https:\/\/sigmabed.com\/wp-content\/uploads\/2023\/07\/cropped-Sigma-Care-icon.png","width":512,"height":512,"caption":"\u4e9e\u8b77\u958b\u767c\u80a1\u4efd\u6709\u9650\u516c\u53f8"},"image":{"@id":"https:\/\/sigmabed.com\/#\/schema\/logo\/image\/"}}]}},"_links":{"self":[{"href":"https:\/\/sigmabed.com\/vi\/wp-json\/wp\/v2\/product\/4145","targetHints":{"allow":["GET"]}}],"collection":[{"href":"https:\/\/sigmabed.com\/vi\/wp-json\/wp\/v2\/product"}],"about":[{"href":"https:\/\/sigmabed.com\/vi\/wp-json\/wp\/v2\/types\/product"}],"version-history":[{"count":1,"href":"https:\/\/sigmabed.com\/vi\/wp-json\/wp\/v2\/product\/4145\/revisions"}],"predecessor-version":[{"id":5715,"href":"https:\/\/sigmabed.com\/vi\/wp-json\/wp\/v2\/product\/4145\/revisions\/5715"}],"wp:featuredmedia":[{"embeddable":true,"href":"https:\/\/sigmabed.com\/vi\/wp-json\/wp\/v2\/media\/4032"}],"wp:attachment":[{"href":"https:\/\/sigmabed.com\/vi\/wp-json\/wp\/v2\/media?parent=4145"}],"wp:term":[{"taxonomy":"product_cat","embeddable":true,"href":"https:\/\/sigmabed.com\/vi\/wp-json\/wp\/v2\/product_cat?post=4145"},{"taxonomy":"product_tag","embeddable":true,"href":"https:\/\/sigmabed.com\/vi\/wp-json\/wp\/v2\/product_tag?post=4145"}],"curies":[{"name":"wp","href":"https:\/\/api.w.org\/{rel}","templated":true}]}}