{"id":3443,"date":"2023-10-20T13:48:22","date_gmt":"2023-10-20T05:48:22","guid":{"rendered":"https:\/\/sigmabed.spacecraft.com.tw\/?post_type=product&#038;p=3443"},"modified":"2023-10-20T13:48:23","modified_gmt":"2023-10-20T05:48:23","slug":"%e9%9a%94%e6%9d%bf%e7%b5%84%e8%a8%ad%e8%a8%886%e5%90%8b%e9%ab%98","status":"publish","type":"product","link":"https:\/\/sigmabed.com\/vi\/product\/%e9%9a%94%e6%9d%bf%e7%b5%84%e8%a8%ad%e8%a8%886%e5%90%8b%e9%ab%98\/","title":{"rendered":"Thi\u1ebft k\u1ebf b\u1ed9 ph\u00e2n v\u00f9ng (cao 6 inch)"},"content":{"rendered":"<p>M\u00f4 t\u1ea3 S\u1ea3n ph\u1ea9m<\/p>\n<p>C\u00e1c b\u1ed9 v\u00e1ch ng\u0103n kh\u00e1c nhau c\u00f3 th\u1ec3 \u0111\u01b0\u1ee3c \u0111\u1eb7t trong ng\u0103n k\u00e9o v\u1edbi chi\u1ec1u cao t\u00f9y ch\u1ecdn l\u00e0 3 inch v\u00e0 6 inch, vi\u1ec7c s\u1eed d\u1ee5ng c\u00e1c v\u00e1ch ng\u0103n c\u00f3 th\u1ec3 gi\u00fap ph\u00e2n lo\u1ea1i thu\u1ed1c m\u1ed9t c\u00e1ch thu\u1eadn ti\u1ec7n v\u00e0 n\u00e2ng cao hi\u1ec7u qu\u1ea3 c\u00f4ng vi\u1ec7c.<\/p>","protected":false},"excerpt":{"rendered":"<p>M\u00f4 t\u1ea3 S\u1ea3n ph\u1ea9m C\u00e1c b\u1ed9 v\u00e1ch ng\u0103n kh\u00e1c nhau c\u00f3 th\u1ec3 \u0111\u01b0\u1ee3c \u0111\u1eb7t trong ng\u0103n k\u00e9o, v\u1edbi chi\u1ec1u cao t\u00f9y ch\u1ecdn l\u00e0 3 inch v\u00e0 6 inch, vi\u1ec7c s\u1eed d\u1ee5ng v\u00e1ch ng\u0103n c\u00f3 th\u1ec3 gi\u00fap ph\u00e2n lo\u1ea1i thu\u1ed1c m\u1ed9t c\u00e1ch thu\u1eadn ti\u1ec7n v\u00e0 n\u00e2ng cao hi\u1ec7u qu\u1ea3 c\u00f4ng vi\u1ec7c.<\/p>","protected":false},"featured_media":3371,"template":"","meta":{"site-sidebar-layout":"default","site-content-layout":"default","ast-global-header-display":"","ast-banner-title-visibility":"","ast-main-header-display":"","ast-hfb-above-header-display":"","ast-hfb-below-header-display":"","ast-hfb-mobile-header-display":"","site-post-title":"","ast-breadcrumbs-content":"","ast-featured-img":"","footer-sml-layout":"","theme-transparent-header-meta":"default","adv-header-id-meta":"","stick-header-meta":"","header-above-stick-meta":"","header-main-stick-meta":"","header-below-stick-meta":""},"product_cat":[223],"product_tag":[],"class_list":["post-3443","product","type-product","status-publish","has-post-thumbnail","hentry","product_cat-223","desktop-align-left","tablet-align-left","mobile-align-left"],"yoast_head":"<!-- This site is optimized with the Yoast SEO Premium plugin v25.3 (Yoast SEO v25.3) - https:\/\/yoast.com\/wordpress\/plugins\/seo\/ -->\n<title>\u9694\u677f\u7d44\u8a2d\u8a08(6\u540b\u9ad8) | SigmaCare<\/title>\n<meta name=\"robots\" content=\"index, follow, max-snippet:-1, max-image-preview:large, max-video-preview:-1\" \/>\n<link rel=\"canonical\" href=\"https:\/\/sigmabed.com\/vi\/san-pham\/\u9694\u677f\u7d44\u8a2d\u8a086\u540b\u9ad8\/\" \/>\n<meta property=\"og:locale\" content=\"vi_VN\" \/>\n<meta property=\"og:type\" content=\"article\" \/>\n<meta property=\"og:title\" content=\"\u9694\u677f\u7d44\u8a2d\u8a08(6\u540b\u9ad8)\" \/>\n<meta property=\"og:description\" content=\"\u7522\u54c1\u8aaa\u660e \u62bd\u5c5c\u5167\u53ef\u653e\u4e0d\u540c\u7684\u9694\u677f\u7d44\uff0c\u6709\u9ad8\u5ea63\u540b\u548c6\u540b\u7684\u9078\u64c7\uff0c\u9694\u677f\u7684\u904b\u7528\u53ef\u65b9\u4fbf\u5e6b\u52a9\u85e5\u7269\u7684\u5206\u985e\u63d0\u5347\u5de5\u4f5c\u6548\u7387\u3002\" \/>\n<meta property=\"og:url\" content=\"https:\/\/sigmabed.com\/vi\/san-pham\/\u9694\u677f\u7d44\u8a2d\u8a086\u540b\u9ad8\/\" \/>\n<meta property=\"og:site_name\" content=\"SigmaCare\" \/>\n<meta property=\"article:modified_time\" content=\"2023-10-20T05:48:23+00:00\" \/>\n<meta property=\"og:image\" content=\"https:\/\/sigmabed.com\/wp-content\/uploads\/2023\/10\/\u9694\u677f\u7d44\u8a2d\u8a086\u540b\u9ad8.png\" \/>\n\t<meta property=\"og:image:width\" content=\"800\" \/>\n\t<meta property=\"og:image:height\" content=\"800\" \/>\n\t<meta property=\"og:image:type\" content=\"image\/png\" \/>\n<meta name=\"twitter:card\" content=\"summary_large_image\" \/>\n<script type=\"application\/ld+json\" class=\"yoast-schema-graph\">{\"@context\":\"https:\/\/schema.org\",\"@graph\":[{\"@type\":\"WebPage\",\"@id\":\"https:\/\/sigmabed.com\/product\/%e9%9a%94%e6%9d%bf%e7%b5%84%e8%a8%ad%e8%a8%886%e5%90%8b%e9%ab%98\/\",\"url\":\"https:\/\/sigmabed.com\/product\/%e9%9a%94%e6%9d%bf%e7%b5%84%e8%a8%ad%e8%a8%886%e5%90%8b%e9%ab%98\/\",\"name\":\"\u9694\u677f\u7d44\u8a2d\u8a08(6\u540b\u9ad8) | SigmaCare\",\"isPartOf\":{\"@id\":\"https:\/\/sigmabed.com\/#website\"},\"primaryImageOfPage\":{\"@id\":\"https:\/\/sigmabed.com\/product\/%e9%9a%94%e6%9d%bf%e7%b5%84%e8%a8%ad%e8%a8%886%e5%90%8b%e9%ab%98\/#primaryimage\"},\"image\":{\"@id\":\"https:\/\/sigmabed.com\/product\/%e9%9a%94%e6%9d%bf%e7%b5%84%e8%a8%ad%e8%a8%886%e5%90%8b%e9%ab%98\/#primaryimage\"},\"thumbnailUrl\":\"https:\/\/sigmabed.com\/wp-content\/uploads\/2023\/10\/\u9694\u677f\u7d44\u8a2d\u8a086\u540b\u9ad8.png\",\"datePublished\":\"2023-10-20T05:48:22+00:00\",\"dateModified\":\"2023-10-20T05:48:23+00:00\",\"breadcrumb\":{\"@id\":\"https:\/\/sigmabed.com\/product\/%e9%9a%94%e6%9d%bf%e7%b5%84%e8%a8%ad%e8%a8%886%e5%90%8b%e9%ab%98\/#breadcrumb\"},\"inLanguage\":\"vi\",\"potentialAction\":[{\"@type\":\"ReadAction\",\"target\":[\"https:\/\/sigmabed.com\/product\/%e9%9a%94%e6%9d%bf%e7%b5%84%e8%a8%ad%e8%a8%886%e5%90%8b%e9%ab%98\/\"]}]},{\"@type\":\"ImageObject\",\"inLanguage\":\"vi\",\"@id\":\"https:\/\/sigmabed.com\/product\/%e9%9a%94%e6%9d%bf%e7%b5%84%e8%a8%ad%e8%a8%886%e5%90%8b%e9%ab%98\/#primaryimage\",\"url\":\"https:\/\/sigmabed.com\/wp-content\/uploads\/2023\/10\/\u9694\u677f\u7d44\u8a2d\u8a086\u540b\u9ad8.png\",\"contentUrl\":\"https:\/\/sigmabed.com\/wp-content\/uploads\/2023\/10\/\u9694\u677f\u7d44\u8a2d\u8a086\u540b\u9ad8.png\",\"width\":800,\"height\":800},{\"@type\":\"BreadcrumbList\",\"@id\":\"https:\/\/sigmabed.com\/product\/%e9%9a%94%e6%9d%bf%e7%b5%84%e8%a8%ad%e8%a8%886%e5%90%8b%e9%ab%98\/#breadcrumb\",\"itemListElement\":[{\"@type\":\"ListItem\",\"position\":1,\"name\":\"\u9996\u9801\",\"item\":\"https:\/\/sigmabed.com\/\"},{\"@type\":\"ListItem\",\"position\":2,\"name\":\"\u5546\u54c1\",\"item\":\"https:\/\/sigmabed.com\/product-or\/\"},{\"@type\":\"ListItem\",\"position\":3,\"name\":\"\u9694\u677f\u7d44\u8a2d\u8a08(6\u540b\u9ad8)\"}]},{\"@type\":\"WebSite\",\"@id\":\"https:\/\/sigmabed.com\/#website\",\"url\":\"https:\/\/sigmabed.com\/\",\"name\":\"SigmaCare\",\"description\":\"\u91ab\u7642\u5e8a\u5c08\u5bb6\",\"publisher\":{\"@id\":\"https:\/\/sigmabed.com\/#organization\"},\"potentialAction\":[{\"@type\":\"SearchAction\",\"target\":{\"@type\":\"EntryPoint\",\"urlTemplate\":\"https:\/\/sigmabed.com\/?s={search_term_string}\"},\"query-input\":{\"@type\":\"PropertyValueSpecification\",\"valueRequired\":true,\"valueName\":\"search_term_string\"}}],\"inLanguage\":\"vi\"},{\"@type\":\"Organization\",\"@id\":\"https:\/\/sigmabed.com\/#organization\",\"name\":\"\u4e9e\u8b77\u958b\u767c\u80a1\u4efd\u6709\u9650\u516c\u53f8\",\"alternateName\":\"SigmaCare\",\"url\":\"https:\/\/sigmabed.com\/\",\"logo\":{\"@type\":\"ImageObject\",\"inLanguage\":\"vi\",\"@id\":\"https:\/\/sigmabed.com\/#\/schema\/logo\/image\/\",\"url\":\"https:\/\/sigmabed.com\/wp-content\/uploads\/2023\/07\/cropped-Sigma-Care-icon.png\",\"contentUrl\":\"https:\/\/sigmabed.com\/wp-content\/uploads\/2023\/07\/cropped-Sigma-Care-icon.png\",\"width\":512,\"height\":512,\"caption\":\"\u4e9e\u8b77\u958b\u767c\u80a1\u4efd\u6709\u9650\u516c\u53f8\"},\"image\":{\"@id\":\"https:\/\/sigmabed.com\/#\/schema\/logo\/image\/\"}}]}<\/script>\n<!-- \/ Yoast SEO Premium plugin. -->","yoast_head_json":{"title":"\u9694\u677f\u7d44\u8a2d\u8a08(6\u540b\u9ad8) | SigmaCare","robots":{"index":"index","follow":"follow","max-snippet":"max-snippet:-1","max-image-preview":"max-image-preview:large","max-video-preview":"max-video-preview:-1"},"canonical":"https:\/\/sigmabed.com\/vi\/san-pham\/\u9694\u677f\u7d44\u8a2d\u8a086\u540b\u9ad8\/","og_locale":"vi_VN","og_type":"article","og_title":"\u9694\u677f\u7d44\u8a2d\u8a08(6\u540b\u9ad8)","og_description":"\u7522\u54c1\u8aaa\u660e \u62bd\u5c5c\u5167\u53ef\u653e\u4e0d\u540c\u7684\u9694\u677f\u7d44\uff0c\u6709\u9ad8\u5ea63\u540b\u548c6\u540b\u7684\u9078\u64c7\uff0c\u9694\u677f\u7684\u904b\u7528\u53ef\u65b9\u4fbf\u5e6b\u52a9\u85e5\u7269\u7684\u5206\u985e\u63d0\u5347\u5de5\u4f5c\u6548\u7387\u3002","og_url":"https:\/\/sigmabed.com\/vi\/san-pham\/\u9694\u677f\u7d44\u8a2d\u8a086\u540b\u9ad8\/","og_site_name":"SigmaCare","article_modified_time":"2023-10-20T05:48:23+00:00","og_image":[{"width":800,"height":800,"url":"https:\/\/sigmabed.com\/wp-content\/uploads\/2023\/10\/\u9694\u677f\u7d44\u8a2d\u8a086\u540b\u9ad8.png","type":"image\/png"}],"twitter_card":"summary_large_image","schema":{"@context":"https:\/\/schema.org","@graph":[{"@type":"WebPage","@id":"https:\/\/sigmabed.com\/product\/%e9%9a%94%e6%9d%bf%e7%b5%84%e8%a8%ad%e8%a8%886%e5%90%8b%e9%ab%98\/","url":"https:\/\/sigmabed.com\/product\/%e9%9a%94%e6%9d%bf%e7%b5%84%e8%a8%ad%e8%a8%886%e5%90%8b%e9%ab%98\/","name":"\u9694\u677f\u7d44\u8a2d\u8a08(6\u540b\u9ad8) | SigmaCare","isPartOf":{"@id":"https:\/\/sigmabed.com\/#website"},"primaryImageOfPage":{"@id":"https:\/\/sigmabed.com\/product\/%e9%9a%94%e6%9d%bf%e7%b5%84%e8%a8%ad%e8%a8%886%e5%90%8b%e9%ab%98\/#primaryimage"},"image":{"@id":"https:\/\/sigmabed.com\/product\/%e9%9a%94%e6%9d%bf%e7%b5%84%e8%a8%ad%e8%a8%886%e5%90%8b%e9%ab%98\/#primaryimage"},"thumbnailUrl":"https:\/\/sigmabed.com\/wp-content\/uploads\/2023\/10\/\u9694\u677f\u7d44\u8a2d\u8a086\u540b\u9ad8.png","datePublished":"2023-10-20T05:48:22+00:00","dateModified":"2023-10-20T05:48:23+00:00","breadcrumb":{"@id":"https:\/\/sigmabed.com\/product\/%e9%9a%94%e6%9d%bf%e7%b5%84%e8%a8%ad%e8%a8%886%e5%90%8b%e9%ab%98\/#breadcrumb"},"inLanguage":"vi","potentialAction":[{"@type":"ReadAction","target":["https:\/\/sigmabed.com\/product\/%e9%9a%94%e6%9d%bf%e7%b5%84%e8%a8%ad%e8%a8%886%e5%90%8b%e9%ab%98\/"]}]},{"@type":"ImageObject","inLanguage":"vi","@id":"https:\/\/sigmabed.com\/product\/%e9%9a%94%e6%9d%bf%e7%b5%84%e8%a8%ad%e8%a8%886%e5%90%8b%e9%ab%98\/#primaryimage","url":"https:\/\/sigmabed.com\/wp-content\/uploads\/2023\/10\/\u9694\u677f\u7d44\u8a2d\u8a086\u540b\u9ad8.png","contentUrl":"https:\/\/sigmabed.com\/wp-content\/uploads\/2023\/10\/\u9694\u677f\u7d44\u8a2d\u8a086\u540b\u9ad8.png","width":800,"height":800},{"@type":"BreadcrumbList","@id":"https:\/\/sigmabed.com\/product\/%e9%9a%94%e6%9d%bf%e7%b5%84%e8%a8%ad%e8%a8%886%e5%90%8b%e9%ab%98\/#breadcrumb","itemListElement":[{"@type":"ListItem","position":1,"name":"\u9996\u9801","item":"https:\/\/sigmabed.com\/"},{"@type":"ListItem","position":2,"name":"\u5546\u54c1","item":"https:\/\/sigmabed.com\/product-or\/"},{"@type":"ListItem","position":3,"name":"\u9694\u677f\u7d44\u8a2d\u8a08(6\u540b\u9ad8)"}]},{"@type":"WebSite","@id":"https:\/\/sigmabed.com\/#website","url":"https:\/\/sigmabed.com\/","name":"SigmaCare","description":"\u91ab\u7642\u5e8a\u5c08\u5bb6","publisher":{"@id":"https:\/\/sigmabed.com\/#organization"},"potentialAction":[{"@type":"SearchAction","target":{"@type":"EntryPoint","urlTemplate":"https:\/\/sigmabed.com\/?s={search_term_string}"},"query-input":{"@type":"PropertyValueSpecification","valueRequired":true,"valueName":"search_term_string"}}],"inLanguage":"vi"},{"@type":"Organization","@id":"https:\/\/sigmabed.com\/#organization","name":"\u4e9e\u8b77\u958b\u767c\u80a1\u4efd\u6709\u9650\u516c\u53f8","alternateName":"SigmaCare","url":"https:\/\/sigmabed.com\/","logo":{"@type":"ImageObject","inLanguage":"vi","@id":"https:\/\/sigmabed.com\/#\/schema\/logo\/image\/","url":"https:\/\/sigmabed.com\/wp-content\/uploads\/2023\/07\/cropped-Sigma-Care-icon.png","contentUrl":"https:\/\/sigmabed.com\/wp-content\/uploads\/2023\/07\/cropped-Sigma-Care-icon.png","width":512,"height":512,"caption":"\u4e9e\u8b77\u958b\u767c\u80a1\u4efd\u6709\u9650\u516c\u53f8"},"image":{"@id":"https:\/\/sigmabed.com\/#\/schema\/logo\/image\/"}}]}},"_links":{"self":[{"href":"https:\/\/sigmabed.com\/vi\/wp-json\/wp\/v2\/product\/3443","targetHints":{"allow":["GET"]}}],"collection":[{"href":"https:\/\/sigmabed.com\/vi\/wp-json\/wp\/v2\/product"}],"about":[{"href":"https:\/\/sigmabed.com\/vi\/wp-json\/wp\/v2\/types\/product"}],"version-history":[{"count":0,"href":"https:\/\/sigmabed.com\/vi\/wp-json\/wp\/v2\/product\/3443\/revisions"}],"wp:featuredmedia":[{"embeddable":true,"href":"https:\/\/sigmabed.com\/vi\/wp-json\/wp\/v2\/media\/3371"}],"wp:attachment":[{"href":"https:\/\/sigmabed.com\/vi\/wp-json\/wp\/v2\/media?parent=3443"}],"wp:term":[{"taxonomy":"product_cat","embeddable":true,"href":"https:\/\/sigmabed.com\/vi\/wp-json\/wp\/v2\/product_cat?post=3443"},{"taxonomy":"product_tag","embeddable":true,"href":"https:\/\/sigmabed.com\/vi\/wp-json\/wp\/v2\/product_tag?post=3443"}],"curies":[{"name":"wp","href":"https:\/\/api.w.org\/{rel}","templated":true}]}}