{"id":3246,"date":"2023-10-18T11:56:22","date_gmt":"2023-10-18T03:56:22","guid":{"rendered":"https:\/\/sigmabed.spacecraft.com.tw\/?post_type=product&#038;p=3246"},"modified":"2023-10-19T13:22:14","modified_gmt":"2023-10-19T05:22:14","slug":"bp-100%e5%85%92%e7%ab%a5%e7%97%85%e5%ba%8a","status":"publish","type":"product","link":"https:\/\/sigmabed.com\/vi\/product\/bp-100%e5%85%92%e7%ab%a5%e7%97%85%e5%ba%8a\/","title":{"rendered":"Gi\u01b0\u1eddng ch\u0103m s\u00f3c tr\u1ebb em BP-100"},"content":{"rendered":"<p>K\u00edch th\u01b0\u1edbc ngo\u1ea1i h\u00ecnh: L1600xW820mm<br \/>\nK\u00edch th\u01b0\u1edbc gi\u01b0\u1eddng: L1520xW720mm<br \/>\n\u0110i\u1ec1u ch\u1ec9nh chi\u1ec1u cao: H650 \u2013 1300mm<br \/>\nB\u1ec1 m\u1eb7t b\u1ea3ng \u0111i\u1ec1u khi\u1ec3n: lo\u1ea1i hai ph\u1ea7n<br \/>\nM\u1eb7t sau: 0 \u2013 80 \u0111\u1ed9<br \/>\nB\u00e1nh xe gi\u01b0\u1eddng: \u00d8125 mm<br \/>\nV\u1eadt li\u1ec7u:<br \/>\nS\u01a1n t\u0129nh \u0111i\u1ec7n<br \/>\nTh\u00e9p kh\u00f4ng g\u1ec9 #304 (t\u00f9y ch\u1ecdn)<\/p>\n<p>Ph\u1ee5 ki\u1ec7n:<br \/>\nN\u1ec7m: N\u1ec7m x\u1ed1p m\u1eadt \u0111\u1ed9 cao 2 inch<br \/>\n\u0110\u1ebf nh\u1ecf gi\u1ecdt b\u1eb1ng k\u00ednh thi\u00ean v\u0103n x 1<\/p>","protected":false},"excerpt":{"rendered":"<p>\u5916\u89c0\u5c3a\u5bf8\uff1aL1600xW820mm \u5e8a\u9762\u5c3a\u5bf8\uff1aL1520xW720mm \u9ad8\u5ea6\u8abf\u6574\uff1aH650 &#8211; 1 &hellip;<\/p>\n<p class=\"read-more\"> <a class=\"\" href=\"https:\/\/sigmabed.com\/vi\/product\/bp-100%e5%85%92%e7%ab%a5%e7%97%85%e5%ba%8a\/\"> <span class=\"screen-reader-text\">Gi\u01b0\u1eddng ch\u0103m s\u00f3c tr\u1ebb em BP-100<\/span> \u0110\u1ecdc th\u00eam &quot;<\/a><\/p>","protected":false},"featured_media":3247,"template":"","meta":{"site-sidebar-layout":"default","site-content-layout":"default","ast-global-header-display":"","ast-banner-title-visibility":"","ast-main-header-display":"","ast-hfb-above-header-display":"","ast-hfb-below-header-display":"","ast-hfb-mobile-header-display":"","site-post-title":"","ast-breadcrumbs-content":"","ast-featured-img":"","footer-sml-layout":"","theme-transparent-header-meta":"default","adv-header-id-meta":"","stick-header-meta":"","header-above-stick-meta":"","header-main-stick-meta":"","header-below-stick-meta":""},"product_cat":[218],"product_tag":[],"class_list":["post-3246","product","type-product","status-publish","has-post-thumbnail","hentry","product_cat-218","desktop-align-left","tablet-align-left","mobile-align-left"],"yoast_head":"<!-- This site is optimized with the Yoast SEO Premium plugin v25.3 (Yoast SEO v25.3) - https:\/\/yoast.com\/wordpress\/plugins\/seo\/ -->\n<title>BP-100\u5152\u7ae5\u8b77\u7406\u5e8a | SigmaCare<\/title>\n<meta name=\"robots\" content=\"index, follow, max-snippet:-1, max-image-preview:large, max-video-preview:-1\" \/>\n<link rel=\"canonical\" href=\"https:\/\/sigmabed.com\/vi\/san-pham\/bp-100\u5152\u7ae5\u75c5\u5e8a\/\" \/>\n<meta property=\"og:locale\" content=\"vi_VN\" \/>\n<meta property=\"og:type\" content=\"article\" \/>\n<meta property=\"og:title\" content=\"BP-100\u5152\u7ae5\u8b77\u7406\u5e8a\" \/>\n<meta property=\"og:description\" content=\"\u5916\u89c0\u5c3a\u5bf8\uff1aL1600xW820mm \u5e8a\u9762\u5c3a\u5bf8\uff1aL1520xW720mm \u9ad8\u5ea6\u8abf\u6574\uff1aH650 &#8211; 1 &hellip; BP-100\u5152\u7ae5\u8b77\u7406\u5e8a Read More &raquo;\" \/>\n<meta property=\"og:url\" content=\"https:\/\/sigmabed.com\/vi\/san-pham\/bp-100\u5152\u7ae5\u75c5\u5e8a\/\" \/>\n<meta property=\"og:site_name\" content=\"SigmaCare\" \/>\n<meta property=\"article:modified_time\" content=\"2023-10-19T05:22:14+00:00\" \/>\n<meta property=\"og:image\" content=\"https:\/\/sigmabed.com\/wp-content\/uploads\/2023\/10\/BP-100-\u7070\u62f7\u8c9d-scaled.jpg\" \/>\n\t<meta property=\"og:image:width\" content=\"1742\" \/>\n\t<meta property=\"og:image:height\" content=\"2048\" \/>\n\t<meta property=\"og:image:type\" content=\"image\/jpeg\" \/>\n<meta name=\"twitter:card\" content=\"summary_large_image\" \/>\n<meta name=\"twitter:label1\" content=\"\u01af\u1edbc t\u00ednh th\u1eddi gian \u0111\u1ecdc\" \/>\n\t<meta name=\"twitter:data1\" content=\"1 ph\u00fat\" \/>\n<script type=\"application\/ld+json\" class=\"yoast-schema-graph\">{\"@context\":\"https:\/\/schema.org\",\"@graph\":[{\"@type\":\"WebPage\",\"@id\":\"https:\/\/sigmabed.com\/product\/bp-100%e5%85%92%e7%ab%a5%e7%97%85%e5%ba%8a\/\",\"url\":\"https:\/\/sigmabed.com\/product\/bp-100%e5%85%92%e7%ab%a5%e7%97%85%e5%ba%8a\/\",\"name\":\"BP-100\u5152\u7ae5\u8b77\u7406\u5e8a | SigmaCare\",\"isPartOf\":{\"@id\":\"https:\/\/sigmabed.com\/#website\"},\"primaryImageOfPage\":{\"@id\":\"https:\/\/sigmabed.com\/product\/bp-100%e5%85%92%e7%ab%a5%e7%97%85%e5%ba%8a\/#primaryimage\"},\"image\":{\"@id\":\"https:\/\/sigmabed.com\/product\/bp-100%e5%85%92%e7%ab%a5%e7%97%85%e5%ba%8a\/#primaryimage\"},\"thumbnailUrl\":\"https:\/\/sigmabed.com\/wp-content\/uploads\/2023\/10\/BP-100-\u7070\u62f7\u8c9d-scaled.jpg\",\"datePublished\":\"2023-10-18T03:56:22+00:00\",\"dateModified\":\"2023-10-19T05:22:14+00:00\",\"breadcrumb\":{\"@id\":\"https:\/\/sigmabed.com\/product\/bp-100%e5%85%92%e7%ab%a5%e7%97%85%e5%ba%8a\/#breadcrumb\"},\"inLanguage\":\"vi\",\"potentialAction\":[{\"@type\":\"ReadAction\",\"target\":[\"https:\/\/sigmabed.com\/product\/bp-100%e5%85%92%e7%ab%a5%e7%97%85%e5%ba%8a\/\"]}]},{\"@type\":\"ImageObject\",\"inLanguage\":\"vi\",\"@id\":\"https:\/\/sigmabed.com\/product\/bp-100%e5%85%92%e7%ab%a5%e7%97%85%e5%ba%8a\/#primaryimage\",\"url\":\"https:\/\/sigmabed.com\/wp-content\/uploads\/2023\/10\/BP-100-\u7070\u62f7\u8c9d-scaled.jpg\",\"contentUrl\":\"https:\/\/sigmabed.com\/wp-content\/uploads\/2023\/10\/BP-100-\u7070\u62f7\u8c9d-scaled.jpg\",\"width\":1742,\"height\":2048},{\"@type\":\"BreadcrumbList\",\"@id\":\"https:\/\/sigmabed.com\/product\/bp-100%e5%85%92%e7%ab%a5%e7%97%85%e5%ba%8a\/#breadcrumb\",\"itemListElement\":[{\"@type\":\"ListItem\",\"position\":1,\"name\":\"\u9996\u9801\",\"item\":\"https:\/\/sigmabed.com\/\"},{\"@type\":\"ListItem\",\"position\":2,\"name\":\"\u5546\u54c1\",\"item\":\"https:\/\/sigmabed.com\/product-or\/\"},{\"@type\":\"ListItem\",\"position\":3,\"name\":\"BP-100\u5152\u7ae5\u8b77\u7406\u5e8a\"}]},{\"@type\":\"WebSite\",\"@id\":\"https:\/\/sigmabed.com\/#website\",\"url\":\"https:\/\/sigmabed.com\/\",\"name\":\"SigmaCare\",\"description\":\"\u91ab\u7642\u5e8a\u5c08\u5bb6\",\"publisher\":{\"@id\":\"https:\/\/sigmabed.com\/#organization\"},\"potentialAction\":[{\"@type\":\"SearchAction\",\"target\":{\"@type\":\"EntryPoint\",\"urlTemplate\":\"https:\/\/sigmabed.com\/?s={search_term_string}\"},\"query-input\":{\"@type\":\"PropertyValueSpecification\",\"valueRequired\":true,\"valueName\":\"search_term_string\"}}],\"inLanguage\":\"vi\"},{\"@type\":\"Organization\",\"@id\":\"https:\/\/sigmabed.com\/#organization\",\"name\":\"\u4e9e\u8b77\u958b\u767c\u80a1\u4efd\u6709\u9650\u516c\u53f8\",\"alternateName\":\"SigmaCare\",\"url\":\"https:\/\/sigmabed.com\/\",\"logo\":{\"@type\":\"ImageObject\",\"inLanguage\":\"vi\",\"@id\":\"https:\/\/sigmabed.com\/#\/schema\/logo\/image\/\",\"url\":\"https:\/\/sigmabed.com\/wp-content\/uploads\/2023\/07\/cropped-Sigma-Care-icon.png\",\"contentUrl\":\"https:\/\/sigmabed.com\/wp-content\/uploads\/2023\/07\/cropped-Sigma-Care-icon.png\",\"width\":512,\"height\":512,\"caption\":\"\u4e9e\u8b77\u958b\u767c\u80a1\u4efd\u6709\u9650\u516c\u53f8\"},\"image\":{\"@id\":\"https:\/\/sigmabed.com\/#\/schema\/logo\/image\/\"}}]}<\/script>\n<!-- \/ Yoast SEO Premium plugin. -->","yoast_head_json":{"title":"BP-100\u5152\u7ae5\u8b77\u7406\u5e8a | SigmaCare","robots":{"index":"index","follow":"follow","max-snippet":"max-snippet:-1","max-image-preview":"max-image-preview:large","max-video-preview":"max-video-preview:-1"},"canonical":"https:\/\/sigmabed.com\/vi\/san-pham\/bp-100\u5152\u7ae5\u75c5\u5e8a\/","og_locale":"vi_VN","og_type":"article","og_title":"BP-100\u5152\u7ae5\u8b77\u7406\u5e8a","og_description":"\u5916\u89c0\u5c3a\u5bf8\uff1aL1600xW820mm \u5e8a\u9762\u5c3a\u5bf8\uff1aL1520xW720mm \u9ad8\u5ea6\u8abf\u6574\uff1aH650 &#8211; 1 &hellip; BP-100\u5152\u7ae5\u8b77\u7406\u5e8a Read More &raquo;","og_url":"https:\/\/sigmabed.com\/vi\/san-pham\/bp-100\u5152\u7ae5\u75c5\u5e8a\/","og_site_name":"SigmaCare","article_modified_time":"2023-10-19T05:22:14+00:00","og_image":[{"width":1742,"height":2048,"url":"https:\/\/sigmabed.com\/wp-content\/uploads\/2023\/10\/BP-100-\u7070\u62f7\u8c9d-scaled.jpg","type":"image\/jpeg"}],"twitter_card":"summary_large_image","twitter_misc":{"\u01af\u1edbc t\u00ednh th\u1eddi gian \u0111\u1ecdc":"1 ph\u00fat"},"schema":{"@context":"https:\/\/schema.org","@graph":[{"@type":"WebPage","@id":"https:\/\/sigmabed.com\/product\/bp-100%e5%85%92%e7%ab%a5%e7%97%85%e5%ba%8a\/","url":"https:\/\/sigmabed.com\/product\/bp-100%e5%85%92%e7%ab%a5%e7%97%85%e5%ba%8a\/","name":"BP-100\u5152\u7ae5\u8b77\u7406\u5e8a | SigmaCare","isPartOf":{"@id":"https:\/\/sigmabed.com\/#website"},"primaryImageOfPage":{"@id":"https:\/\/sigmabed.com\/product\/bp-100%e5%85%92%e7%ab%a5%e7%97%85%e5%ba%8a\/#primaryimage"},"image":{"@id":"https:\/\/sigmabed.com\/product\/bp-100%e5%85%92%e7%ab%a5%e7%97%85%e5%ba%8a\/#primaryimage"},"thumbnailUrl":"https:\/\/sigmabed.com\/wp-content\/uploads\/2023\/10\/BP-100-\u7070\u62f7\u8c9d-scaled.jpg","datePublished":"2023-10-18T03:56:22+00:00","dateModified":"2023-10-19T05:22:14+00:00","breadcrumb":{"@id":"https:\/\/sigmabed.com\/product\/bp-100%e5%85%92%e7%ab%a5%e7%97%85%e5%ba%8a\/#breadcrumb"},"inLanguage":"vi","potentialAction":[{"@type":"ReadAction","target":["https:\/\/sigmabed.com\/product\/bp-100%e5%85%92%e7%ab%a5%e7%97%85%e5%ba%8a\/"]}]},{"@type":"ImageObject","inLanguage":"vi","@id":"https:\/\/sigmabed.com\/product\/bp-100%e5%85%92%e7%ab%a5%e7%97%85%e5%ba%8a\/#primaryimage","url":"https:\/\/sigmabed.com\/wp-content\/uploads\/2023\/10\/BP-100-\u7070\u62f7\u8c9d-scaled.jpg","contentUrl":"https:\/\/sigmabed.com\/wp-content\/uploads\/2023\/10\/BP-100-\u7070\u62f7\u8c9d-scaled.jpg","width":1742,"height":2048},{"@type":"BreadcrumbList","@id":"https:\/\/sigmabed.com\/product\/bp-100%e5%85%92%e7%ab%a5%e7%97%85%e5%ba%8a\/#breadcrumb","itemListElement":[{"@type":"ListItem","position":1,"name":"\u9996\u9801","item":"https:\/\/sigmabed.com\/"},{"@type":"ListItem","position":2,"name":"\u5546\u54c1","item":"https:\/\/sigmabed.com\/product-or\/"},{"@type":"ListItem","position":3,"name":"BP-100\u5152\u7ae5\u8b77\u7406\u5e8a"}]},{"@type":"WebSite","@id":"https:\/\/sigmabed.com\/#website","url":"https:\/\/sigmabed.com\/","name":"SigmaCare","description":"\u91ab\u7642\u5e8a\u5c08\u5bb6","publisher":{"@id":"https:\/\/sigmabed.com\/#organization"},"potentialAction":[{"@type":"SearchAction","target":{"@type":"EntryPoint","urlTemplate":"https:\/\/sigmabed.com\/?s={search_term_string}"},"query-input":{"@type":"PropertyValueSpecification","valueRequired":true,"valueName":"search_term_string"}}],"inLanguage":"vi"},{"@type":"Organization","@id":"https:\/\/sigmabed.com\/#organization","name":"\u4e9e\u8b77\u958b\u767c\u80a1\u4efd\u6709\u9650\u516c\u53f8","alternateName":"SigmaCare","url":"https:\/\/sigmabed.com\/","logo":{"@type":"ImageObject","inLanguage":"vi","@id":"https:\/\/sigmabed.com\/#\/schema\/logo\/image\/","url":"https:\/\/sigmabed.com\/wp-content\/uploads\/2023\/07\/cropped-Sigma-Care-icon.png","contentUrl":"https:\/\/sigmabed.com\/wp-content\/uploads\/2023\/07\/cropped-Sigma-Care-icon.png","width":512,"height":512,"caption":"\u4e9e\u8b77\u958b\u767c\u80a1\u4efd\u6709\u9650\u516c\u53f8"},"image":{"@id":"https:\/\/sigmabed.com\/#\/schema\/logo\/image\/"}}]}},"_links":{"self":[{"href":"https:\/\/sigmabed.com\/vi\/wp-json\/wp\/v2\/product\/3246","targetHints":{"allow":["GET"]}}],"collection":[{"href":"https:\/\/sigmabed.com\/vi\/wp-json\/wp\/v2\/product"}],"about":[{"href":"https:\/\/sigmabed.com\/vi\/wp-json\/wp\/v2\/types\/product"}],"version-history":[{"count":0,"href":"https:\/\/sigmabed.com\/vi\/wp-json\/wp\/v2\/product\/3246\/revisions"}],"wp:featuredmedia":[{"embeddable":true,"href":"https:\/\/sigmabed.com\/vi\/wp-json\/wp\/v2\/media\/3247"}],"wp:attachment":[{"href":"https:\/\/sigmabed.com\/vi\/wp-json\/wp\/v2\/media?parent=3246"}],"wp:term":[{"taxonomy":"product_cat","embeddable":true,"href":"https:\/\/sigmabed.com\/vi\/wp-json\/wp\/v2\/product_cat?post=3246"},{"taxonomy":"product_tag","embeddable":true,"href":"https:\/\/sigmabed.com\/vi\/wp-json\/wp\/v2\/product_tag?post=3246"}],"curies":[{"name":"wp","href":"https:\/\/api.w.org\/{rel}","templated":true}]}}