{"id":3175,"date":"2023-10-18T10:59:56","date_gmt":"2023-10-18T02:59:56","guid":{"rendered":"https:\/\/sigmabed.spacecraft.com.tw\/?post_type=product&#038;p=3175"},"modified":"2023-10-18T13:11:27","modified_gmt":"2023-10-18T05:11:27","slug":"ce-34pro%e8%ad%b7%e7%90%86%e5%b7%a5%e4%bd%9c%e8%bb%8a","status":"publish","type":"product","link":"https:\/\/sigmabed.com\/vi\/product\/ce-34pro%e8%ad%b7%e7%90%86%e5%b7%a5%e4%bd%9c%e8%bb%8a\/","title":{"rendered":"Xe \u0111\u1ea9y \u0111i\u1ec1u d\u01b0\u1ee1ng CE-34PRO"},"content":{"rendered":"<p>M\u00f4 t\u1ea3 S\u1ea3n ph\u1ea9m<br \/>\nTh\u00edch h\u1ee3p s\u1eed d\u1ee5ng \u1edf nhi\u1ec1u khoa y t\u1ebf kh\u00e1c nhau<br \/>\nV\u00ed d\u1ee5: c\u00e1c khoa kh\u00e1c nhau, khoa ph\u1eabu thu\u1eadt, khoa ch\u1ea5n th\u01b0\u01a1ng, khoa ch\u0103m s\u00f3c \u0111\u1eb7c bi\u1ec7t, ph\u00f2ng th\u00ed nghi\u1ec7m... vv.<br \/>\nNhi\u1ec1u ph\u1ee5 ki\u1ec7n kh\u00e1c nhau c\u00f3 th\u1ec3 \u0111\u01b0\u1ee3c l\u1eafp \u0111\u1eb7t t\u00f9y theo nhu c\u1ea7u ch\u0103m s\u00f3c l\u00e2m s\u00e0ng kh\u00e1c nhau \u0111\u1ec3 gi\u00fap c\u00f4ng vi\u1ec7c ch\u0103m s\u00f3c thu\u1eadn ti\u1ec7n h\u01a1n.<\/p>\n<p>Thi\u1ebft b\u1ecb ti\u00eau chu\u1ea9n:<br \/>\n1. \u0110\u1ebf nh\u1ecf gi\u1ecdt truy\u1ec1n t\u0129nh m\u1ea1ch<br \/>\n2. Gi\u1ecf \u0111\u1ef1ng \u0111\u1ed3<br \/>\n3. H\u1ed9p \u0111\u1ef1ng th\u00f9ng r\u00e1c c\u00f3 n\u1eafp<br \/>\n4. H\u1ed9p t\u00e1i ch\u1ebf \u1ed1ng ti\u00eam<\/p>\n<p>L\u1ef1a ch\u1ecdn m\u00e0u s\u1eafc th\u00e2n xe: tr\u1eafng, h\u1ed3ng, xanh nh\u1ea1t<\/p>\n<p>K\u00edch th\u01b0\u1edbc s\u1ea3n ph\u1ea9m: W690 x D518 x H1006<br \/>\nChi\u1ec1u cao c\u01a1 th\u1ec3: H872<\/p>\n<p>B\u00e1nh xe: B\u00e1nh xe ch\u1ed1ng b\u1ee5i 5 inch (1 b\u00e1nh d\u1eabn h\u01b0\u1edbng, 1 b\u00e1nh di chuy\u1ec3n, 2 b\u00e1nh h\u00e3m)<\/p>","protected":false},"excerpt":{"rendered":"<p>\u7522\u54c1\u8aaa\u660e \u9069\u5408\u5728\u4e0d\u540c\u7684\u91ab\u7642\u90e8\u9580\u60c5\u6cc1\u4f7f\u7528 \u4f8b\u5982: \u5404\u7a2e\u75c5\u623f\u3001\u5916\u79d1\u3001\u5275\u50b7\u79d1\u3001\u91cd\u75c7\u76e3\u8b77\u3001\u5be6\u9a57\u5ba4&#8230;\u7b49 \u53ef\u4f9d &hellip;<\/p>\n<p class=\"read-more\"> <a class=\"\" href=\"https:\/\/sigmabed.com\/vi\/product\/ce-34pro%e8%ad%b7%e7%90%86%e5%b7%a5%e4%bd%9c%e8%bb%8a\/\"> <span class=\"screen-reader-text\">Xe \u0111\u1ea9y \u0111i\u1ec1u d\u01b0\u1ee1ng CE-34PRO<\/span> \u0110\u1ecdc th\u00eam &quot;<\/a><\/p>","protected":false},"featured_media":3176,"template":"","meta":{"site-sidebar-layout":"default","site-content-layout":"default","ast-global-header-display":"","ast-banner-title-visibility":"","ast-main-header-display":"","ast-hfb-above-header-display":"","ast-hfb-below-header-display":"","ast-hfb-mobile-header-display":"","site-post-title":"","ast-breadcrumbs-content":"","ast-featured-img":"","footer-sml-layout":"","theme-transparent-header-meta":"default","adv-header-id-meta":"","stick-header-meta":"","header-above-stick-meta":"","header-main-stick-meta":"","header-below-stick-meta":""},"product_cat":[222],"product_tag":[],"class_list":["post-3175","product","type-product","status-publish","has-post-thumbnail","hentry","product_cat-222","desktop-align-left","tablet-align-left","mobile-align-left"],"yoast_head":"<!-- This site is optimized with the Yoast SEO Premium plugin v25.3 (Yoast SEO v25.3) - https:\/\/yoast.com\/wordpress\/plugins\/seo\/ -->\n<title>CE-34PRO\u8b77\u7406\u5de5\u4f5c\u8eca | SigmaCare<\/title>\n<meta name=\"robots\" content=\"index, follow, max-snippet:-1, max-image-preview:large, max-video-preview:-1\" \/>\n<link rel=\"canonical\" href=\"https:\/\/sigmabed.com\/vi\/san-pham\/ce-34pro\u8b77\u7406\u5de5\u4f5c\u8eca\/\" \/>\n<meta property=\"og:locale\" content=\"vi_VN\" \/>\n<meta property=\"og:type\" content=\"article\" \/>\n<meta property=\"og:title\" content=\"CE-34PRO\u8b77\u7406\u5de5\u4f5c\u8eca\" \/>\n<meta property=\"og:description\" content=\"\u7522\u54c1\u8aaa\u660e \u9069\u5408\u5728\u4e0d\u540c\u7684\u91ab\u7642\u90e8\u9580\u60c5\u6cc1\u4f7f\u7528 \u4f8b\u5982: \u5404\u7a2e\u75c5\u623f\u3001\u5916\u79d1\u3001\u5275\u50b7\u79d1\u3001\u91cd\u75c7\u76e3\u8b77\u3001\u5be6\u9a57\u5ba4&#8230;\u7b49 \u53ef\u4f9d &hellip; CE-34PRO\u8b77\u7406\u5de5\u4f5c\u8eca Read More &raquo;\" \/>\n<meta property=\"og:url\" content=\"https:\/\/sigmabed.com\/vi\/san-pham\/ce-34pro\u8b77\u7406\u5de5\u4f5c\u8eca\/\" \/>\n<meta property=\"og:site_name\" content=\"SigmaCare\" \/>\n<meta property=\"article:modified_time\" content=\"2023-10-18T05:11:27+00:00\" \/>\n<meta property=\"og:image\" content=\"https:\/\/sigmabed.com\/wp-content\/uploads\/2023\/10\/MX34PRO-1.jpg\" \/>\n\t<meta property=\"og:image:width\" content=\"1333\" \/>\n\t<meta property=\"og:image:height\" content=\"2000\" \/>\n\t<meta property=\"og:image:type\" content=\"image\/jpeg\" \/>\n<meta name=\"twitter:card\" content=\"summary_large_image\" \/>\n<meta name=\"twitter:label1\" content=\"\u01af\u1edbc t\u00ednh th\u1eddi gian \u0111\u1ecdc\" \/>\n\t<meta name=\"twitter:data1\" content=\"1 ph\u00fat\" \/>\n<script type=\"application\/ld+json\" class=\"yoast-schema-graph\">{\"@context\":\"https:\/\/schema.org\",\"@graph\":[{\"@type\":\"WebPage\",\"@id\":\"https:\/\/sigmabed.com\/product\/ce-34pro%e8%ad%b7%e7%90%86%e5%b7%a5%e4%bd%9c%e8%bb%8a\/\",\"url\":\"https:\/\/sigmabed.com\/product\/ce-34pro%e8%ad%b7%e7%90%86%e5%b7%a5%e4%bd%9c%e8%bb%8a\/\",\"name\":\"CE-34PRO\u8b77\u7406\u5de5\u4f5c\u8eca | SigmaCare\",\"isPartOf\":{\"@id\":\"https:\/\/sigmabed.com\/#website\"},\"primaryImageOfPage\":{\"@id\":\"https:\/\/sigmabed.com\/product\/ce-34pro%e8%ad%b7%e7%90%86%e5%b7%a5%e4%bd%9c%e8%bb%8a\/#primaryimage\"},\"image\":{\"@id\":\"https:\/\/sigmabed.com\/product\/ce-34pro%e8%ad%b7%e7%90%86%e5%b7%a5%e4%bd%9c%e8%bb%8a\/#primaryimage\"},\"thumbnailUrl\":\"https:\/\/sigmabed.com\/wp-content\/uploads\/2023\/10\/MX34PRO-1.jpg\",\"datePublished\":\"2023-10-18T02:59:56+00:00\",\"dateModified\":\"2023-10-18T05:11:27+00:00\",\"breadcrumb\":{\"@id\":\"https:\/\/sigmabed.com\/product\/ce-34pro%e8%ad%b7%e7%90%86%e5%b7%a5%e4%bd%9c%e8%bb%8a\/#breadcrumb\"},\"inLanguage\":\"vi\",\"potentialAction\":[{\"@type\":\"ReadAction\",\"target\":[\"https:\/\/sigmabed.com\/product\/ce-34pro%e8%ad%b7%e7%90%86%e5%b7%a5%e4%bd%9c%e8%bb%8a\/\"]}]},{\"@type\":\"ImageObject\",\"inLanguage\":\"vi\",\"@id\":\"https:\/\/sigmabed.com\/product\/ce-34pro%e8%ad%b7%e7%90%86%e5%b7%a5%e4%bd%9c%e8%bb%8a\/#primaryimage\",\"url\":\"https:\/\/sigmabed.com\/wp-content\/uploads\/2023\/10\/MX34PRO-1.jpg\",\"contentUrl\":\"https:\/\/sigmabed.com\/wp-content\/uploads\/2023\/10\/MX34PRO-1.jpg\",\"width\":1333,\"height\":2000},{\"@type\":\"BreadcrumbList\",\"@id\":\"https:\/\/sigmabed.com\/product\/ce-34pro%e8%ad%b7%e7%90%86%e5%b7%a5%e4%bd%9c%e8%bb%8a\/#breadcrumb\",\"itemListElement\":[{\"@type\":\"ListItem\",\"position\":1,\"name\":\"\u9996\u9801\",\"item\":\"https:\/\/sigmabed.com\/\"},{\"@type\":\"ListItem\",\"position\":2,\"name\":\"\u5546\u54c1\",\"item\":\"https:\/\/sigmabed.com\/product-or\/\"},{\"@type\":\"ListItem\",\"position\":3,\"name\":\"CE-34PRO\u8b77\u7406\u5de5\u4f5c\u8eca\"}]},{\"@type\":\"WebSite\",\"@id\":\"https:\/\/sigmabed.com\/#website\",\"url\":\"https:\/\/sigmabed.com\/\",\"name\":\"SigmaCare\",\"description\":\"\u91ab\u7642\u5e8a\u5c08\u5bb6\",\"publisher\":{\"@id\":\"https:\/\/sigmabed.com\/#organization\"},\"potentialAction\":[{\"@type\":\"SearchAction\",\"target\":{\"@type\":\"EntryPoint\",\"urlTemplate\":\"https:\/\/sigmabed.com\/?s={search_term_string}\"},\"query-input\":{\"@type\":\"PropertyValueSpecification\",\"valueRequired\":true,\"valueName\":\"search_term_string\"}}],\"inLanguage\":\"vi\"},{\"@type\":\"Organization\",\"@id\":\"https:\/\/sigmabed.com\/#organization\",\"name\":\"\u4e9e\u8b77\u958b\u767c\u80a1\u4efd\u6709\u9650\u516c\u53f8\",\"alternateName\":\"SigmaCare\",\"url\":\"https:\/\/sigmabed.com\/\",\"logo\":{\"@type\":\"ImageObject\",\"inLanguage\":\"vi\",\"@id\":\"https:\/\/sigmabed.com\/#\/schema\/logo\/image\/\",\"url\":\"https:\/\/sigmabed.com\/wp-content\/uploads\/2023\/07\/cropped-Sigma-Care-icon.png\",\"contentUrl\":\"https:\/\/sigmabed.com\/wp-content\/uploads\/2023\/07\/cropped-Sigma-Care-icon.png\",\"width\":512,\"height\":512,\"caption\":\"\u4e9e\u8b77\u958b\u767c\u80a1\u4efd\u6709\u9650\u516c\u53f8\"},\"image\":{\"@id\":\"https:\/\/sigmabed.com\/#\/schema\/logo\/image\/\"}}]}<\/script>\n<!-- \/ Yoast SEO Premium plugin. -->","yoast_head_json":{"title":"CE-34PRO\u8b77\u7406\u5de5\u4f5c\u8eca | SigmaCare","robots":{"index":"index","follow":"follow","max-snippet":"max-snippet:-1","max-image-preview":"max-image-preview:large","max-video-preview":"max-video-preview:-1"},"canonical":"https:\/\/sigmabed.com\/vi\/san-pham\/ce-34pro\u8b77\u7406\u5de5\u4f5c\u8eca\/","og_locale":"vi_VN","og_type":"article","og_title":"CE-34PRO\u8b77\u7406\u5de5\u4f5c\u8eca","og_description":"\u7522\u54c1\u8aaa\u660e \u9069\u5408\u5728\u4e0d\u540c\u7684\u91ab\u7642\u90e8\u9580\u60c5\u6cc1\u4f7f\u7528 \u4f8b\u5982: \u5404\u7a2e\u75c5\u623f\u3001\u5916\u79d1\u3001\u5275\u50b7\u79d1\u3001\u91cd\u75c7\u76e3\u8b77\u3001\u5be6\u9a57\u5ba4&#8230;\u7b49 \u53ef\u4f9d &hellip; CE-34PRO\u8b77\u7406\u5de5\u4f5c\u8eca Read More &raquo;","og_url":"https:\/\/sigmabed.com\/vi\/san-pham\/ce-34pro\u8b77\u7406\u5de5\u4f5c\u8eca\/","og_site_name":"SigmaCare","article_modified_time":"2023-10-18T05:11:27+00:00","og_image":[{"width":1333,"height":2000,"url":"https:\/\/sigmabed.com\/wp-content\/uploads\/2023\/10\/MX34PRO-1.jpg","type":"image\/jpeg"}],"twitter_card":"summary_large_image","twitter_misc":{"\u01af\u1edbc t\u00ednh th\u1eddi gian \u0111\u1ecdc":"1 ph\u00fat"},"schema":{"@context":"https:\/\/schema.org","@graph":[{"@type":"WebPage","@id":"https:\/\/sigmabed.com\/product\/ce-34pro%e8%ad%b7%e7%90%86%e5%b7%a5%e4%bd%9c%e8%bb%8a\/","url":"https:\/\/sigmabed.com\/product\/ce-34pro%e8%ad%b7%e7%90%86%e5%b7%a5%e4%bd%9c%e8%bb%8a\/","name":"CE-34PRO\u8b77\u7406\u5de5\u4f5c\u8eca | SigmaCare","isPartOf":{"@id":"https:\/\/sigmabed.com\/#website"},"primaryImageOfPage":{"@id":"https:\/\/sigmabed.com\/product\/ce-34pro%e8%ad%b7%e7%90%86%e5%b7%a5%e4%bd%9c%e8%bb%8a\/#primaryimage"},"image":{"@id":"https:\/\/sigmabed.com\/product\/ce-34pro%e8%ad%b7%e7%90%86%e5%b7%a5%e4%bd%9c%e8%bb%8a\/#primaryimage"},"thumbnailUrl":"https:\/\/sigmabed.com\/wp-content\/uploads\/2023\/10\/MX34PRO-1.jpg","datePublished":"2023-10-18T02:59:56+00:00","dateModified":"2023-10-18T05:11:27+00:00","breadcrumb":{"@id":"https:\/\/sigmabed.com\/product\/ce-34pro%e8%ad%b7%e7%90%86%e5%b7%a5%e4%bd%9c%e8%bb%8a\/#breadcrumb"},"inLanguage":"vi","potentialAction":[{"@type":"ReadAction","target":["https:\/\/sigmabed.com\/product\/ce-34pro%e8%ad%b7%e7%90%86%e5%b7%a5%e4%bd%9c%e8%bb%8a\/"]}]},{"@type":"ImageObject","inLanguage":"vi","@id":"https:\/\/sigmabed.com\/product\/ce-34pro%e8%ad%b7%e7%90%86%e5%b7%a5%e4%bd%9c%e8%bb%8a\/#primaryimage","url":"https:\/\/sigmabed.com\/wp-content\/uploads\/2023\/10\/MX34PRO-1.jpg","contentUrl":"https:\/\/sigmabed.com\/wp-content\/uploads\/2023\/10\/MX34PRO-1.jpg","width":1333,"height":2000},{"@type":"BreadcrumbList","@id":"https:\/\/sigmabed.com\/product\/ce-34pro%e8%ad%b7%e7%90%86%e5%b7%a5%e4%bd%9c%e8%bb%8a\/#breadcrumb","itemListElement":[{"@type":"ListItem","position":1,"name":"\u9996\u9801","item":"https:\/\/sigmabed.com\/"},{"@type":"ListItem","position":2,"name":"\u5546\u54c1","item":"https:\/\/sigmabed.com\/product-or\/"},{"@type":"ListItem","position":3,"name":"CE-34PRO\u8b77\u7406\u5de5\u4f5c\u8eca"}]},{"@type":"WebSite","@id":"https:\/\/sigmabed.com\/#website","url":"https:\/\/sigmabed.com\/","name":"SigmaCare","description":"\u91ab\u7642\u5e8a\u5c08\u5bb6","publisher":{"@id":"https:\/\/sigmabed.com\/#organization"},"potentialAction":[{"@type":"SearchAction","target":{"@type":"EntryPoint","urlTemplate":"https:\/\/sigmabed.com\/?s={search_term_string}"},"query-input":{"@type":"PropertyValueSpecification","valueRequired":true,"valueName":"search_term_string"}}],"inLanguage":"vi"},{"@type":"Organization","@id":"https:\/\/sigmabed.com\/#organization","name":"\u4e9e\u8b77\u958b\u767c\u80a1\u4efd\u6709\u9650\u516c\u53f8","alternateName":"SigmaCare","url":"https:\/\/sigmabed.com\/","logo":{"@type":"ImageObject","inLanguage":"vi","@id":"https:\/\/sigmabed.com\/#\/schema\/logo\/image\/","url":"https:\/\/sigmabed.com\/wp-content\/uploads\/2023\/07\/cropped-Sigma-Care-icon.png","contentUrl":"https:\/\/sigmabed.com\/wp-content\/uploads\/2023\/07\/cropped-Sigma-Care-icon.png","width":512,"height":512,"caption":"\u4e9e\u8b77\u958b\u767c\u80a1\u4efd\u6709\u9650\u516c\u53f8"},"image":{"@id":"https:\/\/sigmabed.com\/#\/schema\/logo\/image\/"}}]}},"_links":{"self":[{"href":"https:\/\/sigmabed.com\/vi\/wp-json\/wp\/v2\/product\/3175","targetHints":{"allow":["GET"]}}],"collection":[{"href":"https:\/\/sigmabed.com\/vi\/wp-json\/wp\/v2\/product"}],"about":[{"href":"https:\/\/sigmabed.com\/vi\/wp-json\/wp\/v2\/types\/product"}],"version-history":[{"count":0,"href":"https:\/\/sigmabed.com\/vi\/wp-json\/wp\/v2\/product\/3175\/revisions"}],"wp:featuredmedia":[{"embeddable":true,"href":"https:\/\/sigmabed.com\/vi\/wp-json\/wp\/v2\/media\/3176"}],"wp:attachment":[{"href":"https:\/\/sigmabed.com\/vi\/wp-json\/wp\/v2\/media?parent=3175"}],"wp:term":[{"taxonomy":"product_cat","embeddable":true,"href":"https:\/\/sigmabed.com\/vi\/wp-json\/wp\/v2\/product_cat?post=3175"},{"taxonomy":"product_tag","embeddable":true,"href":"https:\/\/sigmabed.com\/vi\/wp-json\/wp\/v2\/product_tag?post=3175"}],"curies":[{"name":"wp","href":"https:\/\/api.w.org\/{rel}","templated":true}]}}