{"id":3172,"date":"2023-10-18T10:59:03","date_gmt":"2023-10-18T02:59:03","guid":{"rendered":"https:\/\/sigmabed.spacecraft.com.tw\/?post_type=product&#038;p=3172"},"modified":"2023-10-18T13:11:53","modified_gmt":"2023-10-18T05:11:53","slug":"ce-34emg%e6%80%a5%e6%95%91%e8%bb%8a","status":"publish","type":"product","link":"https:\/\/sigmabed.com\/vi\/product\/ce-34emg%e6%80%a5%e6%95%91%e8%bb%8a\/","title":{"rendered":"Xe c\u1ee9u th\u01b0\u01a1ng kh\u1ea9n c\u1ea5p CE-34EMG"},"content":{"rendered":"<p>M\u00f4 t\u1ea3 S\u1ea3n ph\u1ea9m<br \/>\n\u0110\u01b0\u1ee3c thi\u1ebft k\u1ebf \u0111\u1eb7c bi\u1ec7t \u0111\u1ec3 s\u1eed d\u1ee5ng trong tr\u01b0\u1eddng h\u1ee3p kh\u1ea9n c\u1ea5p, gi\u00fap ng\u01b0\u1eddi ch\u0103m s\u00f3c s\u1eed d\u1ee5ng an to\u00e0n v\u00e0 thu\u1eadn ti\u1ec7n.<br \/>\nV\u1edbi ch\u1ee9c n\u0103ng l\u01b0u tr\u1eef m\u1ea1nh m\u1ebd, c\u00e1c ph\u1ee5 ki\u1ec7n c\u00f3 th\u1ec3 \u0111\u01b0\u1ee3c thay th\u1ebf t\u00f9y theo c\u00e1c t\u00ecnh hu\u1ed1ng kh\u1ea9n c\u1ea5p kh\u00e1c nhau v\u00e0 c\u00f3 th\u1ec3 di chuy\u1ec3n \u1ed5n \u0111\u1ecbnh, \u00eam \u00e1i trong nh\u1eefng tr\u01b0\u1eddng h\u1ee3p kh\u1ea9n c\u1ea5p.<br \/>\nThi\u1ebft k\u1ebf kh\u00f3a \u0111i\u1ec1u khi\u1ec3n b\u00ean cung c\u1ea5p th\u00eam m\u1ee9c \u0111\u1ed9 b\u1ea3o m\u1eadt.<\/p>\n<p>Thi\u1ebft b\u1ecb ti\u00eau chu\u1ea9n:<br \/>\n1. \u0110\u1ebf nh\u1ecf gi\u1ecdt truy\u1ec1n t\u0129nh m\u1ea1ch<br \/>\n2. B\u1ea3ng s\u1ed1c \u0111i\u1ec7n<br \/>\n3.B\u1ea3ng s\u01a1 c\u1ee9u<br \/>\n4. Gi\u00e1 \u0111\u1ee1 xi lanh oxy<br \/>\n5. H\u1ed9p t\u00e1i ch\u1ebf \u1ed1ng ti\u00eam<\/p>\n<p>L\u1ef1a ch\u1ecdn m\u00e0u th\u00e2n xe: \u0111\u1ecf, h\u1ed3ng, xanh nh\u1ea1t<\/p>\n<p>K\u00edch th\u01b0\u1edbc s\u1ea3n ph\u1ea9m: W690 x D518 x H1006<br \/>\nChi\u1ec1u cao c\u01a1 th\u1ec3: H872<\/p>\n<p>B\u00e1nh xe: B\u00e1nh xe ch\u1ed1ng b\u1ee5i 5 inch (1 b\u00e1nh \u0111\u1ecbnh h\u01b0\u1edbng, 1 b\u00e1nh di chuy\u1ec3n, 2 b\u00e1nh phanh)<\/p>","protected":false},"excerpt":{"rendered":"<p>\u7522\u54c1\u8aaa\u660e \u5c08\u70ba\u6025\u6551\u8a2d\u8a08\uff0c\u8b93\u8b77\u7406\u4eba\u54e1\u64cd\u4f5c\u4f7f\u7528\u6642\u5b89\u5168\u4e14\u4fbf\u5229\u3002 \u5f37\u5927\u7684\u6536\u7d0d\u529f\u80fd\uff0c\u53ef\u56e0\u61c9\u4e0d\u540c\u7684\u6025\u6551\u6cc1\u66f4\u63db\u914d\u4ef6\uff0c\u5728\u7dca\u6025\u72c0 &hellip;<\/p>\n<p class=\"read-more\"> <a class=\"\" href=\"https:\/\/sigmabed.com\/vi\/product\/ce-34emg%e6%80%a5%e6%95%91%e8%bb%8a\/\"> <span class=\"screen-reader-text\">Xe c\u1ee9u th\u01b0\u01a1ng kh\u1ea9n c\u1ea5p CE-34EMG<\/span> \u0110\u1ecdc th\u00eam &quot;<\/a><\/p>","protected":false},"featured_media":3173,"template":"","meta":{"site-sidebar-layout":"default","site-content-layout":"default","ast-global-header-display":"","ast-banner-title-visibility":"","ast-main-header-display":"","ast-hfb-above-header-display":"","ast-hfb-below-header-display":"","ast-hfb-mobile-header-display":"","site-post-title":"","ast-breadcrumbs-content":"","ast-featured-img":"","footer-sml-layout":"","theme-transparent-header-meta":"default","adv-header-id-meta":"","stick-header-meta":"","header-above-stick-meta":"","header-main-stick-meta":"","header-below-stick-meta":""},"product_cat":[222],"product_tag":[],"class_list":["post-3172","product","type-product","status-publish","has-post-thumbnail","hentry","product_cat-222","desktop-align-left","tablet-align-left","mobile-align-left"],"yoast_head":"<!-- This site is optimized with the Yoast SEO Premium plugin v25.3 (Yoast SEO v25.3) - https:\/\/yoast.com\/wordpress\/plugins\/seo\/ -->\n<title>CE-34EMG\u6025\u6551\u8eca | SigmaCare<\/title>\n<meta name=\"robots\" content=\"index, follow, max-snippet:-1, max-image-preview:large, max-video-preview:-1\" \/>\n<link rel=\"canonical\" href=\"https:\/\/sigmabed.com\/vi\/san-pham\/ce-34emg\u6025\u6551\u8eca\/\" \/>\n<meta property=\"og:locale\" content=\"vi_VN\" \/>\n<meta property=\"og:type\" content=\"article\" \/>\n<meta property=\"og:title\" content=\"CE-34EMG\u6025\u6551\u8eca\" \/>\n<meta property=\"og:description\" content=\"\u7522\u54c1\u8aaa\u660e \u5c08\u70ba\u6025\u6551\u8a2d\u8a08\uff0c\u8b93\u8b77\u7406\u4eba\u54e1\u64cd\u4f5c\u4f7f\u7528\u6642\u5b89\u5168\u4e14\u4fbf\u5229\u3002 \u5f37\u5927\u7684\u6536\u7d0d\u529f\u80fd\uff0c\u53ef\u56e0\u61c9\u4e0d\u540c\u7684\u6025\u6551\u6cc1\u66f4\u63db\u914d\u4ef6\uff0c\u5728\u7dca\u6025\u72c0 &hellip; CE-34EMG\u6025\u6551\u8eca Read More &raquo;\" \/>\n<meta property=\"og:url\" content=\"https:\/\/sigmabed.com\/vi\/san-pham\/ce-34emg\u6025\u6551\u8eca\/\" \/>\n<meta property=\"og:site_name\" content=\"SigmaCare\" \/>\n<meta property=\"article:modified_time\" content=\"2023-10-18T05:11:53+00:00\" \/>\n<meta property=\"og:image\" content=\"https:\/\/sigmabed.com\/wp-content\/uploads\/2023\/10\/MX34EMG.jpg\" \/>\n\t<meta property=\"og:image:width\" content=\"626\" \/>\n\t<meta property=\"og:image:height\" content=\"1000\" \/>\n\t<meta property=\"og:image:type\" content=\"image\/jpeg\" \/>\n<meta name=\"twitter:card\" content=\"summary_large_image\" \/>\n<meta name=\"twitter:label1\" content=\"\u01af\u1edbc t\u00ednh th\u1eddi gian \u0111\u1ecdc\" \/>\n\t<meta name=\"twitter:data1\" content=\"1 ph\u00fat\" \/>\n<script type=\"application\/ld+json\" class=\"yoast-schema-graph\">{\"@context\":\"https:\/\/schema.org\",\"@graph\":[{\"@type\":\"WebPage\",\"@id\":\"https:\/\/sigmabed.com\/product\/ce-34emg%e6%80%a5%e6%95%91%e8%bb%8a\/\",\"url\":\"https:\/\/sigmabed.com\/product\/ce-34emg%e6%80%a5%e6%95%91%e8%bb%8a\/\",\"name\":\"CE-34EMG\u6025\u6551\u8eca | SigmaCare\",\"isPartOf\":{\"@id\":\"https:\/\/sigmabed.com\/#website\"},\"primaryImageOfPage\":{\"@id\":\"https:\/\/sigmabed.com\/product\/ce-34emg%e6%80%a5%e6%95%91%e8%bb%8a\/#primaryimage\"},\"image\":{\"@id\":\"https:\/\/sigmabed.com\/product\/ce-34emg%e6%80%a5%e6%95%91%e8%bb%8a\/#primaryimage\"},\"thumbnailUrl\":\"https:\/\/sigmabed.com\/wp-content\/uploads\/2023\/10\/MX34EMG.jpg\",\"datePublished\":\"2023-10-18T02:59:03+00:00\",\"dateModified\":\"2023-10-18T05:11:53+00:00\",\"breadcrumb\":{\"@id\":\"https:\/\/sigmabed.com\/product\/ce-34emg%e6%80%a5%e6%95%91%e8%bb%8a\/#breadcrumb\"},\"inLanguage\":\"vi\",\"potentialAction\":[{\"@type\":\"ReadAction\",\"target\":[\"https:\/\/sigmabed.com\/product\/ce-34emg%e6%80%a5%e6%95%91%e8%bb%8a\/\"]}]},{\"@type\":\"ImageObject\",\"inLanguage\":\"vi\",\"@id\":\"https:\/\/sigmabed.com\/product\/ce-34emg%e6%80%a5%e6%95%91%e8%bb%8a\/#primaryimage\",\"url\":\"https:\/\/sigmabed.com\/wp-content\/uploads\/2023\/10\/MX34EMG.jpg\",\"contentUrl\":\"https:\/\/sigmabed.com\/wp-content\/uploads\/2023\/10\/MX34EMG.jpg\",\"width\":626,\"height\":1000},{\"@type\":\"BreadcrumbList\",\"@id\":\"https:\/\/sigmabed.com\/product\/ce-34emg%e6%80%a5%e6%95%91%e8%bb%8a\/#breadcrumb\",\"itemListElement\":[{\"@type\":\"ListItem\",\"position\":1,\"name\":\"\u9996\u9801\",\"item\":\"https:\/\/sigmabed.com\/\"},{\"@type\":\"ListItem\",\"position\":2,\"name\":\"\u5546\u54c1\",\"item\":\"https:\/\/sigmabed.com\/product-or\/\"},{\"@type\":\"ListItem\",\"position\":3,\"name\":\"CE-34EMG\u6025\u6551\u8eca\"}]},{\"@type\":\"WebSite\",\"@id\":\"https:\/\/sigmabed.com\/#website\",\"url\":\"https:\/\/sigmabed.com\/\",\"name\":\"SigmaCare\",\"description\":\"\u91ab\u7642\u5e8a\u5c08\u5bb6\",\"publisher\":{\"@id\":\"https:\/\/sigmabed.com\/#organization\"},\"potentialAction\":[{\"@type\":\"SearchAction\",\"target\":{\"@type\":\"EntryPoint\",\"urlTemplate\":\"https:\/\/sigmabed.com\/?s={search_term_string}\"},\"query-input\":{\"@type\":\"PropertyValueSpecification\",\"valueRequired\":true,\"valueName\":\"search_term_string\"}}],\"inLanguage\":\"vi\"},{\"@type\":\"Organization\",\"@id\":\"https:\/\/sigmabed.com\/#organization\",\"name\":\"\u4e9e\u8b77\u958b\u767c\u80a1\u4efd\u6709\u9650\u516c\u53f8\",\"alternateName\":\"SigmaCare\",\"url\":\"https:\/\/sigmabed.com\/\",\"logo\":{\"@type\":\"ImageObject\",\"inLanguage\":\"vi\",\"@id\":\"https:\/\/sigmabed.com\/#\/schema\/logo\/image\/\",\"url\":\"https:\/\/sigmabed.com\/wp-content\/uploads\/2023\/07\/cropped-Sigma-Care-icon.png\",\"contentUrl\":\"https:\/\/sigmabed.com\/wp-content\/uploads\/2023\/07\/cropped-Sigma-Care-icon.png\",\"width\":512,\"height\":512,\"caption\":\"\u4e9e\u8b77\u958b\u767c\u80a1\u4efd\u6709\u9650\u516c\u53f8\"},\"image\":{\"@id\":\"https:\/\/sigmabed.com\/#\/schema\/logo\/image\/\"}}]}<\/script>\n<!-- \/ Yoast SEO Premium plugin. -->","yoast_head_json":{"title":"CE-34EMG\u6025\u6551\u8eca | SigmaCare","robots":{"index":"index","follow":"follow","max-snippet":"max-snippet:-1","max-image-preview":"max-image-preview:large","max-video-preview":"max-video-preview:-1"},"canonical":"https:\/\/sigmabed.com\/vi\/san-pham\/ce-34emg\u6025\u6551\u8eca\/","og_locale":"vi_VN","og_type":"article","og_title":"CE-34EMG\u6025\u6551\u8eca","og_description":"\u7522\u54c1\u8aaa\u660e \u5c08\u70ba\u6025\u6551\u8a2d\u8a08\uff0c\u8b93\u8b77\u7406\u4eba\u54e1\u64cd\u4f5c\u4f7f\u7528\u6642\u5b89\u5168\u4e14\u4fbf\u5229\u3002 \u5f37\u5927\u7684\u6536\u7d0d\u529f\u80fd\uff0c\u53ef\u56e0\u61c9\u4e0d\u540c\u7684\u6025\u6551\u6cc1\u66f4\u63db\u914d\u4ef6\uff0c\u5728\u7dca\u6025\u72c0 &hellip; CE-34EMG\u6025\u6551\u8eca Read More &raquo;","og_url":"https:\/\/sigmabed.com\/vi\/san-pham\/ce-34emg\u6025\u6551\u8eca\/","og_site_name":"SigmaCare","article_modified_time":"2023-10-18T05:11:53+00:00","og_image":[{"width":626,"height":1000,"url":"https:\/\/sigmabed.com\/wp-content\/uploads\/2023\/10\/MX34EMG.jpg","type":"image\/jpeg"}],"twitter_card":"summary_large_image","twitter_misc":{"\u01af\u1edbc t\u00ednh th\u1eddi gian \u0111\u1ecdc":"1 ph\u00fat"},"schema":{"@context":"https:\/\/schema.org","@graph":[{"@type":"WebPage","@id":"https:\/\/sigmabed.com\/product\/ce-34emg%e6%80%a5%e6%95%91%e8%bb%8a\/","url":"https:\/\/sigmabed.com\/product\/ce-34emg%e6%80%a5%e6%95%91%e8%bb%8a\/","name":"CE-34EMG\u6025\u6551\u8eca | SigmaCare","isPartOf":{"@id":"https:\/\/sigmabed.com\/#website"},"primaryImageOfPage":{"@id":"https:\/\/sigmabed.com\/product\/ce-34emg%e6%80%a5%e6%95%91%e8%bb%8a\/#primaryimage"},"image":{"@id":"https:\/\/sigmabed.com\/product\/ce-34emg%e6%80%a5%e6%95%91%e8%bb%8a\/#primaryimage"},"thumbnailUrl":"https:\/\/sigmabed.com\/wp-content\/uploads\/2023\/10\/MX34EMG.jpg","datePublished":"2023-10-18T02:59:03+00:00","dateModified":"2023-10-18T05:11:53+00:00","breadcrumb":{"@id":"https:\/\/sigmabed.com\/product\/ce-34emg%e6%80%a5%e6%95%91%e8%bb%8a\/#breadcrumb"},"inLanguage":"vi","potentialAction":[{"@type":"ReadAction","target":["https:\/\/sigmabed.com\/product\/ce-34emg%e6%80%a5%e6%95%91%e8%bb%8a\/"]}]},{"@type":"ImageObject","inLanguage":"vi","@id":"https:\/\/sigmabed.com\/product\/ce-34emg%e6%80%a5%e6%95%91%e8%bb%8a\/#primaryimage","url":"https:\/\/sigmabed.com\/wp-content\/uploads\/2023\/10\/MX34EMG.jpg","contentUrl":"https:\/\/sigmabed.com\/wp-content\/uploads\/2023\/10\/MX34EMG.jpg","width":626,"height":1000},{"@type":"BreadcrumbList","@id":"https:\/\/sigmabed.com\/product\/ce-34emg%e6%80%a5%e6%95%91%e8%bb%8a\/#breadcrumb","itemListElement":[{"@type":"ListItem","position":1,"name":"\u9996\u9801","item":"https:\/\/sigmabed.com\/"},{"@type":"ListItem","position":2,"name":"\u5546\u54c1","item":"https:\/\/sigmabed.com\/product-or\/"},{"@type":"ListItem","position":3,"name":"CE-34EMG\u6025\u6551\u8eca"}]},{"@type":"WebSite","@id":"https:\/\/sigmabed.com\/#website","url":"https:\/\/sigmabed.com\/","name":"SigmaCare","description":"\u91ab\u7642\u5e8a\u5c08\u5bb6","publisher":{"@id":"https:\/\/sigmabed.com\/#organization"},"potentialAction":[{"@type":"SearchAction","target":{"@type":"EntryPoint","urlTemplate":"https:\/\/sigmabed.com\/?s={search_term_string}"},"query-input":{"@type":"PropertyValueSpecification","valueRequired":true,"valueName":"search_term_string"}}],"inLanguage":"vi"},{"@type":"Organization","@id":"https:\/\/sigmabed.com\/#organization","name":"\u4e9e\u8b77\u958b\u767c\u80a1\u4efd\u6709\u9650\u516c\u53f8","alternateName":"SigmaCare","url":"https:\/\/sigmabed.com\/","logo":{"@type":"ImageObject","inLanguage":"vi","@id":"https:\/\/sigmabed.com\/#\/schema\/logo\/image\/","url":"https:\/\/sigmabed.com\/wp-content\/uploads\/2023\/07\/cropped-Sigma-Care-icon.png","contentUrl":"https:\/\/sigmabed.com\/wp-content\/uploads\/2023\/07\/cropped-Sigma-Care-icon.png","width":512,"height":512,"caption":"\u4e9e\u8b77\u958b\u767c\u80a1\u4efd\u6709\u9650\u516c\u53f8"},"image":{"@id":"https:\/\/sigmabed.com\/#\/schema\/logo\/image\/"}}]}},"_links":{"self":[{"href":"https:\/\/sigmabed.com\/vi\/wp-json\/wp\/v2\/product\/3172","targetHints":{"allow":["GET"]}}],"collection":[{"href":"https:\/\/sigmabed.com\/vi\/wp-json\/wp\/v2\/product"}],"about":[{"href":"https:\/\/sigmabed.com\/vi\/wp-json\/wp\/v2\/types\/product"}],"version-history":[{"count":0,"href":"https:\/\/sigmabed.com\/vi\/wp-json\/wp\/v2\/product\/3172\/revisions"}],"wp:featuredmedia":[{"embeddable":true,"href":"https:\/\/sigmabed.com\/vi\/wp-json\/wp\/v2\/media\/3173"}],"wp:attachment":[{"href":"https:\/\/sigmabed.com\/vi\/wp-json\/wp\/v2\/media?parent=3172"}],"wp:term":[{"taxonomy":"product_cat","embeddable":true,"href":"https:\/\/sigmabed.com\/vi\/wp-json\/wp\/v2\/product_cat?post=3172"},{"taxonomy":"product_tag","embeddable":true,"href":"https:\/\/sigmabed.com\/vi\/wp-json\/wp\/v2\/product_tag?post=3172"}],"curies":[{"name":"wp","href":"https:\/\/api.w.org\/{rel}","templated":true}]}}