{"id":3122,"date":"2023-10-18T10:21:29","date_gmt":"2023-10-18T02:21:29","guid":{"rendered":"https:\/\/sigmabed.spacecraft.com.tw\/?post_type=product&#038;p=3122"},"modified":"2023-10-18T10:21:30","modified_gmt":"2023-10-18T02:21:30","slug":"bt-100-%e4%b8%8d%e9%8f%bd%e9%8b%bc%e6%80%a5%e8%a8%ba%e6%8e%a8%e5%ba%8a","status":"publish","type":"product","link":"https:\/\/sigmabed.com\/vi\/product\/bt-100-%e4%b8%8d%e9%8f%bd%e9%8b%bc%e6%80%a5%e8%a8%ba%e6%8e%a8%e5%ba%8a\/","title":{"rendered":"Gi\u01b0\u1eddng \u0111\u1ea9y kh\u1ea9n c\u1ea5p inox BT-100"},"content":{"rendered":"<p>K\u00edch th\u01b0\u1edbc ngo\u1ea1i h\u00ecnh: L1900 x W740mm<br \/>\nCh\u1ea5t li\u1ec7u: th\u00e9p kh\u00f4ng g\u1ec9 #304<br \/>\nM\u1eb7t sau: \u0111i\u1ec1u ch\u1ec9nh g\u00f3c b\u1eb1ng tay<br \/>\n\u0110i\u1ec1u ch\u1ec9nh chi\u1ec1u cao: H650mm<br \/>\nB\u00e1nh xe gi\u01b0\u1eddng: \u00d8150 mm, b\u00e1nh phanh x 3, b\u00e1nh \u0111\u1ecbnh h\u01b0\u1edbng x 1<br \/>\nPh\u1ee5 ki\u1ec7n: \u0110\u1ebf nh\u1ecf gi\u1ecdt c\u00f3 th\u1ec3 g\u1eadp l\u1ea1i x 2<br \/>\nN\u1ec7m: N\u1ec7m x\u1ed1p m\u1eadt \u0111\u1ed9 cao 2 inch<\/p>","protected":false},"excerpt":{"rendered":"<p>\u5916\u89c0\u5c3a\u5bf8\uff1aL1900 x W740mm \u6750\u8cea\uff1a#304\u4e0d\u92b9\u92fc \u80cc\u90e8\u9762\u677f\uff1a\u624b\u52d5\u65b9\u5f0f\u8abf\u6574\u89d2\u5ea6 \u9ad8\u5ea6\u8abf\u6574\uff1aH650m &hellip;<\/p>\n<p class=\"read-more\"> <a class=\"\" href=\"https:\/\/sigmabed.com\/vi\/product\/bt-100-%e4%b8%8d%e9%8f%bd%e9%8b%bc%e6%80%a5%e8%a8%ba%e6%8e%a8%e5%ba%8a\/\"> <span class=\"screen-reader-text\">Gi\u01b0\u1eddng \u0111\u1ea9y kh\u1ea9n c\u1ea5p inox BT-100<\/span> \u0110\u1ecdc th\u00eam &quot;<\/a><\/p>","protected":false},"featured_media":3123,"template":"","meta":{"site-sidebar-layout":"default","site-content-layout":"default","ast-global-header-display":"","ast-banner-title-visibility":"","ast-main-header-display":"","ast-hfb-above-header-display":"","ast-hfb-below-header-display":"","ast-hfb-mobile-header-display":"","site-post-title":"","ast-breadcrumbs-content":"","ast-featured-img":"","footer-sml-layout":"","theme-transparent-header-meta":"default","adv-header-id-meta":"","stick-header-meta":"","header-above-stick-meta":"","header-main-stick-meta":"","header-below-stick-meta":""},"product_cat":[164],"product_tag":[],"class_list":["post-3122","product","type-product","status-publish","has-post-thumbnail","hentry","product_cat-emergency-bed-steel","desktop-align-left","tablet-align-left","mobile-align-left"],"yoast_head":"<!-- This site is optimized with the Yoast SEO Premium plugin v25.3 (Yoast SEO v25.3) - https:\/\/yoast.com\/wordpress\/plugins\/seo\/ -->\n<title>BT-100 \u4e0d\u93fd\u92fc\u6025\u8a3a\u63a8\u5e8a | SigmaCare<\/title>\n<meta name=\"robots\" content=\"index, follow, max-snippet:-1, max-image-preview:large, max-video-preview:-1\" \/>\n<link rel=\"canonical\" href=\"https:\/\/sigmabed.com\/vi\/san-pham\/bt-100-\u4e0d\u93fd\u92fc\u6025\u8a3a\u63a8\u5e8a\/\" \/>\n<meta property=\"og:locale\" content=\"vi_VN\" \/>\n<meta property=\"og:type\" content=\"article\" \/>\n<meta property=\"og:title\" content=\"BT-100 \u4e0d\u93fd\u92fc\u6025\u8a3a\u63a8\u5e8a\" \/>\n<meta property=\"og:description\" content=\"\u5916\u89c0\u5c3a\u5bf8\uff1aL1900 x W740mm \u6750\u8cea\uff1a#304\u4e0d\u92b9\u92fc \u80cc\u90e8\u9762\u677f\uff1a\u624b\u52d5\u65b9\u5f0f\u8abf\u6574\u89d2\u5ea6 \u9ad8\u5ea6\u8abf\u6574\uff1aH650m &hellip; BT-100 \u4e0d\u93fd\u92fc\u6025\u8a3a\u63a8\u5e8a Read More &raquo;\" \/>\n<meta property=\"og:url\" content=\"https:\/\/sigmabed.com\/vi\/san-pham\/bt-100-\u4e0d\u93fd\u92fc\u6025\u8a3a\u63a8\u5e8a\/\" \/>\n<meta property=\"og:site_name\" content=\"SigmaCare\" \/>\n<meta property=\"article:modified_time\" content=\"2023-10-18T02:21:30+00:00\" \/>\n<meta property=\"og:image\" content=\"https:\/\/sigmabed.com\/wp-content\/uploads\/2023\/10\/BT-100.jpg\" \/>\n\t<meta property=\"og:image:width\" content=\"614\" \/>\n\t<meta property=\"og:image:height\" content=\"554\" \/>\n\t<meta property=\"og:image:type\" content=\"image\/jpeg\" \/>\n<meta name=\"twitter:card\" content=\"summary_large_image\" \/>\n<script type=\"application\/ld+json\" class=\"yoast-schema-graph\">{\"@context\":\"https:\/\/schema.org\",\"@graph\":[{\"@type\":\"WebPage\",\"@id\":\"https:\/\/sigmabed.com\/product\/bt-100-%e4%b8%8d%e9%8f%bd%e9%8b%bc%e6%80%a5%e8%a8%ba%e6%8e%a8%e5%ba%8a\/\",\"url\":\"https:\/\/sigmabed.com\/product\/bt-100-%e4%b8%8d%e9%8f%bd%e9%8b%bc%e6%80%a5%e8%a8%ba%e6%8e%a8%e5%ba%8a\/\",\"name\":\"BT-100 \u4e0d\u93fd\u92fc\u6025\u8a3a\u63a8\u5e8a | SigmaCare\",\"isPartOf\":{\"@id\":\"https:\/\/sigmabed.com\/#website\"},\"primaryImageOfPage\":{\"@id\":\"https:\/\/sigmabed.com\/product\/bt-100-%e4%b8%8d%e9%8f%bd%e9%8b%bc%e6%80%a5%e8%a8%ba%e6%8e%a8%e5%ba%8a\/#primaryimage\"},\"image\":{\"@id\":\"https:\/\/sigmabed.com\/product\/bt-100-%e4%b8%8d%e9%8f%bd%e9%8b%bc%e6%80%a5%e8%a8%ba%e6%8e%a8%e5%ba%8a\/#primaryimage\"},\"thumbnailUrl\":\"https:\/\/sigmabed.com\/wp-content\/uploads\/2023\/10\/BT-100.jpg\",\"datePublished\":\"2023-10-18T02:21:29+00:00\",\"dateModified\":\"2023-10-18T02:21:30+00:00\",\"breadcrumb\":{\"@id\":\"https:\/\/sigmabed.com\/product\/bt-100-%e4%b8%8d%e9%8f%bd%e9%8b%bc%e6%80%a5%e8%a8%ba%e6%8e%a8%e5%ba%8a\/#breadcrumb\"},\"inLanguage\":\"vi\",\"potentialAction\":[{\"@type\":\"ReadAction\",\"target\":[\"https:\/\/sigmabed.com\/product\/bt-100-%e4%b8%8d%e9%8f%bd%e9%8b%bc%e6%80%a5%e8%a8%ba%e6%8e%a8%e5%ba%8a\/\"]}]},{\"@type\":\"ImageObject\",\"inLanguage\":\"vi\",\"@id\":\"https:\/\/sigmabed.com\/product\/bt-100-%e4%b8%8d%e9%8f%bd%e9%8b%bc%e6%80%a5%e8%a8%ba%e6%8e%a8%e5%ba%8a\/#primaryimage\",\"url\":\"https:\/\/sigmabed.com\/wp-content\/uploads\/2023\/10\/BT-100.jpg\",\"contentUrl\":\"https:\/\/sigmabed.com\/wp-content\/uploads\/2023\/10\/BT-100.jpg\",\"width\":614,\"height\":554},{\"@type\":\"BreadcrumbList\",\"@id\":\"https:\/\/sigmabed.com\/product\/bt-100-%e4%b8%8d%e9%8f%bd%e9%8b%bc%e6%80%a5%e8%a8%ba%e6%8e%a8%e5%ba%8a\/#breadcrumb\",\"itemListElement\":[{\"@type\":\"ListItem\",\"position\":1,\"name\":\"\u9996\u9801\",\"item\":\"https:\/\/sigmabed.com\/\"},{\"@type\":\"ListItem\",\"position\":2,\"name\":\"\u5546\u54c1\",\"item\":\"https:\/\/sigmabed.com\/product-or\/\"},{\"@type\":\"ListItem\",\"position\":3,\"name\":\"BT-100 \u4e0d\u93fd\u92fc\u6025\u8a3a\u63a8\u5e8a\"}]},{\"@type\":\"WebSite\",\"@id\":\"https:\/\/sigmabed.com\/#website\",\"url\":\"https:\/\/sigmabed.com\/\",\"name\":\"SigmaCare\",\"description\":\"\u91ab\u7642\u5e8a\u5c08\u5bb6\",\"publisher\":{\"@id\":\"https:\/\/sigmabed.com\/#organization\"},\"potentialAction\":[{\"@type\":\"SearchAction\",\"target\":{\"@type\":\"EntryPoint\",\"urlTemplate\":\"https:\/\/sigmabed.com\/?s={search_term_string}\"},\"query-input\":{\"@type\":\"PropertyValueSpecification\",\"valueRequired\":true,\"valueName\":\"search_term_string\"}}],\"inLanguage\":\"vi\"},{\"@type\":\"Organization\",\"@id\":\"https:\/\/sigmabed.com\/#organization\",\"name\":\"\u4e9e\u8b77\u958b\u767c\u80a1\u4efd\u6709\u9650\u516c\u53f8\",\"alternateName\":\"SigmaCare\",\"url\":\"https:\/\/sigmabed.com\/\",\"logo\":{\"@type\":\"ImageObject\",\"inLanguage\":\"vi\",\"@id\":\"https:\/\/sigmabed.com\/#\/schema\/logo\/image\/\",\"url\":\"https:\/\/sigmabed.com\/wp-content\/uploads\/2023\/07\/cropped-Sigma-Care-icon.png\",\"contentUrl\":\"https:\/\/sigmabed.com\/wp-content\/uploads\/2023\/07\/cropped-Sigma-Care-icon.png\",\"width\":512,\"height\":512,\"caption\":\"\u4e9e\u8b77\u958b\u767c\u80a1\u4efd\u6709\u9650\u516c\u53f8\"},\"image\":{\"@id\":\"https:\/\/sigmabed.com\/#\/schema\/logo\/image\/\"}}]}<\/script>\n<!-- \/ Yoast SEO Premium plugin. -->","yoast_head_json":{"title":"BT-100 \u4e0d\u93fd\u92fc\u6025\u8a3a\u63a8\u5e8a | SigmaCare","robots":{"index":"index","follow":"follow","max-snippet":"max-snippet:-1","max-image-preview":"max-image-preview:large","max-video-preview":"max-video-preview:-1"},"canonical":"https:\/\/sigmabed.com\/vi\/san-pham\/bt-100-\u4e0d\u93fd\u92fc\u6025\u8a3a\u63a8\u5e8a\/","og_locale":"vi_VN","og_type":"article","og_title":"BT-100 \u4e0d\u93fd\u92fc\u6025\u8a3a\u63a8\u5e8a","og_description":"\u5916\u89c0\u5c3a\u5bf8\uff1aL1900 x W740mm \u6750\u8cea\uff1a#304\u4e0d\u92b9\u92fc \u80cc\u90e8\u9762\u677f\uff1a\u624b\u52d5\u65b9\u5f0f\u8abf\u6574\u89d2\u5ea6 \u9ad8\u5ea6\u8abf\u6574\uff1aH650m &hellip; BT-100 \u4e0d\u93fd\u92fc\u6025\u8a3a\u63a8\u5e8a Read More &raquo;","og_url":"https:\/\/sigmabed.com\/vi\/san-pham\/bt-100-\u4e0d\u93fd\u92fc\u6025\u8a3a\u63a8\u5e8a\/","og_site_name":"SigmaCare","article_modified_time":"2023-10-18T02:21:30+00:00","og_image":[{"width":614,"height":554,"url":"https:\/\/sigmabed.com\/wp-content\/uploads\/2023\/10\/BT-100.jpg","type":"image\/jpeg"}],"twitter_card":"summary_large_image","schema":{"@context":"https:\/\/schema.org","@graph":[{"@type":"WebPage","@id":"https:\/\/sigmabed.com\/product\/bt-100-%e4%b8%8d%e9%8f%bd%e9%8b%bc%e6%80%a5%e8%a8%ba%e6%8e%a8%e5%ba%8a\/","url":"https:\/\/sigmabed.com\/product\/bt-100-%e4%b8%8d%e9%8f%bd%e9%8b%bc%e6%80%a5%e8%a8%ba%e6%8e%a8%e5%ba%8a\/","name":"BT-100 \u4e0d\u93fd\u92fc\u6025\u8a3a\u63a8\u5e8a | SigmaCare","isPartOf":{"@id":"https:\/\/sigmabed.com\/#website"},"primaryImageOfPage":{"@id":"https:\/\/sigmabed.com\/product\/bt-100-%e4%b8%8d%e9%8f%bd%e9%8b%bc%e6%80%a5%e8%a8%ba%e6%8e%a8%e5%ba%8a\/#primaryimage"},"image":{"@id":"https:\/\/sigmabed.com\/product\/bt-100-%e4%b8%8d%e9%8f%bd%e9%8b%bc%e6%80%a5%e8%a8%ba%e6%8e%a8%e5%ba%8a\/#primaryimage"},"thumbnailUrl":"https:\/\/sigmabed.com\/wp-content\/uploads\/2023\/10\/BT-100.jpg","datePublished":"2023-10-18T02:21:29+00:00","dateModified":"2023-10-18T02:21:30+00:00","breadcrumb":{"@id":"https:\/\/sigmabed.com\/product\/bt-100-%e4%b8%8d%e9%8f%bd%e9%8b%bc%e6%80%a5%e8%a8%ba%e6%8e%a8%e5%ba%8a\/#breadcrumb"},"inLanguage":"vi","potentialAction":[{"@type":"ReadAction","target":["https:\/\/sigmabed.com\/product\/bt-100-%e4%b8%8d%e9%8f%bd%e9%8b%bc%e6%80%a5%e8%a8%ba%e6%8e%a8%e5%ba%8a\/"]}]},{"@type":"ImageObject","inLanguage":"vi","@id":"https:\/\/sigmabed.com\/product\/bt-100-%e4%b8%8d%e9%8f%bd%e9%8b%bc%e6%80%a5%e8%a8%ba%e6%8e%a8%e5%ba%8a\/#primaryimage","url":"https:\/\/sigmabed.com\/wp-content\/uploads\/2023\/10\/BT-100.jpg","contentUrl":"https:\/\/sigmabed.com\/wp-content\/uploads\/2023\/10\/BT-100.jpg","width":614,"height":554},{"@type":"BreadcrumbList","@id":"https:\/\/sigmabed.com\/product\/bt-100-%e4%b8%8d%e9%8f%bd%e9%8b%bc%e6%80%a5%e8%a8%ba%e6%8e%a8%e5%ba%8a\/#breadcrumb","itemListElement":[{"@type":"ListItem","position":1,"name":"\u9996\u9801","item":"https:\/\/sigmabed.com\/"},{"@type":"ListItem","position":2,"name":"\u5546\u54c1","item":"https:\/\/sigmabed.com\/product-or\/"},{"@type":"ListItem","position":3,"name":"BT-100 \u4e0d\u93fd\u92fc\u6025\u8a3a\u63a8\u5e8a"}]},{"@type":"WebSite","@id":"https:\/\/sigmabed.com\/#website","url":"https:\/\/sigmabed.com\/","name":"SigmaCare","description":"\u91ab\u7642\u5e8a\u5c08\u5bb6","publisher":{"@id":"https:\/\/sigmabed.com\/#organization"},"potentialAction":[{"@type":"SearchAction","target":{"@type":"EntryPoint","urlTemplate":"https:\/\/sigmabed.com\/?s={search_term_string}"},"query-input":{"@type":"PropertyValueSpecification","valueRequired":true,"valueName":"search_term_string"}}],"inLanguage":"vi"},{"@type":"Organization","@id":"https:\/\/sigmabed.com\/#organization","name":"\u4e9e\u8b77\u958b\u767c\u80a1\u4efd\u6709\u9650\u516c\u53f8","alternateName":"SigmaCare","url":"https:\/\/sigmabed.com\/","logo":{"@type":"ImageObject","inLanguage":"vi","@id":"https:\/\/sigmabed.com\/#\/schema\/logo\/image\/","url":"https:\/\/sigmabed.com\/wp-content\/uploads\/2023\/07\/cropped-Sigma-Care-icon.png","contentUrl":"https:\/\/sigmabed.com\/wp-content\/uploads\/2023\/07\/cropped-Sigma-Care-icon.png","width":512,"height":512,"caption":"\u4e9e\u8b77\u958b\u767c\u80a1\u4efd\u6709\u9650\u516c\u53f8"},"image":{"@id":"https:\/\/sigmabed.com\/#\/schema\/logo\/image\/"}}]}},"_links":{"self":[{"href":"https:\/\/sigmabed.com\/vi\/wp-json\/wp\/v2\/product\/3122","targetHints":{"allow":["GET"]}}],"collection":[{"href":"https:\/\/sigmabed.com\/vi\/wp-json\/wp\/v2\/product"}],"about":[{"href":"https:\/\/sigmabed.com\/vi\/wp-json\/wp\/v2\/types\/product"}],"version-history":[{"count":0,"href":"https:\/\/sigmabed.com\/vi\/wp-json\/wp\/v2\/product\/3122\/revisions"}],"wp:featuredmedia":[{"embeddable":true,"href":"https:\/\/sigmabed.com\/vi\/wp-json\/wp\/v2\/media\/3123"}],"wp:attachment":[{"href":"https:\/\/sigmabed.com\/vi\/wp-json\/wp\/v2\/media?parent=3122"}],"wp:term":[{"taxonomy":"product_cat","embeddable":true,"href":"https:\/\/sigmabed.com\/vi\/wp-json\/wp\/v2\/product_cat?post=3122"},{"taxonomy":"product_tag","embeddable":true,"href":"https:\/\/sigmabed.com\/vi\/wp-json\/wp\/v2\/product_tag?post=3122"}],"curies":[{"name":"wp","href":"https:\/\/api.w.org\/{rel}","templated":true}]}}