{"id":3111,"date":"2023-10-18T09:49:02","date_gmt":"2023-10-18T01:49:02","guid":{"rendered":"https:\/\/sigmabed.spacecraft.com.tw\/?post_type=product&#038;p=3111"},"modified":"2023-10-18T09:52:35","modified_gmt":"2023-10-18T01:52:35","slug":"bt-600%e4%ba%a4%e5%8f%89%e5%9e%8b%e6%8e%a8%e5%ba%8a","status":"publish","type":"product","link":"https:\/\/sigmabed.com\/vi\/product\/bt-600%e4%ba%a4%e5%8f%89%e5%9e%8b%e6%8e%a8%e5%ba%8a\/","title":{"rendered":"Gi\u01b0\u1eddng \u0111\u1ea9y ch\u00e9o BT-600"},"content":{"rendered":"<p>K\u00edch th\u01b0\u1edbc b\u00ean ngo\u00e0i: L2205 x W744 x H470-870 mm<br \/>\nK\u00edch th\u01b0\u1edbc gi\u01b0\u1eddng: L2112 x W620 mm<br \/>\nK\u00edch th\u01b0\u1edbc n\u1ec7m: L2130 x W640 x H80mm<\/p>\n<p>M\u1eb7t sau: 0-85 \u0111\u1ed9<br \/>\nL\u1ed7 \u0111\u1ee9ng IV: t\u1ed5ng c\u1ed9ng 4 l\u1ed7 \u1edf c\u1ea3 hai b\u00ean<br \/>\nB\u00e1nh xe: B\u00e1nh xe phanh \u0111\u1ed9c l\u1eadp 5&quot;<\/p>\n<p>T\u1ea3i tr\u1ecdng an to\u00e0n: 180kg<br \/>\nCh\u1ea5t li\u1ec7u: Th\u00e9p s\u01a1n t\u0129nh \u0111i\u1ec7n kh\u00e1ng khu\u1ea9n <\/p>\n<p>B\u1ea3ng l\u01b0u tr\u1eef d\u01b0\u1edbi c\u00f9ng<br \/>\nLan can hai b\u00ean c\u00f3 th\u1ec3 \u0111\u1eb7t d\u01b0\u1edbi g\u1ea7m gi\u01b0\u1eddng khi c\u1ea5t gi\u1eef.<br \/>\nThi\u1ebft k\u1ebf b\u00ecnh ch\u1ee9a oxy d\u01b0\u1edbi gi\u01b0\u1eddng (1500 l\u00edt)<br \/>\nB\u1ec1 m\u1eb7t b\u1ea3ng \u0111i\u1ec1u khi\u1ec3n: l\u1ed7 c\u1ed1 \u0111\u1ecbnh \u0111ai an to\u00e0n hai ph\u1ea7n: t\u1ed5ng c\u1ed9ng 18 l\u1ed7 \u1edf c\u1ea3 hai b\u00ean<\/p>\n<p>C\u1eeda h\u00e0ng:<br \/>\n(1) \u0110\u1ebf nh\u1ecf gi\u1ecdt hai ph\u1ea7n<br \/>\n(2) D\u00e2y \u0111ai h\u1ea1n ch\u1ebf: L3000xW50mm<br \/>\n(3) M\u1eb7t sau c\u00f3 th\u1ec3 ch\u1ee5p X-quang<\/p>","protected":false},"excerpt":{"rendered":"<p>BT-600 l\u00e0 gi\u01b0\u1eddng \u0111\u1ea9y c\u1ea5p c\u1ee9u gi\u00e1 c\u1ea3 ph\u1ea3i ch\u0103ng v\u1edbi thi\u1ebft k\u1ebf g\u1ecdn nh\u1eb9 ph\u00f9 h\u1ee3p v\u1edbi c\u00e1c c\u01a1 s\u1edf y t\u1ebf ho\u1eb7c nh\u1eefng n\u01a1i c\u00f3 kh\u00f4ng gian h\u1ea1n ch\u1ebf.<\/p>\n<p>t\u00ednh n\u0103ng:<br \/>\n1. \u0110i\u1ec1u ch\u1ec9nh \u0111\u1ed9 cao c\u1ee7a gi\u01b0\u1eddng th\u00f4ng qua h\u1ec7 th\u1ed1ng tay quay<br \/>\n2. Thanh \u00e1p su\u1ea5t kh\u00f4ng kh\u00ed h\u1ed7 tr\u1ee3 \u0111i\u1ec1u ch\u1ec9nh g\u00f3c \u0111\u1ea7u<br \/>\n3. Khung gi\u01b0\u1eddng b\u1eb1ng th\u00e9p (s\u01a1n t\u0129nh \u0111i\u1ec7n kh\u00e1ng khu\u1ea9n)<br \/>\n4. Lan can c\u00f3 th\u1ec3 g\u1eadp l\u1ea1i<br \/>\n5. Gi\u00e1 \u0111\u1ee1 b\u00ecnh oxy<\/p>","protected":false},"featured_media":3117,"template":"","meta":{"site-sidebar-layout":"default","site-content-layout":"default","ast-global-header-display":"","ast-banner-title-visibility":"","ast-main-header-display":"","ast-hfb-above-header-display":"","ast-hfb-below-header-display":"","ast-hfb-mobile-header-display":"","site-post-title":"","ast-breadcrumbs-content":"","ast-featured-img":"","footer-sml-layout":"","theme-transparent-header-meta":"default","adv-header-id-meta":"","stick-header-meta":"","header-above-stick-meta":"","header-main-stick-meta":"","header-below-stick-meta":""},"product_cat":[215],"product_tag":[],"class_list":["post-3111","product","type-product","status-publish","has-post-thumbnail","hentry","product_cat-215","desktop-align-left","tablet-align-left","mobile-align-left"],"yoast_head":"<!-- This site is optimized with the Yoast SEO Premium plugin v25.3 (Yoast SEO v25.3) - https:\/\/yoast.com\/wordpress\/plugins\/seo\/ -->\n<title>BT-600\u4ea4\u53c9\u578b\u63a8\u5e8a | SigmaCare<\/title>\n<meta name=\"robots\" content=\"index, follow, max-snippet:-1, max-image-preview:large, max-video-preview:-1\" \/>\n<link rel=\"canonical\" href=\"https:\/\/sigmabed.com\/vi\/san-pham\/bt-600\u4ea4\u53c9\u578b\u63a8\u5e8a\/\" \/>\n<meta property=\"og:locale\" content=\"vi_VN\" \/>\n<meta property=\"og:type\" content=\"article\" \/>\n<meta property=\"og:title\" content=\"BT-600\u4ea4\u53c9\u578b\u63a8\u5e8a\" \/>\n<meta property=\"og:description\" content=\"BT-600\u662f\u6b3e\u7d93\u6fdf\u5be6\u60e0\u7684\u6025\u8a3a\u63a8\u5e8a\uff0c\u8f15\u5de7\u7684\u8a2d\u8a08\u9069\u5408\u91ab\u7642\u9662\u6240\u6216\u7a7a\u9593\u6709\u9650\u7684\u5834\u6240\u3002  \u7279\u8272: 1.\u900f\u904e\u624b\u6416\u7cfb\u7d71\u8abf\u6574\u5e8a\u9ad4\u9ad8\u5ea6 2.\u6c23\u58d3\u68d2\u8f14\u52a9\u8abf\u6574\u982d\u90e8\u89d2\u5ea6 3.\u92fc\u88fd\u5e8a\u67b6(\u6297\u83cc\u7c89\u9ad4\u5857\u88dd) 4.\u53ef\u6536\u6298\u5f0f\u8b77\u6b04 5.\u6c27\u6c23\u74f6\u67b6\" \/>\n<meta property=\"og:url\" content=\"https:\/\/sigmabed.com\/vi\/san-pham\/bt-600\u4ea4\u53c9\u578b\u63a8\u5e8a\/\" \/>\n<meta property=\"og:site_name\" content=\"SigmaCare\" \/>\n<meta property=\"article:modified_time\" content=\"2023-10-18T01:52:35+00:00\" \/>\n<meta property=\"og:image\" content=\"https:\/\/sigmabed.com\/wp-content\/uploads\/2023\/10\/BT-600\u4ea4\u53c9\u578b\u63a8\u5e8a.jpg\" \/>\n\t<meta property=\"og:image:width\" content=\"800\" \/>\n\t<meta property=\"og:image:height\" content=\"800\" \/>\n\t<meta property=\"og:image:type\" content=\"image\/jpeg\" \/>\n<meta name=\"twitter:card\" content=\"summary_large_image\" \/>\n<meta name=\"twitter:label1\" content=\"\u01af\u1edbc t\u00ednh th\u1eddi gian \u0111\u1ecdc\" \/>\n\t<meta name=\"twitter:data1\" content=\"1 ph\u00fat\" \/>\n<script type=\"application\/ld+json\" class=\"yoast-schema-graph\">{\"@context\":\"https:\/\/schema.org\",\"@graph\":[{\"@type\":\"WebPage\",\"@id\":\"https:\/\/sigmabed.com\/product\/bt-600%e4%ba%a4%e5%8f%89%e5%9e%8b%e6%8e%a8%e5%ba%8a\/\",\"url\":\"https:\/\/sigmabed.com\/product\/bt-600%e4%ba%a4%e5%8f%89%e5%9e%8b%e6%8e%a8%e5%ba%8a\/\",\"name\":\"BT-600\u4ea4\u53c9\u578b\u63a8\u5e8a | SigmaCare\",\"isPartOf\":{\"@id\":\"https:\/\/sigmabed.com\/#website\"},\"primaryImageOfPage\":{\"@id\":\"https:\/\/sigmabed.com\/product\/bt-600%e4%ba%a4%e5%8f%89%e5%9e%8b%e6%8e%a8%e5%ba%8a\/#primaryimage\"},\"image\":{\"@id\":\"https:\/\/sigmabed.com\/product\/bt-600%e4%ba%a4%e5%8f%89%e5%9e%8b%e6%8e%a8%e5%ba%8a\/#primaryimage\"},\"thumbnailUrl\":\"https:\/\/sigmabed.com\/wp-content\/uploads\/2023\/10\/BT-600\u4ea4\u53c9\u578b\u63a8\u5e8a.jpg\",\"datePublished\":\"2023-10-18T01:49:02+00:00\",\"dateModified\":\"2023-10-18T01:52:35+00:00\",\"breadcrumb\":{\"@id\":\"https:\/\/sigmabed.com\/product\/bt-600%e4%ba%a4%e5%8f%89%e5%9e%8b%e6%8e%a8%e5%ba%8a\/#breadcrumb\"},\"inLanguage\":\"vi\",\"potentialAction\":[{\"@type\":\"ReadAction\",\"target\":[\"https:\/\/sigmabed.com\/product\/bt-600%e4%ba%a4%e5%8f%89%e5%9e%8b%e6%8e%a8%e5%ba%8a\/\"]}]},{\"@type\":\"ImageObject\",\"inLanguage\":\"vi\",\"@id\":\"https:\/\/sigmabed.com\/product\/bt-600%e4%ba%a4%e5%8f%89%e5%9e%8b%e6%8e%a8%e5%ba%8a\/#primaryimage\",\"url\":\"https:\/\/sigmabed.com\/wp-content\/uploads\/2023\/10\/BT-600\u4ea4\u53c9\u578b\u63a8\u5e8a.jpg\",\"contentUrl\":\"https:\/\/sigmabed.com\/wp-content\/uploads\/2023\/10\/BT-600\u4ea4\u53c9\u578b\u63a8\u5e8a.jpg\",\"width\":800,\"height\":800},{\"@type\":\"BreadcrumbList\",\"@id\":\"https:\/\/sigmabed.com\/product\/bt-600%e4%ba%a4%e5%8f%89%e5%9e%8b%e6%8e%a8%e5%ba%8a\/#breadcrumb\",\"itemListElement\":[{\"@type\":\"ListItem\",\"position\":1,\"name\":\"\u9996\u9801\",\"item\":\"https:\/\/sigmabed.com\/\"},{\"@type\":\"ListItem\",\"position\":2,\"name\":\"\u5546\u54c1\",\"item\":\"https:\/\/sigmabed.com\/product-or\/\"},{\"@type\":\"ListItem\",\"position\":3,\"name\":\"BT-600\u4ea4\u53c9\u578b\u63a8\u5e8a\"}]},{\"@type\":\"WebSite\",\"@id\":\"https:\/\/sigmabed.com\/#website\",\"url\":\"https:\/\/sigmabed.com\/\",\"name\":\"SigmaCare\",\"description\":\"\u91ab\u7642\u5e8a\u5c08\u5bb6\",\"publisher\":{\"@id\":\"https:\/\/sigmabed.com\/#organization\"},\"potentialAction\":[{\"@type\":\"SearchAction\",\"target\":{\"@type\":\"EntryPoint\",\"urlTemplate\":\"https:\/\/sigmabed.com\/?s={search_term_string}\"},\"query-input\":{\"@type\":\"PropertyValueSpecification\",\"valueRequired\":true,\"valueName\":\"search_term_string\"}}],\"inLanguage\":\"vi\"},{\"@type\":\"Organization\",\"@id\":\"https:\/\/sigmabed.com\/#organization\",\"name\":\"\u4e9e\u8b77\u958b\u767c\u80a1\u4efd\u6709\u9650\u516c\u53f8\",\"alternateName\":\"SigmaCare\",\"url\":\"https:\/\/sigmabed.com\/\",\"logo\":{\"@type\":\"ImageObject\",\"inLanguage\":\"vi\",\"@id\":\"https:\/\/sigmabed.com\/#\/schema\/logo\/image\/\",\"url\":\"https:\/\/sigmabed.com\/wp-content\/uploads\/2023\/07\/cropped-Sigma-Care-icon.png\",\"contentUrl\":\"https:\/\/sigmabed.com\/wp-content\/uploads\/2023\/07\/cropped-Sigma-Care-icon.png\",\"width\":512,\"height\":512,\"caption\":\"\u4e9e\u8b77\u958b\u767c\u80a1\u4efd\u6709\u9650\u516c\u53f8\"},\"image\":{\"@id\":\"https:\/\/sigmabed.com\/#\/schema\/logo\/image\/\"}}]}<\/script>\n<!-- \/ Yoast SEO Premium plugin. -->","yoast_head_json":{"title":"BT-600\u4ea4\u53c9\u578b\u63a8\u5e8a | SigmaCare","robots":{"index":"index","follow":"follow","max-snippet":"max-snippet:-1","max-image-preview":"max-image-preview:large","max-video-preview":"max-video-preview:-1"},"canonical":"https:\/\/sigmabed.com\/vi\/san-pham\/bt-600\u4ea4\u53c9\u578b\u63a8\u5e8a\/","og_locale":"vi_VN","og_type":"article","og_title":"BT-600\u4ea4\u53c9\u578b\u63a8\u5e8a","og_description":"BT-600\u662f\u6b3e\u7d93\u6fdf\u5be6\u60e0\u7684\u6025\u8a3a\u63a8\u5e8a\uff0c\u8f15\u5de7\u7684\u8a2d\u8a08\u9069\u5408\u91ab\u7642\u9662\u6240\u6216\u7a7a\u9593\u6709\u9650\u7684\u5834\u6240\u3002  \u7279\u8272: 1.\u900f\u904e\u624b\u6416\u7cfb\u7d71\u8abf\u6574\u5e8a\u9ad4\u9ad8\u5ea6 2.\u6c23\u58d3\u68d2\u8f14\u52a9\u8abf\u6574\u982d\u90e8\u89d2\u5ea6 3.\u92fc\u88fd\u5e8a\u67b6(\u6297\u83cc\u7c89\u9ad4\u5857\u88dd) 4.\u53ef\u6536\u6298\u5f0f\u8b77\u6b04 5.\u6c27\u6c23\u74f6\u67b6","og_url":"https:\/\/sigmabed.com\/vi\/san-pham\/bt-600\u4ea4\u53c9\u578b\u63a8\u5e8a\/","og_site_name":"SigmaCare","article_modified_time":"2023-10-18T01:52:35+00:00","og_image":[{"width":800,"height":800,"url":"https:\/\/sigmabed.com\/wp-content\/uploads\/2023\/10\/BT-600\u4ea4\u53c9\u578b\u63a8\u5e8a.jpg","type":"image\/jpeg"}],"twitter_card":"summary_large_image","twitter_misc":{"\u01af\u1edbc t\u00ednh th\u1eddi gian \u0111\u1ecdc":"1 ph\u00fat"},"schema":{"@context":"https:\/\/schema.org","@graph":[{"@type":"WebPage","@id":"https:\/\/sigmabed.com\/product\/bt-600%e4%ba%a4%e5%8f%89%e5%9e%8b%e6%8e%a8%e5%ba%8a\/","url":"https:\/\/sigmabed.com\/product\/bt-600%e4%ba%a4%e5%8f%89%e5%9e%8b%e6%8e%a8%e5%ba%8a\/","name":"BT-600\u4ea4\u53c9\u578b\u63a8\u5e8a | SigmaCare","isPartOf":{"@id":"https:\/\/sigmabed.com\/#website"},"primaryImageOfPage":{"@id":"https:\/\/sigmabed.com\/product\/bt-600%e4%ba%a4%e5%8f%89%e5%9e%8b%e6%8e%a8%e5%ba%8a\/#primaryimage"},"image":{"@id":"https:\/\/sigmabed.com\/product\/bt-600%e4%ba%a4%e5%8f%89%e5%9e%8b%e6%8e%a8%e5%ba%8a\/#primaryimage"},"thumbnailUrl":"https:\/\/sigmabed.com\/wp-content\/uploads\/2023\/10\/BT-600\u4ea4\u53c9\u578b\u63a8\u5e8a.jpg","datePublished":"2023-10-18T01:49:02+00:00","dateModified":"2023-10-18T01:52:35+00:00","breadcrumb":{"@id":"https:\/\/sigmabed.com\/product\/bt-600%e4%ba%a4%e5%8f%89%e5%9e%8b%e6%8e%a8%e5%ba%8a\/#breadcrumb"},"inLanguage":"vi","potentialAction":[{"@type":"ReadAction","target":["https:\/\/sigmabed.com\/product\/bt-600%e4%ba%a4%e5%8f%89%e5%9e%8b%e6%8e%a8%e5%ba%8a\/"]}]},{"@type":"ImageObject","inLanguage":"vi","@id":"https:\/\/sigmabed.com\/product\/bt-600%e4%ba%a4%e5%8f%89%e5%9e%8b%e6%8e%a8%e5%ba%8a\/#primaryimage","url":"https:\/\/sigmabed.com\/wp-content\/uploads\/2023\/10\/BT-600\u4ea4\u53c9\u578b\u63a8\u5e8a.jpg","contentUrl":"https:\/\/sigmabed.com\/wp-content\/uploads\/2023\/10\/BT-600\u4ea4\u53c9\u578b\u63a8\u5e8a.jpg","width":800,"height":800},{"@type":"BreadcrumbList","@id":"https:\/\/sigmabed.com\/product\/bt-600%e4%ba%a4%e5%8f%89%e5%9e%8b%e6%8e%a8%e5%ba%8a\/#breadcrumb","itemListElement":[{"@type":"ListItem","position":1,"name":"\u9996\u9801","item":"https:\/\/sigmabed.com\/"},{"@type":"ListItem","position":2,"name":"\u5546\u54c1","item":"https:\/\/sigmabed.com\/product-or\/"},{"@type":"ListItem","position":3,"name":"BT-600\u4ea4\u53c9\u578b\u63a8\u5e8a"}]},{"@type":"WebSite","@id":"https:\/\/sigmabed.com\/#website","url":"https:\/\/sigmabed.com\/","name":"SigmaCare","description":"\u91ab\u7642\u5e8a\u5c08\u5bb6","publisher":{"@id":"https:\/\/sigmabed.com\/#organization"},"potentialAction":[{"@type":"SearchAction","target":{"@type":"EntryPoint","urlTemplate":"https:\/\/sigmabed.com\/?s={search_term_string}"},"query-input":{"@type":"PropertyValueSpecification","valueRequired":true,"valueName":"search_term_string"}}],"inLanguage":"vi"},{"@type":"Organization","@id":"https:\/\/sigmabed.com\/#organization","name":"\u4e9e\u8b77\u958b\u767c\u80a1\u4efd\u6709\u9650\u516c\u53f8","alternateName":"SigmaCare","url":"https:\/\/sigmabed.com\/","logo":{"@type":"ImageObject","inLanguage":"vi","@id":"https:\/\/sigmabed.com\/#\/schema\/logo\/image\/","url":"https:\/\/sigmabed.com\/wp-content\/uploads\/2023\/07\/cropped-Sigma-Care-icon.png","contentUrl":"https:\/\/sigmabed.com\/wp-content\/uploads\/2023\/07\/cropped-Sigma-Care-icon.png","width":512,"height":512,"caption":"\u4e9e\u8b77\u958b\u767c\u80a1\u4efd\u6709\u9650\u516c\u53f8"},"image":{"@id":"https:\/\/sigmabed.com\/#\/schema\/logo\/image\/"}}]}},"_links":{"self":[{"href":"https:\/\/sigmabed.com\/vi\/wp-json\/wp\/v2\/product\/3111","targetHints":{"allow":["GET"]}}],"collection":[{"href":"https:\/\/sigmabed.com\/vi\/wp-json\/wp\/v2\/product"}],"about":[{"href":"https:\/\/sigmabed.com\/vi\/wp-json\/wp\/v2\/types\/product"}],"version-history":[{"count":0,"href":"https:\/\/sigmabed.com\/vi\/wp-json\/wp\/v2\/product\/3111\/revisions"}],"wp:featuredmedia":[{"embeddable":true,"href":"https:\/\/sigmabed.com\/vi\/wp-json\/wp\/v2\/media\/3117"}],"wp:attachment":[{"href":"https:\/\/sigmabed.com\/vi\/wp-json\/wp\/v2\/media?parent=3111"}],"wp:term":[{"taxonomy":"product_cat","embeddable":true,"href":"https:\/\/sigmabed.com\/vi\/wp-json\/wp\/v2\/product_cat?post=3111"},{"taxonomy":"product_tag","embeddable":true,"href":"https:\/\/sigmabed.com\/vi\/wp-json\/wp\/v2\/product_tag?post=3111"}],"curies":[{"name":"wp","href":"https:\/\/api.w.org\/{rel}","templated":true}]}}