{"id":3083,"date":"2023-10-11T14:12:21","date_gmt":"2023-10-11T06:12:21","guid":{"rendered":"https:\/\/sigmabed.spacecraft.com.tw\/?post_type=product&#038;p=3083"},"modified":"2023-10-11T14:12:23","modified_gmt":"2023-10-11T06:12:23","slug":"bt-300-%e4%b8%8d%e9%8a%b9%e9%8b%bc%e6%80%a5%e8%a8%ba%e6%8e%a8%e5%ba%8a","status":"publish","type":"product","link":"https:\/\/sigmabed.com\/vi\/product\/bt-300-%e4%b8%8d%e9%8a%b9%e9%8b%bc%e6%80%a5%e8%a8%ba%e6%8e%a8%e5%ba%8a\/","title":{"rendered":"Gi\u01b0\u1eddng \u0111\u1ea9y kh\u1ea9n c\u1ea5p inox BT-300"},"content":{"rendered":"<h5 class=\"txt_box\">1. K\u00edch th\u01b0\u1edbc ngo\u1ea1i h\u00ecnh: L1900xW740mm<br \/>\n2.Ch\u1ea5t li\u1ec7u: th\u00e9p kh\u00f4ng g\u1ec9 #304<br \/>\n3. M\u1eb7t sau: 0 \u2013 65 \u0111\u1ed9 (h\u1ed9p s\u1ed1 ph\u1ee5)<br \/>\n4. B\u1ea3ng ch\u00e2n: 0 \u2013 40 \u0111\u1ed9 (h\u1ed9p s\u1ed1 ph\u1ee5 rocker)<br \/>\n4. \u0110i\u1ec1u ch\u1ec9nh chi\u1ec1u cao: H540-770mm (chi\u1ec1u cao c\u1ed1 \u0111\u1ecbnh)<br \/>\n5. B\u00e1nh xe: \u00d8150 mm<br \/>\nB\u00e1nh phanh x 3, b\u00e1nh \u0111\u1ecbnh h\u01b0\u1edbng x 1<br \/>\n6. Ph\u1ee5 ki\u1ec7n: \u0110\u1ebf nh\u1ecf gi\u1ecdt c\u00f3 th\u1ec3 g\u1eadp l\u1ea1i x 2<br \/>\nN\u1ec7m 2&quot; x 1<\/h5>","protected":false},"excerpt":{"rendered":"<p>\u203bH\u00ecnh \u1ea3nh ch\u1ec9 mang t\u00ednh tham kh\u1ea3o, vui l\u00f2ng tham kh\u1ea3o s\u1ea3n ph\u1ea9m th\u1ef1c t\u1ebf.<br \/>\n\u203bT\u1ea5t c\u1ea3 c\u00e1c gi\u00e1 tr\u1ecb dung sai k\u00edch th\u01b0\u1edbc l\u00e0 \u00b15%<\/p>","protected":false},"featured_media":859,"template":"","meta":{"site-sidebar-layout":"default","site-content-layout":"default","ast-global-header-display":"","ast-banner-title-visibility":"","ast-main-header-display":"","ast-hfb-above-header-display":"","ast-hfb-below-header-display":"","ast-hfb-mobile-header-display":"","site-post-title":"","ast-breadcrumbs-content":"","ast-featured-img":"","footer-sml-layout":"","theme-transparent-header-meta":"default","adv-header-id-meta":"","stick-header-meta":"","header-above-stick-meta":"","header-main-stick-meta":"","header-below-stick-meta":""},"product_cat":[161,164],"product_tag":[],"class_list":["post-3083","product","type-product","status-publish","has-post-thumbnail","hentry","product_cat-emergency-bed","product_cat-emergency-bed-steel","desktop-align-left","tablet-align-left","mobile-align-left"],"yoast_head":"<!-- This site is optimized with the Yoast SEO Premium plugin v25.3 (Yoast SEO v25.3) - https:\/\/yoast.com\/wordpress\/plugins\/seo\/ -->\n<title>BT-300 \u4e0d\u92b9\u92fc\u6025\u8a3a\u63a8\u5e8a | SigmaCare<\/title>\n<meta name=\"robots\" content=\"index, follow, max-snippet:-1, max-image-preview:large, max-video-preview:-1\" \/>\n<link rel=\"canonical\" href=\"https:\/\/sigmabed.com\/vi\/san-pham\/bt-300-\u4e0d\u92b9\u92fc\u6025\u8a3a\u63a8\u5e8a\/\" \/>\n<meta property=\"og:locale\" content=\"vi_VN\" \/>\n<meta property=\"og:type\" content=\"article\" \/>\n<meta property=\"og:title\" content=\"BT-300 \u4e0d\u92b9\u92fc\u6025\u8a3a\u63a8\u5e8a\" \/>\n<meta property=\"og:description\" content=\"\u203b\u5716\u7247\u50c5\u4f9b\u53c3\u8003\uff0c\u8acb\u4ee5\u5be6\u969b\u7269\u54c1\u70ba\u6e96 \u203b\u6240\u6709\u5c3a\u5bf8\u516c\u5dee\u503c \u00b15%\" \/>\n<meta property=\"og:url\" content=\"https:\/\/sigmabed.com\/vi\/san-pham\/bt-300-\u4e0d\u92b9\u92fc\u6025\u8a3a\u63a8\u5e8a\/\" \/>\n<meta property=\"og:site_name\" content=\"SigmaCare\" \/>\n<meta property=\"article:modified_time\" content=\"2023-10-11T06:12:23+00:00\" \/>\n<meta property=\"og:image\" content=\"https:\/\/sigmabed.com\/wp-content\/uploads\/2023\/05\/\u6025\u8a3a\u63a8\u5e8a.png\" \/>\n\t<meta property=\"og:image:width\" content=\"500\" \/>\n\t<meta property=\"og:image:height\" content=\"367\" \/>\n\t<meta property=\"og:image:type\" content=\"image\/png\" \/>\n<meta name=\"twitter:card\" content=\"summary_large_image\" \/>\n<meta name=\"twitter:label1\" content=\"\u01af\u1edbc t\u00ednh th\u1eddi gian \u0111\u1ecdc\" \/>\n\t<meta name=\"twitter:data1\" content=\"1 ph\u00fat\" \/>\n<script type=\"application\/ld+json\" class=\"yoast-schema-graph\">{\"@context\":\"https:\/\/schema.org\",\"@graph\":[{\"@type\":\"WebPage\",\"@id\":\"https:\/\/sigmabed.com\/product\/bt-300-%e4%b8%8d%e9%8a%b9%e9%8b%bc%e6%80%a5%e8%a8%ba%e6%8e%a8%e5%ba%8a\/\",\"url\":\"https:\/\/sigmabed.com\/product\/bt-300-%e4%b8%8d%e9%8a%b9%e9%8b%bc%e6%80%a5%e8%a8%ba%e6%8e%a8%e5%ba%8a\/\",\"name\":\"BT-300 \u4e0d\u92b9\u92fc\u6025\u8a3a\u63a8\u5e8a | SigmaCare\",\"isPartOf\":{\"@id\":\"https:\/\/sigmabed.com\/#website\"},\"primaryImageOfPage\":{\"@id\":\"https:\/\/sigmabed.com\/product\/bt-300-%e4%b8%8d%e9%8a%b9%e9%8b%bc%e6%80%a5%e8%a8%ba%e6%8e%a8%e5%ba%8a\/#primaryimage\"},\"image\":{\"@id\":\"https:\/\/sigmabed.com\/product\/bt-300-%e4%b8%8d%e9%8a%b9%e9%8b%bc%e6%80%a5%e8%a8%ba%e6%8e%a8%e5%ba%8a\/#primaryimage\"},\"thumbnailUrl\":\"https:\/\/sigmabed.com\/wp-content\/uploads\/2023\/05\/\u6025\u8a3a\u63a8\u5e8a.png\",\"datePublished\":\"2023-10-11T06:12:21+00:00\",\"dateModified\":\"2023-10-11T06:12:23+00:00\",\"breadcrumb\":{\"@id\":\"https:\/\/sigmabed.com\/product\/bt-300-%e4%b8%8d%e9%8a%b9%e9%8b%bc%e6%80%a5%e8%a8%ba%e6%8e%a8%e5%ba%8a\/#breadcrumb\"},\"inLanguage\":\"vi\",\"potentialAction\":[{\"@type\":\"ReadAction\",\"target\":[\"https:\/\/sigmabed.com\/product\/bt-300-%e4%b8%8d%e9%8a%b9%e9%8b%bc%e6%80%a5%e8%a8%ba%e6%8e%a8%e5%ba%8a\/\"]}]},{\"@type\":\"ImageObject\",\"inLanguage\":\"vi\",\"@id\":\"https:\/\/sigmabed.com\/product\/bt-300-%e4%b8%8d%e9%8a%b9%e9%8b%bc%e6%80%a5%e8%a8%ba%e6%8e%a8%e5%ba%8a\/#primaryimage\",\"url\":\"https:\/\/sigmabed.com\/wp-content\/uploads\/2023\/05\/\u6025\u8a3a\u63a8\u5e8a.png\",\"contentUrl\":\"https:\/\/sigmabed.com\/wp-content\/uploads\/2023\/05\/\u6025\u8a3a\u63a8\u5e8a.png\",\"width\":500,\"height\":367},{\"@type\":\"BreadcrumbList\",\"@id\":\"https:\/\/sigmabed.com\/product\/bt-300-%e4%b8%8d%e9%8a%b9%e9%8b%bc%e6%80%a5%e8%a8%ba%e6%8e%a8%e5%ba%8a\/#breadcrumb\",\"itemListElement\":[{\"@type\":\"ListItem\",\"position\":1,\"name\":\"\u9996\u9801\",\"item\":\"https:\/\/sigmabed.com\/\"},{\"@type\":\"ListItem\",\"position\":2,\"name\":\"\u5546\u54c1\",\"item\":\"https:\/\/sigmabed.com\/product-or\/\"},{\"@type\":\"ListItem\",\"position\":3,\"name\":\"BT-300 \u4e0d\u92b9\u92fc\u6025\u8a3a\u63a8\u5e8a\"}]},{\"@type\":\"WebSite\",\"@id\":\"https:\/\/sigmabed.com\/#website\",\"url\":\"https:\/\/sigmabed.com\/\",\"name\":\"SigmaCare\",\"description\":\"\u91ab\u7642\u5e8a\u5c08\u5bb6\",\"publisher\":{\"@id\":\"https:\/\/sigmabed.com\/#organization\"},\"potentialAction\":[{\"@type\":\"SearchAction\",\"target\":{\"@type\":\"EntryPoint\",\"urlTemplate\":\"https:\/\/sigmabed.com\/?s={search_term_string}\"},\"query-input\":{\"@type\":\"PropertyValueSpecification\",\"valueRequired\":true,\"valueName\":\"search_term_string\"}}],\"inLanguage\":\"vi\"},{\"@type\":\"Organization\",\"@id\":\"https:\/\/sigmabed.com\/#organization\",\"name\":\"\u4e9e\u8b77\u958b\u767c\u80a1\u4efd\u6709\u9650\u516c\u53f8\",\"alternateName\":\"SigmaCare\",\"url\":\"https:\/\/sigmabed.com\/\",\"logo\":{\"@type\":\"ImageObject\",\"inLanguage\":\"vi\",\"@id\":\"https:\/\/sigmabed.com\/#\/schema\/logo\/image\/\",\"url\":\"https:\/\/sigmabed.com\/wp-content\/uploads\/2023\/07\/cropped-Sigma-Care-icon.png\",\"contentUrl\":\"https:\/\/sigmabed.com\/wp-content\/uploads\/2023\/07\/cropped-Sigma-Care-icon.png\",\"width\":512,\"height\":512,\"caption\":\"\u4e9e\u8b77\u958b\u767c\u80a1\u4efd\u6709\u9650\u516c\u53f8\"},\"image\":{\"@id\":\"https:\/\/sigmabed.com\/#\/schema\/logo\/image\/\"}}]}<\/script>\n<!-- \/ Yoast SEO Premium plugin. -->","yoast_head_json":{"title":"BT-300 \u4e0d\u92b9\u92fc\u6025\u8a3a\u63a8\u5e8a | SigmaCare","robots":{"index":"index","follow":"follow","max-snippet":"max-snippet:-1","max-image-preview":"max-image-preview:large","max-video-preview":"max-video-preview:-1"},"canonical":"https:\/\/sigmabed.com\/vi\/san-pham\/bt-300-\u4e0d\u92b9\u92fc\u6025\u8a3a\u63a8\u5e8a\/","og_locale":"vi_VN","og_type":"article","og_title":"BT-300 \u4e0d\u92b9\u92fc\u6025\u8a3a\u63a8\u5e8a","og_description":"\u203b\u5716\u7247\u50c5\u4f9b\u53c3\u8003\uff0c\u8acb\u4ee5\u5be6\u969b\u7269\u54c1\u70ba\u6e96 \u203b\u6240\u6709\u5c3a\u5bf8\u516c\u5dee\u503c \u00b15%","og_url":"https:\/\/sigmabed.com\/vi\/san-pham\/bt-300-\u4e0d\u92b9\u92fc\u6025\u8a3a\u63a8\u5e8a\/","og_site_name":"SigmaCare","article_modified_time":"2023-10-11T06:12:23+00:00","og_image":[{"width":500,"height":367,"url":"https:\/\/sigmabed.com\/wp-content\/uploads\/2023\/05\/\u6025\u8a3a\u63a8\u5e8a.png","type":"image\/png"}],"twitter_card":"summary_large_image","twitter_misc":{"\u01af\u1edbc t\u00ednh th\u1eddi gian \u0111\u1ecdc":"1 ph\u00fat"},"schema":{"@context":"https:\/\/schema.org","@graph":[{"@type":"WebPage","@id":"https:\/\/sigmabed.com\/product\/bt-300-%e4%b8%8d%e9%8a%b9%e9%8b%bc%e6%80%a5%e8%a8%ba%e6%8e%a8%e5%ba%8a\/","url":"https:\/\/sigmabed.com\/product\/bt-300-%e4%b8%8d%e9%8a%b9%e9%8b%bc%e6%80%a5%e8%a8%ba%e6%8e%a8%e5%ba%8a\/","name":"BT-300 \u4e0d\u92b9\u92fc\u6025\u8a3a\u63a8\u5e8a | SigmaCare","isPartOf":{"@id":"https:\/\/sigmabed.com\/#website"},"primaryImageOfPage":{"@id":"https:\/\/sigmabed.com\/product\/bt-300-%e4%b8%8d%e9%8a%b9%e9%8b%bc%e6%80%a5%e8%a8%ba%e6%8e%a8%e5%ba%8a\/#primaryimage"},"image":{"@id":"https:\/\/sigmabed.com\/product\/bt-300-%e4%b8%8d%e9%8a%b9%e9%8b%bc%e6%80%a5%e8%a8%ba%e6%8e%a8%e5%ba%8a\/#primaryimage"},"thumbnailUrl":"https:\/\/sigmabed.com\/wp-content\/uploads\/2023\/05\/\u6025\u8a3a\u63a8\u5e8a.png","datePublished":"2023-10-11T06:12:21+00:00","dateModified":"2023-10-11T06:12:23+00:00","breadcrumb":{"@id":"https:\/\/sigmabed.com\/product\/bt-300-%e4%b8%8d%e9%8a%b9%e9%8b%bc%e6%80%a5%e8%a8%ba%e6%8e%a8%e5%ba%8a\/#breadcrumb"},"inLanguage":"vi","potentialAction":[{"@type":"ReadAction","target":["https:\/\/sigmabed.com\/product\/bt-300-%e4%b8%8d%e9%8a%b9%e9%8b%bc%e6%80%a5%e8%a8%ba%e6%8e%a8%e5%ba%8a\/"]}]},{"@type":"ImageObject","inLanguage":"vi","@id":"https:\/\/sigmabed.com\/product\/bt-300-%e4%b8%8d%e9%8a%b9%e9%8b%bc%e6%80%a5%e8%a8%ba%e6%8e%a8%e5%ba%8a\/#primaryimage","url":"https:\/\/sigmabed.com\/wp-content\/uploads\/2023\/05\/\u6025\u8a3a\u63a8\u5e8a.png","contentUrl":"https:\/\/sigmabed.com\/wp-content\/uploads\/2023\/05\/\u6025\u8a3a\u63a8\u5e8a.png","width":500,"height":367},{"@type":"BreadcrumbList","@id":"https:\/\/sigmabed.com\/product\/bt-300-%e4%b8%8d%e9%8a%b9%e9%8b%bc%e6%80%a5%e8%a8%ba%e6%8e%a8%e5%ba%8a\/#breadcrumb","itemListElement":[{"@type":"ListItem","position":1,"name":"\u9996\u9801","item":"https:\/\/sigmabed.com\/"},{"@type":"ListItem","position":2,"name":"\u5546\u54c1","item":"https:\/\/sigmabed.com\/product-or\/"},{"@type":"ListItem","position":3,"name":"BT-300 \u4e0d\u92b9\u92fc\u6025\u8a3a\u63a8\u5e8a"}]},{"@type":"WebSite","@id":"https:\/\/sigmabed.com\/#website","url":"https:\/\/sigmabed.com\/","name":"SigmaCare","description":"\u91ab\u7642\u5e8a\u5c08\u5bb6","publisher":{"@id":"https:\/\/sigmabed.com\/#organization"},"potentialAction":[{"@type":"SearchAction","target":{"@type":"EntryPoint","urlTemplate":"https:\/\/sigmabed.com\/?s={search_term_string}"},"query-input":{"@type":"PropertyValueSpecification","valueRequired":true,"valueName":"search_term_string"}}],"inLanguage":"vi"},{"@type":"Organization","@id":"https:\/\/sigmabed.com\/#organization","name":"\u4e9e\u8b77\u958b\u767c\u80a1\u4efd\u6709\u9650\u516c\u53f8","alternateName":"SigmaCare","url":"https:\/\/sigmabed.com\/","logo":{"@type":"ImageObject","inLanguage":"vi","@id":"https:\/\/sigmabed.com\/#\/schema\/logo\/image\/","url":"https:\/\/sigmabed.com\/wp-content\/uploads\/2023\/07\/cropped-Sigma-Care-icon.png","contentUrl":"https:\/\/sigmabed.com\/wp-content\/uploads\/2023\/07\/cropped-Sigma-Care-icon.png","width":512,"height":512,"caption":"\u4e9e\u8b77\u958b\u767c\u80a1\u4efd\u6709\u9650\u516c\u53f8"},"image":{"@id":"https:\/\/sigmabed.com\/#\/schema\/logo\/image\/"}}]}},"_links":{"self":[{"href":"https:\/\/sigmabed.com\/vi\/wp-json\/wp\/v2\/product\/3083","targetHints":{"allow":["GET"]}}],"collection":[{"href":"https:\/\/sigmabed.com\/vi\/wp-json\/wp\/v2\/product"}],"about":[{"href":"https:\/\/sigmabed.com\/vi\/wp-json\/wp\/v2\/types\/product"}],"version-history":[{"count":0,"href":"https:\/\/sigmabed.com\/vi\/wp-json\/wp\/v2\/product\/3083\/revisions"}],"wp:featuredmedia":[{"embeddable":true,"href":"https:\/\/sigmabed.com\/vi\/wp-json\/wp\/v2\/media\/859"}],"wp:attachment":[{"href":"https:\/\/sigmabed.com\/vi\/wp-json\/wp\/v2\/media?parent=3083"}],"wp:term":[{"taxonomy":"product_cat","embeddable":true,"href":"https:\/\/sigmabed.com\/vi\/wp-json\/wp\/v2\/product_cat?post=3083"},{"taxonomy":"product_tag","embeddable":true,"href":"https:\/\/sigmabed.com\/vi\/wp-json\/wp\/v2\/product_tag?post=3083"}],"curies":[{"name":"wp","href":"https:\/\/api.w.org\/{rel}","templated":true}]}}