{"id":4142,"date":"2024-03-21T16:47:52","date_gmt":"2024-03-21T08:47:52","guid":{"rendered":"https:\/\/sigmabed.com\/?post_type=product&#038;p=4142"},"modified":"2025-06-20T08:24:09","modified_gmt":"2025-06-20T00:24:09","slug":"b-631","status":"publish","type":"product","link":"https:\/\/sigmabed.com\/es\/product\/b-631\/","title":{"rendered":"B-631 Cama m\u00e9dica el\u00e9ctrica de tres funciones"},"content":{"rendered":"<div data-elementor-type=\"product-post\" data-elementor-id=\"4142\" class=\"elementor elementor-4142\">\n\t\t\t\t\t\t\t\t\t<section class=\"elementor-section elementor-top-section elementor-element elementor-element-22fa728d elementor-section-boxed elementor-section-height-default elementor-section-height-default\" data-id=\"22fa728d\" data-element_type=\"section\">\n\t\t\t\t\t\t<div class=\"elementor-container elementor-column-gap-default\">\n\t\t\t\t\t<div class=\"elementor-column elementor-col-100 elementor-top-column elementor-element elementor-element-45d56174\" data-id=\"45d56174\" data-element_type=\"column\">\n\t\t\t<div class=\"elementor-widget-wrap elementor-element-populated\">\n\t\t\t\t\t\t\t\t<div class=\"elementor-element elementor-element-6b316c9d elementor-widget elementor-widget-text-editor\" data-id=\"6b316c9d\" data-element_type=\"widget\" data-widget_type=\"text-editor.default\">\n\t\t\t\t<div class=\"elementor-widget-container\">\n\t\t\t<style>\/*! elementor - v3.15.0 - 20-08-2023 *\/\n.elementor-widget-text-editor.elementor-drop-cap-view-stacked .elementor-drop-cap{background-color:#69727d;color:#fff}.elementor-widget-text-editor.elementor-drop-cap-view-framed .elementor-drop-cap{color:#69727d;border:3px solid;background-color:transparent}.elementor-widget-text-editor:not(.elementor-drop-cap-view-default) .elementor-drop-cap{margin-top:8px}.elementor-widget-text-editor:not(.elementor-drop-cap-view-default) .elementor-drop-cap-letter{width:1em;height:1em}.elementor-widget-text-editor .elementor-drop-cap{float:left;text-align:center;line-height:1;font-size:50px}.elementor-widget-text-editor .elementor-drop-cap-letter{display:inline-block}<\/style>\t\t\t\t<ul>\r\n \t<li>Selecci\u00f3n de m\u00f3dulo flexible: elija y combine seg\u00fan sea necesario, identificaci\u00f3n de n\u00famero \u00fanico, mantenimiento simple y sin esfuerzo.<\/li>\r\n \t<li>Puedes elegir la forma y el color: una variedad de pegatinas para cabecero y pie de cama, elige tu propio estilo, lo que quieras.<\/li>\r\n \t<li>No hay l\u00edmite para la extensi\u00f3n de la cama: con la cama extensible opcional, se puede acomodar sin importar la altura que tengas.<\/li>\r\n \t<li>M\u00faltiples escenarios ilimitados: m\u00e9dico, enfermer\u00eda, hogar, adaptable a todos los escenarios, una cama con m\u00faltiples usos.<\/li>\r\n \t<li>La certificaci\u00f3n m\u00e9dica est\u00e1 garantizada: cumple con los est\u00e1ndares de seguridad m\u00e9dica como IEC-60601-1, IEC-60600-1-2, IEC-60601-2-52.<\/li>\r\n<\/ul>\r\n&nbsp;\r\n\r\n&nbsp;\t\t\t\t\t\t<\/div>\n\t\t\t\t<\/div>\n\t\t\t\t\t<\/div>\n\t\t<\/div>\n\t\t\t\t\t\t\t<\/div>\n\t\t<\/section>\n\t\t\t\t<section class=\"elementor-section elementor-top-section elementor-element elementor-element-5760dc1 elementor-section-boxed elementor-section-height-default elementor-section-height-default\" data-id=\"5760dc1\" data-element_type=\"section\">\n\t\t\t\t\t\t<div class=\"elementor-container elementor-column-gap-default\">\n\t\t\t\t\t<div class=\"elementor-column elementor-col-100 elementor-top-column elementor-element elementor-element-7900214\" data-id=\"7900214\" data-element_type=\"column\">\n\t\t\t<div class=\"elementor-widget-wrap elementor-element-populated\">\n\t\t\t\t\t\t\t\t<div class=\"elementor-element elementor-element-1ba80bd elementor-widget__width-auto elementor-widget elementor-widget-button\" data-id=\"1ba80bd\" data-element_type=\"widget\" data-widget_type=\"button.default\">\n\t\t\t\t<div class=\"elementor-widget-container\">\n\t\t\t\t\t<div class=\"elementor-button-wrapper\">\n\t\t\t<a class=\"elementor-button elementor-button-link elementor-size-sm elementor-animation-float\" href=\"https:\/\/sigmabed.com\/es\/catalog2\/\" target=\"_blank\">\n\t\t\t\t\t\t<span class=\"elementor-button-content-wrapper\">\n\t\t\t\t\t\t<span class=\"elementor-button-text\">Cat\u00e1logo Electr\u00f3nico Chino<\/span>\n\t\t<\/span>\n\t\t\t\t\t<\/a>\n\t\t<\/div>\n\t\t\t\t<\/div>\n\t\t\t\t<\/div>\n\t\t\t\t<div class=\"elementor-element elementor-element-351d68a elementor-widget__width-initial elementor-widget elementor-widget-spacer\" data-id=\"351d68a\" data-element_type=\"widget\" data-widget_type=\"spacer.default\">\n\t\t\t\t<div class=\"elementor-widget-container\">\n\t\t\t<style>\/*! elementor - v3.15.0 - 20-08-2023 *\/\n.elementor-column .elementor-spacer-inner{height:var(--spacer-size)}.e-con{--container-widget-width:100%}.e-con-inner>.elementor-widget-spacer,.e-con>.elementor-widget-spacer{width:var(--container-widget-width,var(--spacer-size));--align-self:var(--container-widget-align-self,initial);--flex-shrink:0}.e-con-inner>.elementor-widget-spacer>.elementor-widget-container,.e-con-inner>.elementor-widget-spacer>.elementor-widget-container>.elementor-spacer,.e-con>.elementor-widget-spacer>.elementor-widget-container,.e-con>.elementor-widget-spacer>.elementor-widget-container>.elementor-spacer{height:100%}.e-con-inner>.elementor-widget-spacer>.elementor-widget-container>.elementor-spacer>.elementor-spacer-inner,.e-con>.elementor-widget-spacer>.elementor-widget-container>.elementor-spacer>.elementor-spacer-inner{height:var(--container-widget-height,var(--spacer-size))}<\/style>\t\t<div class=\"elementor-spacer\">\n\t\t\t<div class=\"elementor-spacer-inner\"><\/div>\n\t\t<\/div>\n\t\t\t\t<\/div>\n\t\t\t\t<\/div>\n\t\t\t\t<div class=\"elementor-element elementor-element-043e9a5 elementor-widget__width-auto elementor-widget elementor-widget-button\" data-id=\"043e9a5\" data-element_type=\"widget\" data-widget_type=\"button.default\">\n\t\t\t\t<div class=\"elementor-widget-container\">\n\t\t\t\t\t<div class=\"elementor-button-wrapper\">\n\t\t\t<a class=\"elementor-button elementor-button-link elementor-size-sm elementor-animation-float\" href=\"https:\/\/sigmabed.com\/es\/catalog3\/\">\n\t\t\t\t\t\t<span class=\"elementor-button-content-wrapper\">\n\t\t\t\t\t\t<span class=\"elementor-button-text\">Cat\u00e1logo Electr\u00f3nico en Ingl\u00e9s<\/span>\n\t\t<\/span>\n\t\t\t\t\t<\/a>\n\t\t<\/div>\n\t\t\t\t<\/div>\n\t\t\t\t<\/div>\n\t\t\t\t\t<\/div>\n\t\t<\/div>\n\t\t\t\t\t\t\t<\/div>\n\t\t<\/section>\n\t\t\t\t\t\t\t<\/div>","protected":false},"excerpt":{"rendered":"<p>La cama de cuidado con tres motores B-631 es un modelo con tres motores y barandillas laterales no de cuatro sectores.<\/p>\n<p>Elige entre una variedad de estilos de barandillas para dise\u00f1ar una cama de cuidados m\u00e9dicos profesional que sea \u00fanica para ti.<\/p>\n<p><a href=\"https:\/\/sigmabed.com\/es\/vr-b-841\/\" target=\"_blank\" rel=\"noopener\"><strong>Producto VR 360 \u2192<\/strong><\/a><\/p>","protected":false},"featured_media":4028,"template":"","meta":{"site-sidebar-layout":"default","site-content-layout":"default","ast-global-header-display":"","ast-banner-title-visibility":"","ast-main-header-display":"","ast-hfb-above-header-display":"","ast-hfb-below-header-display":"","ast-hfb-mobile-header-display":"","site-post-title":"","ast-breadcrumbs-content":"","ast-featured-img":"","footer-sml-layout":"","theme-transparent-header-meta":"default","adv-header-id-meta":"","stick-header-meta":"","header-above-stick-meta":"","header-main-stick-meta":"","header-below-stick-meta":""},"product_cat":[251,35,242],"product_tag":[],"class_list":["post-4142","product","type-product","status-publish","has-post-thumbnail","hentry","product_cat-electric-hospital-bed-b-631-electric-hospital-bed","product_cat-medical-bed","product_cat-electric-hospital-bed","desktop-align-left","tablet-align-left","mobile-align-left"],"yoast_head":"<!-- This site is optimized with the Yoast SEO Premium plugin v25.3 (Yoast SEO v25.3) - https:\/\/yoast.com\/wordpress\/plugins\/seo\/ -->\n<title>B-631\u4e09\u99ac\u9054\u96fb\u52d5\u8b77\u7406\u5e8a | SigmaCare<\/title>\n<meta name=\"description\" content=\"B-631\u4e09\u99ac\u9054\u96fb\u52d5\u5e8a\u662f\u4e00\u6b3e\u63d0\u4f9b\u80cc\u90e8\u5347\u964d\u3001\u817f\u90e8\u5347\u964d\u3001\u5e8a\u9ad4\u5347\u964d\u7684\u624b\u52d5\u8b77\u7406\u5e8a\uff0c\u7167\u8b77\u8005\u80fd\u5920\u900f\u904e\u64cd\u4f5c\u6416\u687f\u81ea\u7531\u8abf\u6574\u5404\u90e8\u4f4d\u5347\u964d\u7bc4\u570d\u3002\u5347\u964d\u65b9\u5f0f\uff1a\u63a1\u624b\u63a7\u5668\u8abf\u6574\u5e8a\u9ad4\u5404\u90e8\u4f4d\u5347\u964d\u7bc4\u570d\uff0c\u5e8a\u982d\u5c3e\u677f\u958b\uff0c\u5177\u5b89\u5168\u9396\u6263\u4e4b\u62c6\u5f0f\u8a2d\u8a08\u4ee5\u78ba\u4fdd\u6025\u6551\u9032\u884c\u3002\u9632\u649e\u8b77\u588a\uff1a\u5e8a\u9ad4\u56db\u89d2\u6709\u9632\u649e\u8b77\u588a\uff0c\u5916\u578b\u5713\u6ed1\u5e73\u9806\" \/>\n<meta name=\"robots\" content=\"index, follow, max-snippet:-1, max-image-preview:large, max-video-preview:-1\" \/>\n<link rel=\"canonical\" href=\"https:\/\/sigmabed.com\/es\/producto\/b-631\/\" \/>\n<meta property=\"og:locale\" content=\"es_ES\" \/>\n<meta property=\"og:type\" content=\"article\" \/>\n<meta property=\"og:title\" content=\"B-631\u4e09\u99ac\u9054\u96fb\u52d5\u8b77\u7406\u5e8a\" \/>\n<meta property=\"og:description\" content=\"B-631\u4e09\u99ac\u9054\u96fb\u52d5\u5e8a\u662f\u4e00\u6b3e\u63d0\u4f9b\u80cc\u90e8\u5347\u964d\u3001\u817f\u90e8\u5347\u964d\u3001\u5e8a\u9ad4\u5347\u964d\u7684\u624b\u52d5\u8b77\u7406\u5e8a\uff0c\u7167\u8b77\u8005\u80fd\u5920\u900f\u904e\u64cd\u4f5c\u6416\u687f\u81ea\u7531\u8abf\u6574\u5404\u90e8\u4f4d\u5347\u964d\u7bc4\u570d\u3002\u5347\u964d\u65b9\u5f0f\uff1a\u63a1\u624b\u63a7\u5668\u8abf\u6574\u5e8a\u9ad4\u5404\u90e8\u4f4d\u5347\u964d\u7bc4\u570d\uff0c\u5e8a\u982d\u5c3e\u677f\u958b\uff0c\u5177\u5b89\u5168\u9396\u6263\u4e4b\u62c6\u5f0f\u8a2d\u8a08\u4ee5\u78ba\u4fdd\u6025\u6551\u9032\u884c\u3002\u9632\u649e\u8b77\u588a\uff1a\u5e8a\u9ad4\u56db\u89d2\u6709\u9632\u649e\u8b77\u588a\uff0c\u5916\u578b\u5713\u6ed1\u5e73\u9806\" \/>\n<meta property=\"og:url\" content=\"https:\/\/sigmabed.com\/es\/producto\/b-631\/\" \/>\n<meta property=\"og:site_name\" content=\"SigmaCare\" \/>\n<meta property=\"article:modified_time\" content=\"2025-06-20T00:24:09+00:00\" \/>\n<meta property=\"og:image\" content=\"https:\/\/sigmabed.com\/wp-content\/uploads\/2024\/03\/B-631-1024x796.png\" \/>\n\t<meta property=\"og:image:width\" content=\"1024\" \/>\n\t<meta property=\"og:image:height\" content=\"796\" \/>\n\t<meta property=\"og:image:type\" content=\"image\/png\" \/>\n<meta name=\"twitter:card\" content=\"summary_large_image\" \/>\n<script type=\"application\/ld+json\" class=\"yoast-schema-graph\">{\"@context\":\"https:\/\/schema.org\",\"@graph\":[{\"@type\":\"WebPage\",\"@id\":\"https:\/\/sigmabed.com\/product\/b-631\/\",\"url\":\"https:\/\/sigmabed.com\/product\/b-631\/\",\"name\":\"B-631\u4e09\u99ac\u9054\u96fb\u52d5\u8b77\u7406\u5e8a | SigmaCare\",\"isPartOf\":{\"@id\":\"https:\/\/sigmabed.com\/#website\"},\"primaryImageOfPage\":{\"@id\":\"https:\/\/sigmabed.com\/product\/b-631\/#primaryimage\"},\"image\":{\"@id\":\"https:\/\/sigmabed.com\/product\/b-631\/#primaryimage\"},\"thumbnailUrl\":\"https:\/\/sigmabed.com\/wp-content\/uploads\/2024\/03\/B-631.png\",\"datePublished\":\"2024-03-21T08:47:52+00:00\",\"dateModified\":\"2025-06-20T00:24:09+00:00\",\"description\":\"B-631\u4e09\u99ac\u9054\u96fb\u52d5\u5e8a\u662f\u4e00\u6b3e\u63d0\u4f9b\u80cc\u90e8\u5347\u964d\u3001\u817f\u90e8\u5347\u964d\u3001\u5e8a\u9ad4\u5347\u964d\u7684\u624b\u52d5\u8b77\u7406\u5e8a\uff0c\u7167\u8b77\u8005\u80fd\u5920\u900f\u904e\u64cd\u4f5c\u6416\u687f\u81ea\u7531\u8abf\u6574\u5404\u90e8\u4f4d\u5347\u964d\u7bc4\u570d\u3002\u5347\u964d\u65b9\u5f0f\uff1a\u63a1\u624b\u63a7\u5668\u8abf\u6574\u5e8a\u9ad4\u5404\u90e8\u4f4d\u5347\u964d\u7bc4\u570d\uff0c\u5e8a\u982d\u5c3e\u677f\u958b\uff0c\u5177\u5b89\u5168\u9396\u6263\u4e4b\u62c6\u5f0f\u8a2d\u8a08\u4ee5\u78ba\u4fdd\u6025\u6551\u9032\u884c\u3002\u9632\u649e\u8b77\u588a\uff1a\u5e8a\u9ad4\u56db\u89d2\u6709\u9632\u649e\u8b77\u588a\uff0c\u5916\u578b\u5713\u6ed1\u5e73\u9806\",\"breadcrumb\":{\"@id\":\"https:\/\/sigmabed.com\/product\/b-631\/#breadcrumb\"},\"inLanguage\":\"es\",\"potentialAction\":[{\"@type\":\"ReadAction\",\"target\":[\"https:\/\/sigmabed.com\/product\/b-631\/\"]}]},{\"@type\":\"ImageObject\",\"inLanguage\":\"es\",\"@id\":\"https:\/\/sigmabed.com\/product\/b-631\/#primaryimage\",\"url\":\"https:\/\/sigmabed.com\/wp-content\/uploads\/2024\/03\/B-631.png\",\"contentUrl\":\"https:\/\/sigmabed.com\/wp-content\/uploads\/2024\/03\/B-631.png\",\"width\":2048,\"height\":1592},{\"@type\":\"BreadcrumbList\",\"@id\":\"https:\/\/sigmabed.com\/product\/b-631\/#breadcrumb\",\"itemListElement\":[{\"@type\":\"ListItem\",\"position\":1,\"name\":\"\u9996\u9801\",\"item\":\"https:\/\/sigmabed.com\/\"},{\"@type\":\"ListItem\",\"position\":2,\"name\":\"\u5546\u54c1\",\"item\":\"https:\/\/sigmabed.com\/product-or\/\"},{\"@type\":\"ListItem\",\"position\":3,\"name\":\"B-631\u4e09\u99ac\u9054\u96fb\u52d5\u8b77\u7406\u5e8a\"}]},{\"@type\":\"WebSite\",\"@id\":\"https:\/\/sigmabed.com\/#website\",\"url\":\"https:\/\/sigmabed.com\/\",\"name\":\"SigmaCare\",\"description\":\"\u91ab\u7642\u5e8a\u5c08\u5bb6\",\"publisher\":{\"@id\":\"https:\/\/sigmabed.com\/#organization\"},\"potentialAction\":[{\"@type\":\"SearchAction\",\"target\":{\"@type\":\"EntryPoint\",\"urlTemplate\":\"https:\/\/sigmabed.com\/?s={search_term_string}\"},\"query-input\":{\"@type\":\"PropertyValueSpecification\",\"valueRequired\":true,\"valueName\":\"search_term_string\"}}],\"inLanguage\":\"es\"},{\"@type\":\"Organization\",\"@id\":\"https:\/\/sigmabed.com\/#organization\",\"name\":\"\u4e9e\u8b77\u958b\u767c\u80a1\u4efd\u6709\u9650\u516c\u53f8\",\"alternateName\":\"SigmaCare\",\"url\":\"https:\/\/sigmabed.com\/\",\"logo\":{\"@type\":\"ImageObject\",\"inLanguage\":\"es\",\"@id\":\"https:\/\/sigmabed.com\/#\/schema\/logo\/image\/\",\"url\":\"https:\/\/sigmabed.com\/wp-content\/uploads\/2023\/07\/cropped-Sigma-Care-icon.png\",\"contentUrl\":\"https:\/\/sigmabed.com\/wp-content\/uploads\/2023\/07\/cropped-Sigma-Care-icon.png\",\"width\":512,\"height\":512,\"caption\":\"\u4e9e\u8b77\u958b\u767c\u80a1\u4efd\u6709\u9650\u516c\u53f8\"},\"image\":{\"@id\":\"https:\/\/sigmabed.com\/#\/schema\/logo\/image\/\"}}]}<\/script>\n<!-- \/ Yoast SEO Premium plugin. -->","yoast_head_json":{"title":"B-631\u4e09\u99ac\u9054\u96fb\u52d5\u8b77\u7406\u5e8a | SigmaCare","description":"B-631\u4e09\u99ac\u9054\u96fb\u52d5\u5e8a\u662f\u4e00\u6b3e\u63d0\u4f9b\u80cc\u90e8\u5347\u964d\u3001\u817f\u90e8\u5347\u964d\u3001\u5e8a\u9ad4\u5347\u964d\u7684\u624b\u52d5\u8b77\u7406\u5e8a\uff0c\u7167\u8b77\u8005\u80fd\u5920\u900f\u904e\u64cd\u4f5c\u6416\u687f\u81ea\u7531\u8abf\u6574\u5404\u90e8\u4f4d\u5347\u964d\u7bc4\u570d\u3002\u5347\u964d\u65b9\u5f0f\uff1a\u63a1\u624b\u63a7\u5668\u8abf\u6574\u5e8a\u9ad4\u5404\u90e8\u4f4d\u5347\u964d\u7bc4\u570d\uff0c\u5e8a\u982d\u5c3e\u677f\u958b\uff0c\u5177\u5b89\u5168\u9396\u6263\u4e4b\u62c6\u5f0f\u8a2d\u8a08\u4ee5\u78ba\u4fdd\u6025\u6551\u9032\u884c\u3002\u9632\u649e\u8b77\u588a\uff1a\u5e8a\u9ad4\u56db\u89d2\u6709\u9632\u649e\u8b77\u588a\uff0c\u5916\u578b\u5713\u6ed1\u5e73\u9806","robots":{"index":"index","follow":"follow","max-snippet":"max-snippet:-1","max-image-preview":"max-image-preview:large","max-video-preview":"max-video-preview:-1"},"canonical":"https:\/\/sigmabed.com\/es\/producto\/b-631\/","og_locale":"es_ES","og_type":"article","og_title":"B-631\u4e09\u99ac\u9054\u96fb\u52d5\u8b77\u7406\u5e8a","og_description":"B-631\u4e09\u99ac\u9054\u96fb\u52d5\u5e8a\u662f\u4e00\u6b3e\u63d0\u4f9b\u80cc\u90e8\u5347\u964d\u3001\u817f\u90e8\u5347\u964d\u3001\u5e8a\u9ad4\u5347\u964d\u7684\u624b\u52d5\u8b77\u7406\u5e8a\uff0c\u7167\u8b77\u8005\u80fd\u5920\u900f\u904e\u64cd\u4f5c\u6416\u687f\u81ea\u7531\u8abf\u6574\u5404\u90e8\u4f4d\u5347\u964d\u7bc4\u570d\u3002\u5347\u964d\u65b9\u5f0f\uff1a\u63a1\u624b\u63a7\u5668\u8abf\u6574\u5e8a\u9ad4\u5404\u90e8\u4f4d\u5347\u964d\u7bc4\u570d\uff0c\u5e8a\u982d\u5c3e\u677f\u958b\uff0c\u5177\u5b89\u5168\u9396\u6263\u4e4b\u62c6\u5f0f\u8a2d\u8a08\u4ee5\u78ba\u4fdd\u6025\u6551\u9032\u884c\u3002\u9632\u649e\u8b77\u588a\uff1a\u5e8a\u9ad4\u56db\u89d2\u6709\u9632\u649e\u8b77\u588a\uff0c\u5916\u578b\u5713\u6ed1\u5e73\u9806","og_url":"https:\/\/sigmabed.com\/es\/producto\/b-631\/","og_site_name":"SigmaCare","article_modified_time":"2025-06-20T00:24:09+00:00","og_image":[{"width":1024,"height":796,"url":"https:\/\/sigmabed.com\/wp-content\/uploads\/2024\/03\/B-631-1024x796.png","type":"image\/png"}],"twitter_card":"summary_large_image","schema":{"@context":"https:\/\/schema.org","@graph":[{"@type":"WebPage","@id":"https:\/\/sigmabed.com\/product\/b-631\/","url":"https:\/\/sigmabed.com\/product\/b-631\/","name":"B-631\u4e09\u99ac\u9054\u96fb\u52d5\u8b77\u7406\u5e8a | SigmaCare","isPartOf":{"@id":"https:\/\/sigmabed.com\/#website"},"primaryImageOfPage":{"@id":"https:\/\/sigmabed.com\/product\/b-631\/#primaryimage"},"image":{"@id":"https:\/\/sigmabed.com\/product\/b-631\/#primaryimage"},"thumbnailUrl":"https:\/\/sigmabed.com\/wp-content\/uploads\/2024\/03\/B-631.png","datePublished":"2024-03-21T08:47:52+00:00","dateModified":"2025-06-20T00:24:09+00:00","description":"B-631\u4e09\u99ac\u9054\u96fb\u52d5\u5e8a\u662f\u4e00\u6b3e\u63d0\u4f9b\u80cc\u90e8\u5347\u964d\u3001\u817f\u90e8\u5347\u964d\u3001\u5e8a\u9ad4\u5347\u964d\u7684\u624b\u52d5\u8b77\u7406\u5e8a\uff0c\u7167\u8b77\u8005\u80fd\u5920\u900f\u904e\u64cd\u4f5c\u6416\u687f\u81ea\u7531\u8abf\u6574\u5404\u90e8\u4f4d\u5347\u964d\u7bc4\u570d\u3002\u5347\u964d\u65b9\u5f0f\uff1a\u63a1\u624b\u63a7\u5668\u8abf\u6574\u5e8a\u9ad4\u5404\u90e8\u4f4d\u5347\u964d\u7bc4\u570d\uff0c\u5e8a\u982d\u5c3e\u677f\u958b\uff0c\u5177\u5b89\u5168\u9396\u6263\u4e4b\u62c6\u5f0f\u8a2d\u8a08\u4ee5\u78ba\u4fdd\u6025\u6551\u9032\u884c\u3002\u9632\u649e\u8b77\u588a\uff1a\u5e8a\u9ad4\u56db\u89d2\u6709\u9632\u649e\u8b77\u588a\uff0c\u5916\u578b\u5713\u6ed1\u5e73\u9806","breadcrumb":{"@id":"https:\/\/sigmabed.com\/product\/b-631\/#breadcrumb"},"inLanguage":"es","potentialAction":[{"@type":"ReadAction","target":["https:\/\/sigmabed.com\/product\/b-631\/"]}]},{"@type":"ImageObject","inLanguage":"es","@id":"https:\/\/sigmabed.com\/product\/b-631\/#primaryimage","url":"https:\/\/sigmabed.com\/wp-content\/uploads\/2024\/03\/B-631.png","contentUrl":"https:\/\/sigmabed.com\/wp-content\/uploads\/2024\/03\/B-631.png","width":2048,"height":1592},{"@type":"BreadcrumbList","@id":"https:\/\/sigmabed.com\/product\/b-631\/#breadcrumb","itemListElement":[{"@type":"ListItem","position":1,"name":"\u9996\u9801","item":"https:\/\/sigmabed.com\/"},{"@type":"ListItem","position":2,"name":"\u5546\u54c1","item":"https:\/\/sigmabed.com\/product-or\/"},{"@type":"ListItem","position":3,"name":"B-631\u4e09\u99ac\u9054\u96fb\u52d5\u8b77\u7406\u5e8a"}]},{"@type":"WebSite","@id":"https:\/\/sigmabed.com\/#website","url":"https:\/\/sigmabed.com\/","name":"SigmaCare","description":"\u91ab\u7642\u5e8a\u5c08\u5bb6","publisher":{"@id":"https:\/\/sigmabed.com\/#organization"},"potentialAction":[{"@type":"SearchAction","target":{"@type":"EntryPoint","urlTemplate":"https:\/\/sigmabed.com\/?s={search_term_string}"},"query-input":{"@type":"PropertyValueSpecification","valueRequired":true,"valueName":"search_term_string"}}],"inLanguage":"es"},{"@type":"Organization","@id":"https:\/\/sigmabed.com\/#organization","name":"\u4e9e\u8b77\u958b\u767c\u80a1\u4efd\u6709\u9650\u516c\u53f8","alternateName":"SigmaCare","url":"https:\/\/sigmabed.com\/","logo":{"@type":"ImageObject","inLanguage":"es","@id":"https:\/\/sigmabed.com\/#\/schema\/logo\/image\/","url":"https:\/\/sigmabed.com\/wp-content\/uploads\/2023\/07\/cropped-Sigma-Care-icon.png","contentUrl":"https:\/\/sigmabed.com\/wp-content\/uploads\/2023\/07\/cropped-Sigma-Care-icon.png","width":512,"height":512,"caption":"\u4e9e\u8b77\u958b\u767c\u80a1\u4efd\u6709\u9650\u516c\u53f8"},"image":{"@id":"https:\/\/sigmabed.com\/#\/schema\/logo\/image\/"}}]}},"_links":{"self":[{"href":"https:\/\/sigmabed.com\/es\/wp-json\/wp\/v2\/product\/4142","targetHints":{"allow":["GET"]}}],"collection":[{"href":"https:\/\/sigmabed.com\/es\/wp-json\/wp\/v2\/product"}],"about":[{"href":"https:\/\/sigmabed.com\/es\/wp-json\/wp\/v2\/types\/product"}],"version-history":[{"count":1,"href":"https:\/\/sigmabed.com\/es\/wp-json\/wp\/v2\/product\/4142\/revisions"}],"predecessor-version":[{"id":5718,"href":"https:\/\/sigmabed.com\/es\/wp-json\/wp\/v2\/product\/4142\/revisions\/5718"}],"wp:featuredmedia":[{"embeddable":true,"href":"https:\/\/sigmabed.com\/es\/wp-json\/wp\/v2\/media\/4028"}],"wp:attachment":[{"href":"https:\/\/sigmabed.com\/es\/wp-json\/wp\/v2\/media?parent=4142"}],"wp:term":[{"taxonomy":"product_cat","embeddable":true,"href":"https:\/\/sigmabed.com\/es\/wp-json\/wp\/v2\/product_cat?post=4142"},{"taxonomy":"product_tag","embeddable":true,"href":"https:\/\/sigmabed.com\/es\/wp-json\/wp\/v2\/product_tag?post=4142"}],"curies":[{"name":"wp","href":"https:\/\/api.w.org\/{rel}","templated":true}]}}