{"id":3289,"date":"2023-10-19T10:12:19","date_gmt":"2023-10-19T02:12:19","guid":{"rendered":"https:\/\/sigmabed.spacecraft.com.tw\/?post_type=product&#038;p=3289"},"modified":"2023-10-19T13:20:48","modified_gmt":"2023-10-19T05:20:48","slug":"et-103%e9%9b%bb%e5%8b%95%e8%a8%ba%e6%9f%a5%e5%ba%8a","status":"publish","type":"product","link":"https:\/\/sigmabed.com\/es\/product\/et-103%e9%9b%bb%e5%8b%95%e8%a8%ba%e6%9f%a5%e5%ba%8a\/","title":{"rendered":"Mesa de exploraci\u00f3n el\u00e9ctrica ET-103"},"content":{"rendered":"<p>Descripci\u00f3n del Producto<\/p>\n<p>Tama\u00f1o de apariencia: L1820 x W670 mm<br \/>\nElevaci\u00f3n de altura: H490 \u2013 800 mm<br \/>\nEspalda: 5 niveles de ajuste (elevaci\u00f3n manual)<br \/>\nMaterial: recubrimiento en polvo de acero<br \/>\nColch\u00f3n: espuma de alta densidad H50 mm recubierta de cuero artificial<br \/>\nRuedas: \u00d85 ruedas con freno independiente x 4<br \/>\nOpcional: control de elevaci\u00f3n accionado con el pie<\/p>","protected":false},"excerpt":{"rendered":"<p>\u7522\u54c1\u8aaa\u660e \u5916\u89c0\u5c3a\u5bf8\uff1aL1820 x W670 mm \u9ad8\u5ea6\u5347\u964d\uff1aH490 &#8211; 800mm \u80cc \u90e8\uff1a5 &hellip;<\/p>\n<p class=\"read-more\"> <a class=\"\" href=\"https:\/\/sigmabed.com\/es\/product\/et-103%e9%9b%bb%e5%8b%95%e8%a8%ba%e6%9f%a5%e5%ba%8a\/\"> <span class=\"screen-reader-text\">Mesa de exploraci\u00f3n el\u00e9ctrica ET-103<\/span> Leer m\u00e1s \u00bb<\/a><\/p>","protected":false},"featured_media":3290,"template":"","meta":{"site-sidebar-layout":"default","site-content-layout":"default","ast-global-header-display":"","ast-banner-title-visibility":"","ast-main-header-display":"","ast-hfb-above-header-display":"","ast-hfb-below-header-display":"","ast-hfb-mobile-header-display":"","site-post-title":"","ast-breadcrumbs-content":"","ast-featured-img":"","footer-sml-layout":"","theme-transparent-header-meta":"default","adv-header-id-meta":"","stick-header-meta":"","header-above-stick-meta":"","header-main-stick-meta":"","header-below-stick-meta":""},"product_cat":[219],"product_tag":[],"class_list":["post-3289","product","type-product","status-publish","has-post-thumbnail","hentry","product_cat-219","desktop-align-left","tablet-align-left","mobile-align-left"],"yoast_head":"<!-- This site is optimized with the Yoast SEO Premium plugin v25.3 (Yoast SEO v25.3) - https:\/\/yoast.com\/wordpress\/plugins\/seo\/ -->\n<title>ET-103\u96fb\u52d5\u8a3a\u67e5\u5e8a | SigmaCare<\/title>\n<meta name=\"robots\" content=\"index, follow, max-snippet:-1, max-image-preview:large, max-video-preview:-1\" \/>\n<link rel=\"canonical\" href=\"https:\/\/sigmabed.com\/es\/producto\/et-103\u96fb\u52d5\u8a3a\u67e5\u5e8a\/\" \/>\n<meta property=\"og:locale\" content=\"es_ES\" \/>\n<meta property=\"og:type\" content=\"article\" \/>\n<meta property=\"og:title\" content=\"ET-103\u96fb\u52d5\u8a3a\u67e5\u5e8a\" \/>\n<meta property=\"og:description\" content=\"\u7522\u54c1\u8aaa\u660e \u5916\u89c0\u5c3a\u5bf8\uff1aL1820 x W670 mm \u9ad8\u5ea6\u5347\u964d\uff1aH490 &#8211; 800mm \u80cc \u90e8\uff1a5 &hellip; ET-103\u96fb\u52d5\u8a3a\u67e5\u5e8a Leer m\u00e1s &raquo;\" \/>\n<meta property=\"og:url\" content=\"https:\/\/sigmabed.com\/es\/producto\/et-103\u96fb\u52d5\u8a3a\u67e5\u5e8a\/\" \/>\n<meta property=\"og:site_name\" content=\"SigmaCare\" \/>\n<meta property=\"article:modified_time\" content=\"2023-10-19T05:20:48+00:00\" \/>\n<meta property=\"og:image\" content=\"https:\/\/sigmabed.com\/wp-content\/uploads\/2023\/10\/p_180717_03800.jpg\" \/>\n\t<meta property=\"og:image:width\" content=\"350\" \/>\n\t<meta property=\"og:image:height\" content=\"350\" \/>\n\t<meta property=\"og:image:type\" content=\"image\/jpeg\" \/>\n<meta name=\"twitter:card\" content=\"summary_large_image\" \/>\n<meta name=\"twitter:label1\" content=\"Tiempo de lectura\" \/>\n\t<meta name=\"twitter:data1\" content=\"1 minuto\" \/>\n<script type=\"application\/ld+json\" class=\"yoast-schema-graph\">{\"@context\":\"https:\/\/schema.org\",\"@graph\":[{\"@type\":\"WebPage\",\"@id\":\"https:\/\/sigmabed.com\/product\/et-103%e9%9b%bb%e5%8b%95%e8%a8%ba%e6%9f%a5%e5%ba%8a\/\",\"url\":\"https:\/\/sigmabed.com\/product\/et-103%e9%9b%bb%e5%8b%95%e8%a8%ba%e6%9f%a5%e5%ba%8a\/\",\"name\":\"ET-103\u96fb\u52d5\u8a3a\u67e5\u5e8a | SigmaCare\",\"isPartOf\":{\"@id\":\"https:\/\/sigmabed.com\/#website\"},\"primaryImageOfPage\":{\"@id\":\"https:\/\/sigmabed.com\/product\/et-103%e9%9b%bb%e5%8b%95%e8%a8%ba%e6%9f%a5%e5%ba%8a\/#primaryimage\"},\"image\":{\"@id\":\"https:\/\/sigmabed.com\/product\/et-103%e9%9b%bb%e5%8b%95%e8%a8%ba%e6%9f%a5%e5%ba%8a\/#primaryimage\"},\"thumbnailUrl\":\"https:\/\/sigmabed.com\/wp-content\/uploads\/2023\/10\/p_180717_03800.jpg\",\"datePublished\":\"2023-10-19T02:12:19+00:00\",\"dateModified\":\"2023-10-19T05:20:48+00:00\",\"breadcrumb\":{\"@id\":\"https:\/\/sigmabed.com\/product\/et-103%e9%9b%bb%e5%8b%95%e8%a8%ba%e6%9f%a5%e5%ba%8a\/#breadcrumb\"},\"inLanguage\":\"es\",\"potentialAction\":[{\"@type\":\"ReadAction\",\"target\":[\"https:\/\/sigmabed.com\/product\/et-103%e9%9b%bb%e5%8b%95%e8%a8%ba%e6%9f%a5%e5%ba%8a\/\"]}]},{\"@type\":\"ImageObject\",\"inLanguage\":\"es\",\"@id\":\"https:\/\/sigmabed.com\/product\/et-103%e9%9b%bb%e5%8b%95%e8%a8%ba%e6%9f%a5%e5%ba%8a\/#primaryimage\",\"url\":\"https:\/\/sigmabed.com\/wp-content\/uploads\/2023\/10\/p_180717_03800.jpg\",\"contentUrl\":\"https:\/\/sigmabed.com\/wp-content\/uploads\/2023\/10\/p_180717_03800.jpg\",\"width\":350,\"height\":350},{\"@type\":\"BreadcrumbList\",\"@id\":\"https:\/\/sigmabed.com\/product\/et-103%e9%9b%bb%e5%8b%95%e8%a8%ba%e6%9f%a5%e5%ba%8a\/#breadcrumb\",\"itemListElement\":[{\"@type\":\"ListItem\",\"position\":1,\"name\":\"\u9996\u9801\",\"item\":\"https:\/\/sigmabed.com\/\"},{\"@type\":\"ListItem\",\"position\":2,\"name\":\"\u5546\u54c1\",\"item\":\"https:\/\/sigmabed.com\/product-or\/\"},{\"@type\":\"ListItem\",\"position\":3,\"name\":\"ET-103\u96fb\u52d5\u8a3a\u67e5\u5e8a\"}]},{\"@type\":\"WebSite\",\"@id\":\"https:\/\/sigmabed.com\/#website\",\"url\":\"https:\/\/sigmabed.com\/\",\"name\":\"SigmaCare\",\"description\":\"\u91ab\u7642\u5e8a\u5c08\u5bb6\",\"publisher\":{\"@id\":\"https:\/\/sigmabed.com\/#organization\"},\"potentialAction\":[{\"@type\":\"SearchAction\",\"target\":{\"@type\":\"EntryPoint\",\"urlTemplate\":\"https:\/\/sigmabed.com\/?s={search_term_string}\"},\"query-input\":{\"@type\":\"PropertyValueSpecification\",\"valueRequired\":true,\"valueName\":\"search_term_string\"}}],\"inLanguage\":\"es\"},{\"@type\":\"Organization\",\"@id\":\"https:\/\/sigmabed.com\/#organization\",\"name\":\"\u4e9e\u8b77\u958b\u767c\u80a1\u4efd\u6709\u9650\u516c\u53f8\",\"alternateName\":\"SigmaCare\",\"url\":\"https:\/\/sigmabed.com\/\",\"logo\":{\"@type\":\"ImageObject\",\"inLanguage\":\"es\",\"@id\":\"https:\/\/sigmabed.com\/#\/schema\/logo\/image\/\",\"url\":\"https:\/\/sigmabed.com\/wp-content\/uploads\/2023\/07\/cropped-Sigma-Care-icon.png\",\"contentUrl\":\"https:\/\/sigmabed.com\/wp-content\/uploads\/2023\/07\/cropped-Sigma-Care-icon.png\",\"width\":512,\"height\":512,\"caption\":\"\u4e9e\u8b77\u958b\u767c\u80a1\u4efd\u6709\u9650\u516c\u53f8\"},\"image\":{\"@id\":\"https:\/\/sigmabed.com\/#\/schema\/logo\/image\/\"}}]}<\/script>\n<!-- \/ Yoast SEO Premium plugin. -->","yoast_head_json":{"title":"ET-103\u96fb\u52d5\u8a3a\u67e5\u5e8a | SigmaCare","robots":{"index":"index","follow":"follow","max-snippet":"max-snippet:-1","max-image-preview":"max-image-preview:large","max-video-preview":"max-video-preview:-1"},"canonical":"https:\/\/sigmabed.com\/es\/producto\/et-103\u96fb\u52d5\u8a3a\u67e5\u5e8a\/","og_locale":"es_ES","og_type":"article","og_title":"ET-103\u96fb\u52d5\u8a3a\u67e5\u5e8a","og_description":"\u7522\u54c1\u8aaa\u660e \u5916\u89c0\u5c3a\u5bf8\uff1aL1820 x W670 mm \u9ad8\u5ea6\u5347\u964d\uff1aH490 &#8211; 800mm \u80cc \u90e8\uff1a5 &hellip; ET-103\u96fb\u52d5\u8a3a\u67e5\u5e8a Leer m\u00e1s &raquo;","og_url":"https:\/\/sigmabed.com\/es\/producto\/et-103\u96fb\u52d5\u8a3a\u67e5\u5e8a\/","og_site_name":"SigmaCare","article_modified_time":"2023-10-19T05:20:48+00:00","og_image":[{"width":350,"height":350,"url":"https:\/\/sigmabed.com\/wp-content\/uploads\/2023\/10\/p_180717_03800.jpg","type":"image\/jpeg"}],"twitter_card":"summary_large_image","twitter_misc":{"Tiempo de lectura":"1 minuto"},"schema":{"@context":"https:\/\/schema.org","@graph":[{"@type":"WebPage","@id":"https:\/\/sigmabed.com\/product\/et-103%e9%9b%bb%e5%8b%95%e8%a8%ba%e6%9f%a5%e5%ba%8a\/","url":"https:\/\/sigmabed.com\/product\/et-103%e9%9b%bb%e5%8b%95%e8%a8%ba%e6%9f%a5%e5%ba%8a\/","name":"ET-103\u96fb\u52d5\u8a3a\u67e5\u5e8a | SigmaCare","isPartOf":{"@id":"https:\/\/sigmabed.com\/#website"},"primaryImageOfPage":{"@id":"https:\/\/sigmabed.com\/product\/et-103%e9%9b%bb%e5%8b%95%e8%a8%ba%e6%9f%a5%e5%ba%8a\/#primaryimage"},"image":{"@id":"https:\/\/sigmabed.com\/product\/et-103%e9%9b%bb%e5%8b%95%e8%a8%ba%e6%9f%a5%e5%ba%8a\/#primaryimage"},"thumbnailUrl":"https:\/\/sigmabed.com\/wp-content\/uploads\/2023\/10\/p_180717_03800.jpg","datePublished":"2023-10-19T02:12:19+00:00","dateModified":"2023-10-19T05:20:48+00:00","breadcrumb":{"@id":"https:\/\/sigmabed.com\/product\/et-103%e9%9b%bb%e5%8b%95%e8%a8%ba%e6%9f%a5%e5%ba%8a\/#breadcrumb"},"inLanguage":"es","potentialAction":[{"@type":"ReadAction","target":["https:\/\/sigmabed.com\/product\/et-103%e9%9b%bb%e5%8b%95%e8%a8%ba%e6%9f%a5%e5%ba%8a\/"]}]},{"@type":"ImageObject","inLanguage":"es","@id":"https:\/\/sigmabed.com\/product\/et-103%e9%9b%bb%e5%8b%95%e8%a8%ba%e6%9f%a5%e5%ba%8a\/#primaryimage","url":"https:\/\/sigmabed.com\/wp-content\/uploads\/2023\/10\/p_180717_03800.jpg","contentUrl":"https:\/\/sigmabed.com\/wp-content\/uploads\/2023\/10\/p_180717_03800.jpg","width":350,"height":350},{"@type":"BreadcrumbList","@id":"https:\/\/sigmabed.com\/product\/et-103%e9%9b%bb%e5%8b%95%e8%a8%ba%e6%9f%a5%e5%ba%8a\/#breadcrumb","itemListElement":[{"@type":"ListItem","position":1,"name":"\u9996\u9801","item":"https:\/\/sigmabed.com\/"},{"@type":"ListItem","position":2,"name":"\u5546\u54c1","item":"https:\/\/sigmabed.com\/product-or\/"},{"@type":"ListItem","position":3,"name":"ET-103\u96fb\u52d5\u8a3a\u67e5\u5e8a"}]},{"@type":"WebSite","@id":"https:\/\/sigmabed.com\/#website","url":"https:\/\/sigmabed.com\/","name":"SigmaCare","description":"\u91ab\u7642\u5e8a\u5c08\u5bb6","publisher":{"@id":"https:\/\/sigmabed.com\/#organization"},"potentialAction":[{"@type":"SearchAction","target":{"@type":"EntryPoint","urlTemplate":"https:\/\/sigmabed.com\/?s={search_term_string}"},"query-input":{"@type":"PropertyValueSpecification","valueRequired":true,"valueName":"search_term_string"}}],"inLanguage":"es"},{"@type":"Organization","@id":"https:\/\/sigmabed.com\/#organization","name":"\u4e9e\u8b77\u958b\u767c\u80a1\u4efd\u6709\u9650\u516c\u53f8","alternateName":"SigmaCare","url":"https:\/\/sigmabed.com\/","logo":{"@type":"ImageObject","inLanguage":"es","@id":"https:\/\/sigmabed.com\/#\/schema\/logo\/image\/","url":"https:\/\/sigmabed.com\/wp-content\/uploads\/2023\/07\/cropped-Sigma-Care-icon.png","contentUrl":"https:\/\/sigmabed.com\/wp-content\/uploads\/2023\/07\/cropped-Sigma-Care-icon.png","width":512,"height":512,"caption":"\u4e9e\u8b77\u958b\u767c\u80a1\u4efd\u6709\u9650\u516c\u53f8"},"image":{"@id":"https:\/\/sigmabed.com\/#\/schema\/logo\/image\/"}}]}},"_links":{"self":[{"href":"https:\/\/sigmabed.com\/es\/wp-json\/wp\/v2\/product\/3289","targetHints":{"allow":["GET"]}}],"collection":[{"href":"https:\/\/sigmabed.com\/es\/wp-json\/wp\/v2\/product"}],"about":[{"href":"https:\/\/sigmabed.com\/es\/wp-json\/wp\/v2\/types\/product"}],"version-history":[{"count":0,"href":"https:\/\/sigmabed.com\/es\/wp-json\/wp\/v2\/product\/3289\/revisions"}],"wp:featuredmedia":[{"embeddable":true,"href":"https:\/\/sigmabed.com\/es\/wp-json\/wp\/v2\/media\/3290"}],"wp:attachment":[{"href":"https:\/\/sigmabed.com\/es\/wp-json\/wp\/v2\/media?parent=3289"}],"wp:term":[{"taxonomy":"product_cat","embeddable":true,"href":"https:\/\/sigmabed.com\/es\/wp-json\/wp\/v2\/product_cat?post=3289"},{"taxonomy":"product_tag","embeddable":true,"href":"https:\/\/sigmabed.com\/es\/wp-json\/wp\/v2\/product_tag?post=3289"}],"curies":[{"name":"wp","href":"https:\/\/api.w.org\/{rel}","templated":true}]}}