{"id":3278,"date":"2023-10-18T14:29:41","date_gmt":"2023-10-18T06:29:41","guid":{"rendered":"https:\/\/sigmabed.spacecraft.com.tw\/?post_type=product&#038;p=3278"},"modified":"2024-08-23T14:45:02","modified_gmt":"2024-08-23T06:45:02","slug":"st-6000%e6%b2%b9%e5%a3%93%e6%b4%97%e6%be%a1%e5%ba%8a","status":"publish","type":"product","link":"https:\/\/sigmabed.com\/es\/product\/st-6000%e6%b2%b9%e5%a3%93%e6%b4%97%e6%be%a1%e5%ba%8a\/","title":{"rendered":"Cama de ba\u00f1o hidr\u00e1ulica ST-6000"},"content":{"rendered":"<p>Descripci\u00f3n del Producto<br \/>\nDise\u00f1o de alta calidad y alta carga, dise\u00f1o modular, centrado en la seguridad, que facilita el trabajo del personal de enfermer\u00eda.<br \/>\nDimensiones: L1940 x W600 (barandilla bajada)<br \/>\nL1940 x W780 (barandilla levantada)<br \/>\nElevaci\u00f3n de cama: H550~900mm<br \/>\nMaterial del cuerpo de la cama: el cuerpo de la cama est\u00e1 hecho de acero inoxidable SS#304, la superficie est\u00e1 recubierta con polvo antibacteriano de grado m\u00e9dico y es impermeable y antioxidante.<br \/>\nEstructura de la cama: elevaci\u00f3n cruzada, estructura estable y segura.<br \/>\nControl sensorial: dise\u00f1o de control de seguridad de cobertura completa<br \/>\nMaterial del colch\u00f3n: PVC de alta resistencia unido con alta frecuencia, sin costuras y liso, f\u00e1cil de limpiar<br \/>\nRuedas: Ruedas con freno de acero inoxidable de 6\u2033<br \/>\nInclinaci\u00f3n de la cama: \u00b16 grados<\/p>","protected":false},"excerpt":{"rendered":"<p>\u7522\u54c1\u8aaa\u660e \u9ad8\u54c1\u8cea\u3001\u9ad8\u8377\u91cd\u8a2d\u8a08\uff0c\u6a21\u7d44\u5316\u8a2d\u8a08\uff0c\u6ce8\u91cd\u5b89\u5168\u6027\uff0c\u4fbf\u65bc\u8b77\u7406\u4eba\u54e1\u4f5c\u696d\u3002 \u5c3a\u5bf8\uff1aL1940 x W600 (\u8b77 &hellip;<\/p>\n<p class=\"read-more\"> <a class=\"\" href=\"https:\/\/sigmabed.com\/es\/product\/st-6000%e6%b2%b9%e5%a3%93%e6%b4%97%e6%be%a1%e5%ba%8a\/\"> <span class=\"screen-reader-text\">Cama de ba\u00f1o hidr\u00e1ulica ST-6000<\/span> Leer m\u00e1s \u00bb<\/a><\/p>","protected":false},"featured_media":5369,"template":"","meta":{"site-sidebar-layout":"default","site-content-layout":"default","ast-global-header-display":"","ast-banner-title-visibility":"","ast-main-header-display":"","ast-hfb-above-header-display":"","ast-hfb-below-header-display":"","ast-hfb-mobile-header-display":"","site-post-title":"","ast-breadcrumbs-content":"","ast-featured-img":"","footer-sml-layout":"","theme-transparent-header-meta":"default","adv-header-id-meta":"","stick-header-meta":"","header-above-stick-meta":"","header-main-stick-meta":"","header-below-stick-meta":""},"product_cat":[228],"product_tag":[],"class_list":["post-3278","product","type-product","status-publish","has-post-thumbnail","hentry","product_cat-228","desktop-align-left","tablet-align-left","mobile-align-left"],"yoast_head":"<!-- This site is optimized with the Yoast SEO Premium plugin v25.3 (Yoast SEO v25.3) - https:\/\/yoast.com\/wordpress\/plugins\/seo\/ -->\n<title>ST-6000\u6cb9\u58d3\u6d17\u6fa1\u5e8a | SigmaCare<\/title>\n<meta name=\"robots\" content=\"index, follow, max-snippet:-1, max-image-preview:large, max-video-preview:-1\" \/>\n<link rel=\"canonical\" href=\"https:\/\/sigmabed.com\/es\/producto\/st-6000\u6cb9\u58d3\u6d17\u6fa1\u5e8a\/\" \/>\n<meta property=\"og:locale\" content=\"es_ES\" \/>\n<meta property=\"og:type\" content=\"article\" \/>\n<meta property=\"og:title\" content=\"ST-6000\u6cb9\u58d3\u6d17\u6fa1\u5e8a\" \/>\n<meta property=\"og:description\" content=\"\u7522\u54c1\u8aaa\u660e \u9ad8\u54c1\u8cea\u3001\u9ad8\u8377\u91cd\u8a2d\u8a08\uff0c\u6a21\u7d44\u5316\u8a2d\u8a08\uff0c\u6ce8\u91cd\u5b89\u5168\u6027\uff0c\u4fbf\u65bc\u8b77\u7406\u4eba\u54e1\u4f5c\u696d\u3002 \u5c3a\u5bf8\uff1aL1940 x W600 (\u8b77 &hellip; ST-6000\u6cb9\u58d3\u6d17\u6fa1\u5e8a Leer m\u00e1s &raquo;\" \/>\n<meta property=\"og:url\" content=\"https:\/\/sigmabed.com\/es\/producto\/st-6000\u6cb9\u58d3\u6d17\u6fa1\u5e8a\/\" \/>\n<meta property=\"og:site_name\" content=\"SigmaCare\" \/>\n<meta property=\"article:modified_time\" content=\"2024-08-23T06:45:02+00:00\" \/>\n<meta property=\"og:image\" content=\"https:\/\/sigmabed.com\/wp-content\/uploads\/2023\/10\/ST-6000\u65b0\u6b3e_\u53bb\u80cc-3.png\" \/>\n\t<meta property=\"og:image:width\" content=\"955\" \/>\n\t<meta property=\"og:image:height\" content=\"685\" \/>\n\t<meta property=\"og:image:type\" content=\"image\/png\" \/>\n<meta name=\"twitter:card\" content=\"summary_large_image\" \/>\n<meta name=\"twitter:label1\" content=\"Tiempo de lectura\" \/>\n\t<meta name=\"twitter:data1\" content=\"1 minuto\" \/>\n<script type=\"application\/ld+json\" class=\"yoast-schema-graph\">{\"@context\":\"https:\/\/schema.org\",\"@graph\":[{\"@type\":\"WebPage\",\"@id\":\"https:\/\/sigmabed.com\/product\/st-6000%e6%b2%b9%e5%a3%93%e6%b4%97%e6%be%a1%e5%ba%8a\/\",\"url\":\"https:\/\/sigmabed.com\/product\/st-6000%e6%b2%b9%e5%a3%93%e6%b4%97%e6%be%a1%e5%ba%8a\/\",\"name\":\"ST-6000\u6cb9\u58d3\u6d17\u6fa1\u5e8a | SigmaCare\",\"isPartOf\":{\"@id\":\"https:\/\/sigmabed.com\/#website\"},\"primaryImageOfPage\":{\"@id\":\"https:\/\/sigmabed.com\/product\/st-6000%e6%b2%b9%e5%a3%93%e6%b4%97%e6%be%a1%e5%ba%8a\/#primaryimage\"},\"image\":{\"@id\":\"https:\/\/sigmabed.com\/product\/st-6000%e6%b2%b9%e5%a3%93%e6%b4%97%e6%be%a1%e5%ba%8a\/#primaryimage\"},\"thumbnailUrl\":\"https:\/\/sigmabed.com\/wp-content\/uploads\/2023\/10\/ST-6000\u65b0\u6b3e_\u53bb\u80cc-3.png\",\"datePublished\":\"2023-10-18T06:29:41+00:00\",\"dateModified\":\"2024-08-23T06:45:02+00:00\",\"breadcrumb\":{\"@id\":\"https:\/\/sigmabed.com\/product\/st-6000%e6%b2%b9%e5%a3%93%e6%b4%97%e6%be%a1%e5%ba%8a\/#breadcrumb\"},\"inLanguage\":\"es\",\"potentialAction\":[{\"@type\":\"ReadAction\",\"target\":[\"https:\/\/sigmabed.com\/product\/st-6000%e6%b2%b9%e5%a3%93%e6%b4%97%e6%be%a1%e5%ba%8a\/\"]}]},{\"@type\":\"ImageObject\",\"inLanguage\":\"es\",\"@id\":\"https:\/\/sigmabed.com\/product\/st-6000%e6%b2%b9%e5%a3%93%e6%b4%97%e6%be%a1%e5%ba%8a\/#primaryimage\",\"url\":\"https:\/\/sigmabed.com\/wp-content\/uploads\/2023\/10\/ST-6000\u65b0\u6b3e_\u53bb\u80cc-3.png\",\"contentUrl\":\"https:\/\/sigmabed.com\/wp-content\/uploads\/2023\/10\/ST-6000\u65b0\u6b3e_\u53bb\u80cc-3.png\",\"width\":955,\"height\":685},{\"@type\":\"BreadcrumbList\",\"@id\":\"https:\/\/sigmabed.com\/product\/st-6000%e6%b2%b9%e5%a3%93%e6%b4%97%e6%be%a1%e5%ba%8a\/#breadcrumb\",\"itemListElement\":[{\"@type\":\"ListItem\",\"position\":1,\"name\":\"\u9996\u9801\",\"item\":\"https:\/\/sigmabed.com\/\"},{\"@type\":\"ListItem\",\"position\":2,\"name\":\"\u5546\u54c1\",\"item\":\"https:\/\/sigmabed.com\/product-or\/\"},{\"@type\":\"ListItem\",\"position\":3,\"name\":\"ST-6000\u6cb9\u58d3\u6d17\u6fa1\u5e8a\"}]},{\"@type\":\"WebSite\",\"@id\":\"https:\/\/sigmabed.com\/#website\",\"url\":\"https:\/\/sigmabed.com\/\",\"name\":\"SigmaCare\",\"description\":\"\u91ab\u7642\u5e8a\u5c08\u5bb6\",\"publisher\":{\"@id\":\"https:\/\/sigmabed.com\/#organization\"},\"potentialAction\":[{\"@type\":\"SearchAction\",\"target\":{\"@type\":\"EntryPoint\",\"urlTemplate\":\"https:\/\/sigmabed.com\/?s={search_term_string}\"},\"query-input\":{\"@type\":\"PropertyValueSpecification\",\"valueRequired\":true,\"valueName\":\"search_term_string\"}}],\"inLanguage\":\"es\"},{\"@type\":\"Organization\",\"@id\":\"https:\/\/sigmabed.com\/#organization\",\"name\":\"\u4e9e\u8b77\u958b\u767c\u80a1\u4efd\u6709\u9650\u516c\u53f8\",\"alternateName\":\"SigmaCare\",\"url\":\"https:\/\/sigmabed.com\/\",\"logo\":{\"@type\":\"ImageObject\",\"inLanguage\":\"es\",\"@id\":\"https:\/\/sigmabed.com\/#\/schema\/logo\/image\/\",\"url\":\"https:\/\/sigmabed.com\/wp-content\/uploads\/2023\/07\/cropped-Sigma-Care-icon.png\",\"contentUrl\":\"https:\/\/sigmabed.com\/wp-content\/uploads\/2023\/07\/cropped-Sigma-Care-icon.png\",\"width\":512,\"height\":512,\"caption\":\"\u4e9e\u8b77\u958b\u767c\u80a1\u4efd\u6709\u9650\u516c\u53f8\"},\"image\":{\"@id\":\"https:\/\/sigmabed.com\/#\/schema\/logo\/image\/\"}}]}<\/script>\n<!-- \/ Yoast SEO Premium plugin. -->","yoast_head_json":{"title":"ST-6000\u6cb9\u58d3\u6d17\u6fa1\u5e8a | SigmaCare","robots":{"index":"index","follow":"follow","max-snippet":"max-snippet:-1","max-image-preview":"max-image-preview:large","max-video-preview":"max-video-preview:-1"},"canonical":"https:\/\/sigmabed.com\/es\/producto\/st-6000\u6cb9\u58d3\u6d17\u6fa1\u5e8a\/","og_locale":"es_ES","og_type":"article","og_title":"ST-6000\u6cb9\u58d3\u6d17\u6fa1\u5e8a","og_description":"\u7522\u54c1\u8aaa\u660e \u9ad8\u54c1\u8cea\u3001\u9ad8\u8377\u91cd\u8a2d\u8a08\uff0c\u6a21\u7d44\u5316\u8a2d\u8a08\uff0c\u6ce8\u91cd\u5b89\u5168\u6027\uff0c\u4fbf\u65bc\u8b77\u7406\u4eba\u54e1\u4f5c\u696d\u3002 \u5c3a\u5bf8\uff1aL1940 x W600 (\u8b77 &hellip; ST-6000\u6cb9\u58d3\u6d17\u6fa1\u5e8a Leer m\u00e1s &raquo;","og_url":"https:\/\/sigmabed.com\/es\/producto\/st-6000\u6cb9\u58d3\u6d17\u6fa1\u5e8a\/","og_site_name":"SigmaCare","article_modified_time":"2024-08-23T06:45:02+00:00","og_image":[{"width":955,"height":685,"url":"https:\/\/sigmabed.com\/wp-content\/uploads\/2023\/10\/ST-6000\u65b0\u6b3e_\u53bb\u80cc-3.png","type":"image\/png"}],"twitter_card":"summary_large_image","twitter_misc":{"Tiempo de lectura":"1 minuto"},"schema":{"@context":"https:\/\/schema.org","@graph":[{"@type":"WebPage","@id":"https:\/\/sigmabed.com\/product\/st-6000%e6%b2%b9%e5%a3%93%e6%b4%97%e6%be%a1%e5%ba%8a\/","url":"https:\/\/sigmabed.com\/product\/st-6000%e6%b2%b9%e5%a3%93%e6%b4%97%e6%be%a1%e5%ba%8a\/","name":"ST-6000\u6cb9\u58d3\u6d17\u6fa1\u5e8a | SigmaCare","isPartOf":{"@id":"https:\/\/sigmabed.com\/#website"},"primaryImageOfPage":{"@id":"https:\/\/sigmabed.com\/product\/st-6000%e6%b2%b9%e5%a3%93%e6%b4%97%e6%be%a1%e5%ba%8a\/#primaryimage"},"image":{"@id":"https:\/\/sigmabed.com\/product\/st-6000%e6%b2%b9%e5%a3%93%e6%b4%97%e6%be%a1%e5%ba%8a\/#primaryimage"},"thumbnailUrl":"https:\/\/sigmabed.com\/wp-content\/uploads\/2023\/10\/ST-6000\u65b0\u6b3e_\u53bb\u80cc-3.png","datePublished":"2023-10-18T06:29:41+00:00","dateModified":"2024-08-23T06:45:02+00:00","breadcrumb":{"@id":"https:\/\/sigmabed.com\/product\/st-6000%e6%b2%b9%e5%a3%93%e6%b4%97%e6%be%a1%e5%ba%8a\/#breadcrumb"},"inLanguage":"es","potentialAction":[{"@type":"ReadAction","target":["https:\/\/sigmabed.com\/product\/st-6000%e6%b2%b9%e5%a3%93%e6%b4%97%e6%be%a1%e5%ba%8a\/"]}]},{"@type":"ImageObject","inLanguage":"es","@id":"https:\/\/sigmabed.com\/product\/st-6000%e6%b2%b9%e5%a3%93%e6%b4%97%e6%be%a1%e5%ba%8a\/#primaryimage","url":"https:\/\/sigmabed.com\/wp-content\/uploads\/2023\/10\/ST-6000\u65b0\u6b3e_\u53bb\u80cc-3.png","contentUrl":"https:\/\/sigmabed.com\/wp-content\/uploads\/2023\/10\/ST-6000\u65b0\u6b3e_\u53bb\u80cc-3.png","width":955,"height":685},{"@type":"BreadcrumbList","@id":"https:\/\/sigmabed.com\/product\/st-6000%e6%b2%b9%e5%a3%93%e6%b4%97%e6%be%a1%e5%ba%8a\/#breadcrumb","itemListElement":[{"@type":"ListItem","position":1,"name":"\u9996\u9801","item":"https:\/\/sigmabed.com\/"},{"@type":"ListItem","position":2,"name":"\u5546\u54c1","item":"https:\/\/sigmabed.com\/product-or\/"},{"@type":"ListItem","position":3,"name":"ST-6000\u6cb9\u58d3\u6d17\u6fa1\u5e8a"}]},{"@type":"WebSite","@id":"https:\/\/sigmabed.com\/#website","url":"https:\/\/sigmabed.com\/","name":"SigmaCare","description":"\u91ab\u7642\u5e8a\u5c08\u5bb6","publisher":{"@id":"https:\/\/sigmabed.com\/#organization"},"potentialAction":[{"@type":"SearchAction","target":{"@type":"EntryPoint","urlTemplate":"https:\/\/sigmabed.com\/?s={search_term_string}"},"query-input":{"@type":"PropertyValueSpecification","valueRequired":true,"valueName":"search_term_string"}}],"inLanguage":"es"},{"@type":"Organization","@id":"https:\/\/sigmabed.com\/#organization","name":"\u4e9e\u8b77\u958b\u767c\u80a1\u4efd\u6709\u9650\u516c\u53f8","alternateName":"SigmaCare","url":"https:\/\/sigmabed.com\/","logo":{"@type":"ImageObject","inLanguage":"es","@id":"https:\/\/sigmabed.com\/#\/schema\/logo\/image\/","url":"https:\/\/sigmabed.com\/wp-content\/uploads\/2023\/07\/cropped-Sigma-Care-icon.png","contentUrl":"https:\/\/sigmabed.com\/wp-content\/uploads\/2023\/07\/cropped-Sigma-Care-icon.png","width":512,"height":512,"caption":"\u4e9e\u8b77\u958b\u767c\u80a1\u4efd\u6709\u9650\u516c\u53f8"},"image":{"@id":"https:\/\/sigmabed.com\/#\/schema\/logo\/image\/"}}]}},"_links":{"self":[{"href":"https:\/\/sigmabed.com\/es\/wp-json\/wp\/v2\/product\/3278","targetHints":{"allow":["GET"]}}],"collection":[{"href":"https:\/\/sigmabed.com\/es\/wp-json\/wp\/v2\/product"}],"about":[{"href":"https:\/\/sigmabed.com\/es\/wp-json\/wp\/v2\/types\/product"}],"version-history":[{"count":0,"href":"https:\/\/sigmabed.com\/es\/wp-json\/wp\/v2\/product\/3278\/revisions"}],"wp:featuredmedia":[{"embeddable":true,"href":"https:\/\/sigmabed.com\/es\/wp-json\/wp\/v2\/media\/5369"}],"wp:attachment":[{"href":"https:\/\/sigmabed.com\/es\/wp-json\/wp\/v2\/media?parent=3278"}],"wp:term":[{"taxonomy":"product_cat","embeddable":true,"href":"https:\/\/sigmabed.com\/es\/wp-json\/wp\/v2\/product_cat?post=3278"},{"taxonomy":"product_tag","embeddable":true,"href":"https:\/\/sigmabed.com\/es\/wp-json\/wp\/v2\/product_tag?post=3278"}],"curies":[{"name":"wp","href":"https:\/\/api.w.org\/{rel}","templated":true}]}}