{"id":3213,"date":"2023-10-18T11:34:20","date_gmt":"2023-10-18T03:34:20","guid":{"rendered":"https:\/\/sigmabed.spacecraft.com.tw\/?post_type=product&#038;p=3213"},"modified":"2023-10-18T11:34:21","modified_gmt":"2023-10-18T03:34:21","slug":"bt-500%e5%a4%9a%e5%8a%9f%e8%83%bd%e5%96%ae%e6%b2%b9%e5%a3%93%e6%8e%a8%e5%ba%8a","status":"publish","type":"product","link":"https:\/\/sigmabed.com\/es\/product\/bt-500%e5%a4%9a%e5%8a%9f%e8%83%bd%e5%96%ae%e6%b2%b9%e5%a3%93%e6%8e%a8%e5%ba%8a\/","title":{"rendered":"Cama de empuje hidr\u00e1ulica simple multifuncional BT-500"},"content":{"rendered":"<p>Panel de pierna: 0-40 grados (transmisi\u00f3n basculante)<br \/>\nAjuste de altura: 550-970 mm<br \/>\nAjuste de inclinaci\u00f3n: +25 grados<br \/>\nSuperficie del panel: panel de cama de cuatro secciones<br \/>\nEstructura de la cama: Acero con recubrimiento en polvo electrost\u00e1tico antibacteriano.<br \/>\nBarandilla: barandilla de ABS completamente cubierta<br \/>\nRuedas de la plataforma: ruedas m\u00f3viles de 8&quot;: incluida la funci\u00f3n de frenado central<br \/>\nColch\u00f3n: colch\u00f3n de espuma de alta densidad de 3\u201d<br \/>\nSoporte de goteo de dos secciones<br \/>\nCarga de seguridad: m\u00e1s de 225 KG<\/p>\n<p>Dise\u00f1o de cilindro hidr\u00e1ulico \u00fanico<br \/>\nPedales de control hidr\u00e1ulico a ambos lados de la cama.<br \/>\nCuatro juegos de frenos controlados centralmente en la cama - pedales de control direccional<br \/>\nLas cuatro esquinas de la cama est\u00e1n dise\u00f1adas con ruedas anticolisi\u00f3n.<br \/>\nCubierta de pl\u00e1stico reforzado con ABS integrada debajo de la cama.<br \/>\nCubierta inferior de la cama, ranura para almacenamiento de botellas de ox\u00edgeno y dise\u00f1o de ranura para almacenamiento de zapatos.<\/p>\n<p>Comercio:<br \/>\n(1) Panel de rayos X en la parte posterior<br \/>\n(2) Panel de rayos X transparente de cuerpo entero<br \/>\n(3) Barandilla de aleaci\u00f3n de aluminio completamente cubierta<\/p>","protected":false},"excerpt":{"rendered":"<p>Panel de patas: 0-40 grados (transmisi\u00f3n basculante) Ajuste de altura: 550-970 mm Ajuste de inclinaci\u00f3n: +25 grados Superficie del panel: Panel de cama de cuatro secciones...<\/p>\n<p class=\"read-more\"> <a class=\"\" href=\"https:\/\/sigmabed.com\/es\/product\/bt-500%e5%a4%9a%e5%8a%9f%e8%83%bd%e5%96%ae%e6%b2%b9%e5%a3%93%e6%8e%a8%e5%ba%8a\/\"> <span class=\"screen-reader-text\">Cama de empuje hidr\u00e1ulica simple multifuncional BT-500<\/span> Leer m\u00e1s \u00bb<\/a><\/p>","protected":false},"featured_media":3221,"template":"","meta":{"site-sidebar-layout":"default","site-content-layout":"default","ast-global-header-display":"","ast-banner-title-visibility":"","ast-main-header-display":"","ast-hfb-above-header-display":"","ast-hfb-below-header-display":"","ast-hfb-mobile-header-display":"","site-post-title":"","ast-breadcrumbs-content":"","ast-featured-img":"","footer-sml-layout":"","theme-transparent-header-meta":"default","adv-header-id-meta":"","stick-header-meta":"","header-above-stick-meta":"","header-main-stick-meta":"","header-below-stick-meta":""},"product_cat":[214],"product_tag":[],"class_list":["post-3213","product","type-product","status-publish","has-post-thumbnail","hentry","product_cat-214","desktop-align-left","tablet-align-left","mobile-align-left"],"yoast_head":"<!-- This site is optimized with the Yoast SEO Premium plugin v25.3 (Yoast SEO v25.3) - https:\/\/yoast.com\/wordpress\/plugins\/seo\/ -->\n<title>BT-500\u591a\u529f\u80fd\u55ae\u6cb9\u58d3\u63a8\u5e8a | SigmaCare<\/title>\n<meta name=\"robots\" content=\"index, follow, max-snippet:-1, max-image-preview:large, max-video-preview:-1\" \/>\n<link rel=\"canonical\" href=\"https:\/\/sigmabed.com\/es\/producto\/bt-500\u591a\u529f\u80fd\u55ae\u6cb9\u58d3\u63a8\u5e8a\/\" \/>\n<meta property=\"og:locale\" content=\"es_ES\" \/>\n<meta property=\"og:type\" content=\"article\" \/>\n<meta property=\"og:title\" content=\"BT-500\u591a\u529f\u80fd\u55ae\u6cb9\u58d3\u63a8\u5e8a\" \/>\n<meta property=\"og:description\" content=\"\u817f\u90e8\u9762\u677f:0-40\u5ea6(\u6416\u687f\u50b3\u52d5) \u9ad8\u5ea6\u8abf\u6574:550-970mm \u50be\u659c\u8abf\u6574 :+25\u5ea6 \u9762\u677f\u8868\u9762:\u56db\u7bc0\u5f0f\u5e8a\u9762\u677f &hellip; BT-500\u591a\u529f\u80fd\u55ae\u6cb9\u58d3\u63a8\u5e8a Leer m\u00e1s &raquo;\" \/>\n<meta property=\"og:url\" content=\"https:\/\/sigmabed.com\/es\/producto\/bt-500\u591a\u529f\u80fd\u55ae\u6cb9\u58d3\u63a8\u5e8a\/\" \/>\n<meta property=\"og:site_name\" content=\"SigmaCare\" \/>\n<meta property=\"article:modified_time\" content=\"2023-10-18T03:34:21+00:00\" \/>\n<meta property=\"og:image\" content=\"https:\/\/sigmabed.com\/wp-content\/uploads\/2023\/10\/BT-500\u591a\u529f\u80fd\u55ae\u6cb9\u58d3\u63a8\u5e8a.jpg\" \/>\n\t<meta property=\"og:image:width\" content=\"800\" \/>\n\t<meta property=\"og:image:height\" content=\"800\" \/>\n\t<meta property=\"og:image:type\" content=\"image\/jpeg\" \/>\n<meta name=\"twitter:card\" content=\"summary_large_image\" \/>\n<script type=\"application\/ld+json\" class=\"yoast-schema-graph\">{\"@context\":\"https:\/\/schema.org\",\"@graph\":[{\"@type\":\"WebPage\",\"@id\":\"https:\/\/sigmabed.com\/product\/bt-500%e5%a4%9a%e5%8a%9f%e8%83%bd%e5%96%ae%e6%b2%b9%e5%a3%93%e6%8e%a8%e5%ba%8a\/\",\"url\":\"https:\/\/sigmabed.com\/product\/bt-500%e5%a4%9a%e5%8a%9f%e8%83%bd%e5%96%ae%e6%b2%b9%e5%a3%93%e6%8e%a8%e5%ba%8a\/\",\"name\":\"BT-500\u591a\u529f\u80fd\u55ae\u6cb9\u58d3\u63a8\u5e8a | SigmaCare\",\"isPartOf\":{\"@id\":\"https:\/\/sigmabed.com\/#website\"},\"primaryImageOfPage\":{\"@id\":\"https:\/\/sigmabed.com\/product\/bt-500%e5%a4%9a%e5%8a%9f%e8%83%bd%e5%96%ae%e6%b2%b9%e5%a3%93%e6%8e%a8%e5%ba%8a\/#primaryimage\"},\"image\":{\"@id\":\"https:\/\/sigmabed.com\/product\/bt-500%e5%a4%9a%e5%8a%9f%e8%83%bd%e5%96%ae%e6%b2%b9%e5%a3%93%e6%8e%a8%e5%ba%8a\/#primaryimage\"},\"thumbnailUrl\":\"https:\/\/sigmabed.com\/wp-content\/uploads\/2023\/10\/BT-500\u591a\u529f\u80fd\u55ae\u6cb9\u58d3\u63a8\u5e8a.jpg\",\"datePublished\":\"2023-10-18T03:34:20+00:00\",\"dateModified\":\"2023-10-18T03:34:21+00:00\",\"breadcrumb\":{\"@id\":\"https:\/\/sigmabed.com\/product\/bt-500%e5%a4%9a%e5%8a%9f%e8%83%bd%e5%96%ae%e6%b2%b9%e5%a3%93%e6%8e%a8%e5%ba%8a\/#breadcrumb\"},\"inLanguage\":\"es\",\"potentialAction\":[{\"@type\":\"ReadAction\",\"target\":[\"https:\/\/sigmabed.com\/product\/bt-500%e5%a4%9a%e5%8a%9f%e8%83%bd%e5%96%ae%e6%b2%b9%e5%a3%93%e6%8e%a8%e5%ba%8a\/\"]}]},{\"@type\":\"ImageObject\",\"inLanguage\":\"es\",\"@id\":\"https:\/\/sigmabed.com\/product\/bt-500%e5%a4%9a%e5%8a%9f%e8%83%bd%e5%96%ae%e6%b2%b9%e5%a3%93%e6%8e%a8%e5%ba%8a\/#primaryimage\",\"url\":\"https:\/\/sigmabed.com\/wp-content\/uploads\/2023\/10\/BT-500\u591a\u529f\u80fd\u55ae\u6cb9\u58d3\u63a8\u5e8a.jpg\",\"contentUrl\":\"https:\/\/sigmabed.com\/wp-content\/uploads\/2023\/10\/BT-500\u591a\u529f\u80fd\u55ae\u6cb9\u58d3\u63a8\u5e8a.jpg\",\"width\":800,\"height\":800},{\"@type\":\"BreadcrumbList\",\"@id\":\"https:\/\/sigmabed.com\/product\/bt-500%e5%a4%9a%e5%8a%9f%e8%83%bd%e5%96%ae%e6%b2%b9%e5%a3%93%e6%8e%a8%e5%ba%8a\/#breadcrumb\",\"itemListElement\":[{\"@type\":\"ListItem\",\"position\":1,\"name\":\"\u9996\u9801\",\"item\":\"https:\/\/sigmabed.com\/\"},{\"@type\":\"ListItem\",\"position\":2,\"name\":\"\u5546\u54c1\",\"item\":\"https:\/\/sigmabed.com\/product-or\/\"},{\"@type\":\"ListItem\",\"position\":3,\"name\":\"BT-500\u591a\u529f\u80fd\u55ae\u6cb9\u58d3\u63a8\u5e8a\"}]},{\"@type\":\"WebSite\",\"@id\":\"https:\/\/sigmabed.com\/#website\",\"url\":\"https:\/\/sigmabed.com\/\",\"name\":\"SigmaCare\",\"description\":\"\u91ab\u7642\u5e8a\u5c08\u5bb6\",\"publisher\":{\"@id\":\"https:\/\/sigmabed.com\/#organization\"},\"potentialAction\":[{\"@type\":\"SearchAction\",\"target\":{\"@type\":\"EntryPoint\",\"urlTemplate\":\"https:\/\/sigmabed.com\/?s={search_term_string}\"},\"query-input\":{\"@type\":\"PropertyValueSpecification\",\"valueRequired\":true,\"valueName\":\"search_term_string\"}}],\"inLanguage\":\"es\"},{\"@type\":\"Organization\",\"@id\":\"https:\/\/sigmabed.com\/#organization\",\"name\":\"\u4e9e\u8b77\u958b\u767c\u80a1\u4efd\u6709\u9650\u516c\u53f8\",\"alternateName\":\"SigmaCare\",\"url\":\"https:\/\/sigmabed.com\/\",\"logo\":{\"@type\":\"ImageObject\",\"inLanguage\":\"es\",\"@id\":\"https:\/\/sigmabed.com\/#\/schema\/logo\/image\/\",\"url\":\"https:\/\/sigmabed.com\/wp-content\/uploads\/2023\/07\/cropped-Sigma-Care-icon.png\",\"contentUrl\":\"https:\/\/sigmabed.com\/wp-content\/uploads\/2023\/07\/cropped-Sigma-Care-icon.png\",\"width\":512,\"height\":512,\"caption\":\"\u4e9e\u8b77\u958b\u767c\u80a1\u4efd\u6709\u9650\u516c\u53f8\"},\"image\":{\"@id\":\"https:\/\/sigmabed.com\/#\/schema\/logo\/image\/\"}}]}<\/script>\n<!-- \/ Yoast SEO Premium plugin. -->","yoast_head_json":{"title":"BT-500\u591a\u529f\u80fd\u55ae\u6cb9\u58d3\u63a8\u5e8a | SigmaCare","robots":{"index":"index","follow":"follow","max-snippet":"max-snippet:-1","max-image-preview":"max-image-preview:large","max-video-preview":"max-video-preview:-1"},"canonical":"https:\/\/sigmabed.com\/es\/producto\/bt-500\u591a\u529f\u80fd\u55ae\u6cb9\u58d3\u63a8\u5e8a\/","og_locale":"es_ES","og_type":"article","og_title":"BT-500\u591a\u529f\u80fd\u55ae\u6cb9\u58d3\u63a8\u5e8a","og_description":"\u817f\u90e8\u9762\u677f:0-40\u5ea6(\u6416\u687f\u50b3\u52d5) \u9ad8\u5ea6\u8abf\u6574:550-970mm \u50be\u659c\u8abf\u6574 :+25\u5ea6 \u9762\u677f\u8868\u9762:\u56db\u7bc0\u5f0f\u5e8a\u9762\u677f &hellip; BT-500\u591a\u529f\u80fd\u55ae\u6cb9\u58d3\u63a8\u5e8a Leer m\u00e1s &raquo;","og_url":"https:\/\/sigmabed.com\/es\/producto\/bt-500\u591a\u529f\u80fd\u55ae\u6cb9\u58d3\u63a8\u5e8a\/","og_site_name":"SigmaCare","article_modified_time":"2023-10-18T03:34:21+00:00","og_image":[{"width":800,"height":800,"url":"https:\/\/sigmabed.com\/wp-content\/uploads\/2023\/10\/BT-500\u591a\u529f\u80fd\u55ae\u6cb9\u58d3\u63a8\u5e8a.jpg","type":"image\/jpeg"}],"twitter_card":"summary_large_image","schema":{"@context":"https:\/\/schema.org","@graph":[{"@type":"WebPage","@id":"https:\/\/sigmabed.com\/product\/bt-500%e5%a4%9a%e5%8a%9f%e8%83%bd%e5%96%ae%e6%b2%b9%e5%a3%93%e6%8e%a8%e5%ba%8a\/","url":"https:\/\/sigmabed.com\/product\/bt-500%e5%a4%9a%e5%8a%9f%e8%83%bd%e5%96%ae%e6%b2%b9%e5%a3%93%e6%8e%a8%e5%ba%8a\/","name":"BT-500\u591a\u529f\u80fd\u55ae\u6cb9\u58d3\u63a8\u5e8a | SigmaCare","isPartOf":{"@id":"https:\/\/sigmabed.com\/#website"},"primaryImageOfPage":{"@id":"https:\/\/sigmabed.com\/product\/bt-500%e5%a4%9a%e5%8a%9f%e8%83%bd%e5%96%ae%e6%b2%b9%e5%a3%93%e6%8e%a8%e5%ba%8a\/#primaryimage"},"image":{"@id":"https:\/\/sigmabed.com\/product\/bt-500%e5%a4%9a%e5%8a%9f%e8%83%bd%e5%96%ae%e6%b2%b9%e5%a3%93%e6%8e%a8%e5%ba%8a\/#primaryimage"},"thumbnailUrl":"https:\/\/sigmabed.com\/wp-content\/uploads\/2023\/10\/BT-500\u591a\u529f\u80fd\u55ae\u6cb9\u58d3\u63a8\u5e8a.jpg","datePublished":"2023-10-18T03:34:20+00:00","dateModified":"2023-10-18T03:34:21+00:00","breadcrumb":{"@id":"https:\/\/sigmabed.com\/product\/bt-500%e5%a4%9a%e5%8a%9f%e8%83%bd%e5%96%ae%e6%b2%b9%e5%a3%93%e6%8e%a8%e5%ba%8a\/#breadcrumb"},"inLanguage":"es","potentialAction":[{"@type":"ReadAction","target":["https:\/\/sigmabed.com\/product\/bt-500%e5%a4%9a%e5%8a%9f%e8%83%bd%e5%96%ae%e6%b2%b9%e5%a3%93%e6%8e%a8%e5%ba%8a\/"]}]},{"@type":"ImageObject","inLanguage":"es","@id":"https:\/\/sigmabed.com\/product\/bt-500%e5%a4%9a%e5%8a%9f%e8%83%bd%e5%96%ae%e6%b2%b9%e5%a3%93%e6%8e%a8%e5%ba%8a\/#primaryimage","url":"https:\/\/sigmabed.com\/wp-content\/uploads\/2023\/10\/BT-500\u591a\u529f\u80fd\u55ae\u6cb9\u58d3\u63a8\u5e8a.jpg","contentUrl":"https:\/\/sigmabed.com\/wp-content\/uploads\/2023\/10\/BT-500\u591a\u529f\u80fd\u55ae\u6cb9\u58d3\u63a8\u5e8a.jpg","width":800,"height":800},{"@type":"BreadcrumbList","@id":"https:\/\/sigmabed.com\/product\/bt-500%e5%a4%9a%e5%8a%9f%e8%83%bd%e5%96%ae%e6%b2%b9%e5%a3%93%e6%8e%a8%e5%ba%8a\/#breadcrumb","itemListElement":[{"@type":"ListItem","position":1,"name":"\u9996\u9801","item":"https:\/\/sigmabed.com\/"},{"@type":"ListItem","position":2,"name":"\u5546\u54c1","item":"https:\/\/sigmabed.com\/product-or\/"},{"@type":"ListItem","position":3,"name":"BT-500\u591a\u529f\u80fd\u55ae\u6cb9\u58d3\u63a8\u5e8a"}]},{"@type":"WebSite","@id":"https:\/\/sigmabed.com\/#website","url":"https:\/\/sigmabed.com\/","name":"SigmaCare","description":"\u91ab\u7642\u5e8a\u5c08\u5bb6","publisher":{"@id":"https:\/\/sigmabed.com\/#organization"},"potentialAction":[{"@type":"SearchAction","target":{"@type":"EntryPoint","urlTemplate":"https:\/\/sigmabed.com\/?s={search_term_string}"},"query-input":{"@type":"PropertyValueSpecification","valueRequired":true,"valueName":"search_term_string"}}],"inLanguage":"es"},{"@type":"Organization","@id":"https:\/\/sigmabed.com\/#organization","name":"\u4e9e\u8b77\u958b\u767c\u80a1\u4efd\u6709\u9650\u516c\u53f8","alternateName":"SigmaCare","url":"https:\/\/sigmabed.com\/","logo":{"@type":"ImageObject","inLanguage":"es","@id":"https:\/\/sigmabed.com\/#\/schema\/logo\/image\/","url":"https:\/\/sigmabed.com\/wp-content\/uploads\/2023\/07\/cropped-Sigma-Care-icon.png","contentUrl":"https:\/\/sigmabed.com\/wp-content\/uploads\/2023\/07\/cropped-Sigma-Care-icon.png","width":512,"height":512,"caption":"\u4e9e\u8b77\u958b\u767c\u80a1\u4efd\u6709\u9650\u516c\u53f8"},"image":{"@id":"https:\/\/sigmabed.com\/#\/schema\/logo\/image\/"}}]}},"_links":{"self":[{"href":"https:\/\/sigmabed.com\/es\/wp-json\/wp\/v2\/product\/3213","targetHints":{"allow":["GET"]}}],"collection":[{"href":"https:\/\/sigmabed.com\/es\/wp-json\/wp\/v2\/product"}],"about":[{"href":"https:\/\/sigmabed.com\/es\/wp-json\/wp\/v2\/types\/product"}],"version-history":[{"count":0,"href":"https:\/\/sigmabed.com\/es\/wp-json\/wp\/v2\/product\/3213\/revisions"}],"wp:featuredmedia":[{"embeddable":true,"href":"https:\/\/sigmabed.com\/es\/wp-json\/wp\/v2\/media\/3221"}],"wp:attachment":[{"href":"https:\/\/sigmabed.com\/es\/wp-json\/wp\/v2\/media?parent=3213"}],"wp:term":[{"taxonomy":"product_cat","embeddable":true,"href":"https:\/\/sigmabed.com\/es\/wp-json\/wp\/v2\/product_cat?post=3213"},{"taxonomy":"product_tag","embeddable":true,"href":"https:\/\/sigmabed.com\/es\/wp-json\/wp\/v2\/product_tag?post=3213"}],"curies":[{"name":"wp","href":"https:\/\/api.w.org\/{rel}","templated":true}]}}